{"id":57,"date":"2019-05-13T09:43:26","date_gmt":"2019-05-13T07:43:26","guid":{"rendered":"https:\/\/santediabete.labubulle.com\/?page_id=57"},"modified":"2024-06-10T19:30:22","modified_gmt":"2024-06-10T17:30:22","slug":"sante-diabete-en-action","status":"publish","type":"page","link":"https:\/\/santediabete.org\/en_en\/sante-diabete-en-action\/","title":{"rendered":"Sant\u00e9 Diab\u00e8te in action"},"content":{"rendered":"<h1>\n\t\t\n\t<\/h1>\n\t<p><strong>Pour d\u00e9velopper des politiques publiques fortes et renforcer durablement le syst\u00e8me de sant\u00e9, l&rsquo;ONG intervient avec l&rsquo;ensemble de ses partenaires pour une meilleure pr\u00e9vention et prise en charge de qualit\u00e9 du diab\u00e8te.<\/strong><\/p>\n<p><strong>Cette approche globale novatrice se concr\u00e9tise en pratique par le d\u00e9veloppement de 6 volets : pr\u00e9vention, acc\u00e8s aux soins, \u00e9ducation th\u00e9rapeutique, acc\u00e8s aux traitements, renforcement du r\u00f4le des organisations de la soci\u00e9t\u00e9 civile, \u00a0et mise en oeuvre d&rsquo;actions\u00a0dans la recherche.\u00a0<\/strong><\/p>\n<h2>\n\t\tNos domaines d&rsquo;expertises\n\t<\/h2>\n\t\t\t\t<img decoding=\"async\" src=\"https:\/\/santediabete.org\/wp-content\/uploads\/2019\/07\/education.svg\" alt=\"education\" \/>\n\t\t\t\t\t<h4>PRIMARY PREVENTION<\/h4>\n\t\t\t\t\t<p>Urbanisation, modification des habitudes alimentaires, baisse de l&rsquo;activit\u00e9 physique&#8230;. Le surpoids et l&rsquo;ob\u00e9sit\u00e9 sont des r\u00e9alit\u00e9s en Afrique (15% des femmes en \u00e2ge de procr\u00e9er sont ob\u00e8ses). Sensibiliser les populations et encourager les changements de comportement pour limiter l&rsquo;apparition des facteurs de risques du diab\u00e8te est au c\u0153ur de notre mission.<\/p>\t\t\t\t\n\t\t\t\t<img decoding=\"async\" src=\"https:\/\/santediabete.org\/wp-content\/uploads\/2019\/07\/medecin.svg\" alt=\"medecin\" \/>\n\t\t\t\t\t<h4>Renforcement de l&rsquo;offre de soins<\/h4>\n\t\t\t\t\t<p>Pour \u00eatre efficace, une prise en charge de qualit\u00e9 du diab\u00e8te et de ses complications n\u00e9cessite un syst\u00e8me de sant\u00e9 performant et d\u00e9centralis\u00e9. Nous formons des personnels de sant\u00e9 de qualit\u00e9, et en nombre suffisant et nous contribuons au renforcement des plateaux techniques pour que les personnes atteintes de diab\u00e8te puissent vivre avec leur maladie o\u00f9 qu&rsquo;elles soient dans nos pays d&rsquo;interventions.<\/p>\t\t\t\t\n\t\t\t\t<img decoding=\"async\" src=\"https:\/\/santediabete.org\/wp-content\/uploads\/2019\/07\/education.svg\" alt=\"education\" \/>\n\t\t\t\t\t<h4>Therapeutic education<\/h4>\n\t\t\t\t\t<p>Le caract\u00e8re chronique du diab\u00e8te exige que le patient soit acteur de sa sant\u00e9 afin de g\u00e9rer au mieux son diab\u00e8te et d&rsquo;\u00e9viter les complications associ\u00e9es. Nous formons les personnels de sant\u00e9 \u00e0 l&rsquo;\u00e9ducation th\u00e9rapeutique pour que toutes les personnes suivies aient les comp\u00e9tences n\u00e9cessaires pour g\u00e9rer aussi bien que possible leur vie avec un diab\u00e8te.<\/p>\t\t\t\t\n\t\t\t\t<img decoding=\"async\" src=\"https:\/\/santediabete.org\/wp-content\/uploads\/2019\/07\/traitement.svg\" alt=\"traitement\" \/>\n\t\t\t\t\t<h4>SUPPORT PUBLIC HEALTH POLICIES<\/h4>\n\t\t\t\t\t<p>Afin d&rsquo;int\u00e9grer la pr\u00e9vention et la prise en charge du diab\u00e8te dans un cadre durable, nous travaillons en \u00e9troite relation avec les institutions publiques afin de faciliter sa prise en compte au niveau des politiques nationales en sant\u00e9 (MNTs, nutrition, sant\u00e9 maternelle et infantile, etc.).<\/p>\t\t\t\t\n\t\t\t\t<img decoding=\"async\" src=\"https:\/\/santediabete.org\/wp-content\/uploads\/2019\/07\/medicaments.svg\" alt=\"medicaments\" \/>\n\t\t\t\t\t<h4>ACCESS TO MEDICINES<\/h4>\n\t\t\t\t\t<p>Les prix souvent prohibitifs et la faible disponibilit\u00e9 des mol\u00e9cules constituent un enjeu majeur en Afrique. En lien avec les Minist\u00e8res de la sant\u00e9 et les pharmacies centrales, nous \u0153uvrons pour faciliter l&rsquo;acc\u00e8s aux traitements des patients.<\/p>\t\t\t\t\n\t\t\t\t<img decoding=\"async\" src=\"https:\/\/santediabete.org\/wp-content\/uploads\/2019\/07\/diplome.svg\" alt=\"diplome\" \/>\n\t\t\t\t\t<h4>DEVELOPMENT OF UNIVERSITY GRADUATE TRAINING<\/h4>\n\t\t\t\t\t<p>High-quality initial training and regular continuing education for healthcare professionals are vital to strengthening the health system.<\/p>\t\t\t\t\n\t\t\t\t<img decoding=\"async\" src=\"https:\/\/santediabete.org\/wp-content\/uploads\/2019\/07\/malades.svg\" alt=\"malades\" \/>\n\t\t\t\t\t<h4>STRENGTHENING CIVIL SOCIETY<\/h4>\n\t\t\t\t\t<p>Les associations de patients et de professionnels de sant\u00e9 repr\u00e9sentent un v\u00e9ritable levier local dans la construction d&rsquo;une prise en charge et d&rsquo;une lutte contre le diab\u00e8te adapt\u00e9es aux besoins des patients et aux exigences nationales. Nous \u0153uvrons \u00e0 leur structuration, les aidons \u00e0 d\u00e9velopper leurs capacit\u00e9s de mobilisation, de communication et de plaidoyer afin qu&rsquo;elles jouent un r\u00f4le central dans la lutte contre le diab\u00e8te.<\/p>\t\t\t\t\n\t\t\t\t<img decoding=\"async\" src=\"https:\/\/santediabete.org\/wp-content\/uploads\/2019\/07\/recherche.svg\" alt=\"recherche\" \/>\n\t\t\t\t\t<h4>Research<\/h4>\n\t\t\t\t\t<p>\u00c0 travers nos activit\u00e9s de terrain, nous avons acc\u00e8s \u00e0 une grande quantit\u00e9 de donn\u00e9es fiables, utiles \u00e0 une meilleure compr\u00e9hension de la prise en charge du diab\u00e8te en situation de ressources limit\u00e9es et n\u00e9cessaires \u00e0 la capitalisation d&rsquo;actions pilotes de lutte contre le diab\u00e8te en Afrique. Afin de les valoriser, nous d\u00e9veloppons de nombreux projets de recherche en collaboration avec des structures et des professionnels de sant\u00e9, des universit\u00e9s et des centres de recherche internationaux.<\/p>\t\t\t\t\n\t\t\t\t<img decoding=\"async\" src=\"https:\/\/santediabete.org\/wp-content\/uploads\/2019\/07\/megaphone.svg\" alt=\"megaphone\" \/>\n\t\t\t\t\t<h4>ADVOCACY<\/h4>\n\t\t\t\t\t<p>Malgr\u00e9 le poids qu&rsquo;exerce le diab\u00e8te sur les syst\u00e8mes de sant\u00e9 et sur les communaut\u00e9s, la maladie est tr\u00e8s peu prise en compte dans les politiques internationales de d\u00e9veloppement et dans les strat\u00e9gies de financement des principaux bailleurs de l&rsquo;aide internationale. Nous contribuons \u00e0 la sensibilisation de ces acteurs, \u00e0 travers des actions fortes de plaidoyer et en participant activement au m\u00e9canisme global de coordination des maladies non transmissibles de l&rsquo;OMS.<\/p>\t\t\t\t\n\t\t\t\t<img decoding=\"async\" src=\"https:\/\/santediabete.org\/wp-content\/uploads\/2019\/07\/mains.svg\" alt=\"mains\" \/>\n\t\t\t\t\t<h4>DIABETES HUMANITARIAN RESPONSE<\/h4>\n\t\t\t\t\t<p>L&rsquo;\u00e9galit\u00e9 et la solidarit\u00e9 face \u00e0 la maladie sont indispensables. Que ce soit l&rsquo;aide aux populations du nord Mali en 2012 ou de mani\u00e8re plus permanente le soutien aux enfants atteints de diab\u00e8te n&rsquo;ayant pas acc\u00e8s aux soins et \u00e0 l&rsquo;insuline, nous \u0153uvrons pour am\u00e9liorer la sant\u00e9 de tous quelles que soient les circonstances de vie.<\/p>\t\t\t\t\n\t\t\t\t<img decoding=\"async\" src=\"https:\/\/santediabete.org\/wp-content\/uploads\/2019\/07\/apprentissages.svg\" alt=\"apprentissages\" \/>\n\t\t\t\t\t<h4>EDUCATION TO CITIZENSHIP &amp; TO INTERNATIONAL SOLIDARITY<\/h4>\n\t\t\t\t\t<p>Les causes de l&rsquo;explosion du diab\u00e8te en Afrique sont sensiblement similaires \u00e0 celles rencontr\u00e9es en Europe : augmentation de l&rsquo;esp\u00e9rance de vie, s\u00e9dentarit\u00e9, transition nutritionnelle et progression tr\u00e8s rapide du surpoids et de l&rsquo;ob\u00e9sit\u00e9. A travers la probl\u00e9matique du diab\u00e8te, nous d\u00e9veloppons des activit\u00e9s afin de sensibiliser le grand public fran\u00e7ais aux dynamiques, notamment sanitaires, en cours sur le continent africain.<\/p>\t\t\t\t\n<table  data-tablesaw-mode=\"swipe\" data-tablesaw-minimap>\n    <thead>\n        <tr>\n            <th id=\"pp-table-col-1\" scope=\"col\" data-tablesaw-sortable-col>&nbsp;<\/th><th id=\"pp-table-col-2\" scope=\"col\" data-tablesaw-sortable-col><img decoding=\"async\" src=\"https:\/\/santediabete.org\/wp-content\/uploads\/2019\/07\/ml.svg\" \/>Mali<\/th><th id=\"pp-table-col-3\" scope=\"col\" data-tablesaw-sortable-col><img decoding=\"async\" src=\"https:\/\/santediabete.org\/wp-content\/uploads\/2019\/07\/bf.svg\" \/>Burkina Faso<\/th><th id=\"pp-table-col-4\" scope=\"col\" data-tablesaw-sortable-col><img decoding=\"async\" src=\"https:\/\/santediabete.org\/wp-content\/uploads\/2019\/07\/km.svg\" \/>Union of the Comoros<\/th><th id=\"pp-table-col-5\" scope=\"col\" data-tablesaw-sortable-col><img decoding=\"async\" src=\"https:\/\/santediabete.org\/wp-content\/uploads\/2019\/07\/fr.svg\" \/>France<\/th><th id=\"pp-table-col-6\" scope=\"col\" data-tablesaw-sortable-col><img decoding=\"async\" src=\"https:\/\/santediabete.org\/wp-content\/uploads\/2019\/07\/ml.svg\" \/>International<\/th>        <\/tr>\n    <\/thead>\n    <tbody>\n        <tr><td><img decoding=\"async\" src=\"https:\/\/santediabete.org\/wp-content\/uploads\/2019\/07\/education.svg\" \/>Primary prevention<\/td><\/tr><tr><td><img decoding=\"async\" src=\"https:\/\/santediabete.org\/wp-content\/uploads\/2019\/07\/medecin.svg\" \/>Renforcement de l&rsquo;offre de soins<\/td><\/tr><tr><td><img decoding=\"async\" src=\"https:\/\/santediabete.org\/wp-content\/uploads\/2019\/07\/mains.svg\" \/>Diabetes humanitarian response<\/td><\/tr><tr><td><img decoding=\"async\" src=\"https:\/\/santediabete.org\/wp-content\/uploads\/2019\/07\/traitement.svg\" \/>Therapeutic education<\/td><\/tr><tr><td><img decoding=\"async\" src=\"https:\/\/santediabete.org\/wp-content\/uploads\/2019\/07\/medicaments.svg\" \/>Access to medication<\/td><\/tr><tr><td><img decoding=\"async\" src=\"https:\/\/santediabete.org\/wp-content\/uploads\/2019\/07\/malades.svg\" \/>Strengthening of civil society<\/td><\/tr><tr><td><img decoding=\"async\" src=\"https:\/\/santediabete.org\/wp-content\/uploads\/2019\/07\/institutions.svg\" \/>Support for public health policies<\/td><\/tr><tr><td><img decoding=\"async\" src=\"https:\/\/santediabete.org\/wp-content\/uploads\/2019\/07\/apprentissages.svg\" \/>Education for citizenship and international solidarity<\/td><\/tr><tr><td><img decoding=\"async\" src=\"https:\/\/santediabete.org\/wp-content\/uploads\/2019\/07\/diplome.svg\" \/>Development of university diploma courses<\/td><\/tr><tr><td><img decoding=\"async\" src=\"https:\/\/santediabete.org\/wp-content\/uploads\/2019\/07\/megaphone.svg\" \/>ADVOCACY<\/td><\/tr><tr><td><img decoding=\"async\" src=\"https:\/\/santediabete.org\/wp-content\/uploads\/2019\/07\/recherche.svg\" \/>Research<\/td><\/tr>    <\/tbody>\n<\/table>\n<h2>\n\t\tNos partenaires d&rsquo;action\n\t<\/h2>\n<h3>\n\t\tNous agissons dans les pays o\u00f9 nous intervenons avec l&rsquo;ensemble des partenaires locaux :\n\t<\/h3>\n\t<ul>\n<li>Ministries of Health<\/li>\n<li>Minist\u00e8res de l&rsquo;Enseignement Sup\u00e9rieur et de la Recherche<\/li>\n<li>Minist\u00e8res de l&rsquo;Education<\/li>\n<li>Directions G\u00e9n\u00e9rale de la Sant\u00e9 &#8211; Section des maladies non transmissibles<\/li>\n<li>Regional health directorates (e.g. regional health directorate in the district of Bamako)<\/li>\n<li>Structures in charge of drug management (e.g. the People's Pharmacy of Mali and the Pharmacy and Medicine Directorate of Mali)<\/li>\n<li>National hospitals<\/li>\n<li>Regional hospitals<\/li>\n<li>Secondary health centers<\/li>\n<li>Primary health centers<\/li>\n<li>Faculties of Medicine<\/li>\n<li>Scientific societies<\/li>\n<li>Associations of people with diabetes<\/li>\n<li>Associations of healthcare professionals<\/li>\n<li>National NGOs<\/li>\n<\/ul>","protected":false},"excerpt":{"rendered":"<p>To develop strong public policies and sustainably strengthen the health system, the NGO is working with all its partners for better prevention and quality diabetes care.<\/p>","protected":false},"author":3,"featured_media":787,"parent":0,"menu_order":5,"comment_status":"closed","ping_status":"closed","template":"","meta":{"footnotes":""},"class_list":["post-57","page","type-page","status-publish","has-post-thumbnail","hentry"],"yoast_head":"<!-- This site is optimized with the Yoast SEO plugin v26.7 - https:\/\/yoast.com\/wordpress\/plugins\/seo\/ -->\n<title>Sant\u00e9 Diab\u00e8te en action &#8211; Sant\u00e9 Diab\u00e8te<\/title>\n<meta name=\"robots\" content=\"index, follow, max-snippet:-1, max-image-preview:large, max-video-preview:-1\" \/>\n<link rel=\"canonical\" href=\"https:\/\/santediabete.org\/en_en\/sante-diabete-en-action\/\" \/>\n<meta property=\"og:locale\" content=\"en_GB\" \/>\n<meta property=\"og:type\" content=\"article\" \/>\n<meta property=\"og:title\" content=\"Sant\u00e9 Diab\u00e8te en action &#8211; Sant\u00e9 Diab\u00e8te\" \/>\n<meta property=\"og:description\" content=\"Pour d\u00e9velopper des politiques publiques fortes et renforcer durablement le syst\u00e8me de sant\u00e9, l&#039;ONG intervient avec l\u2019ensemble de ses partenaires pour une meilleure pr\u00e9vention et prise en charge de qualit\u00e9 du diab\u00e8te.\" \/>\n<meta property=\"og:url\" content=\"https:\/\/santediabete.org\/en_en\/sante-diabete-en-action\/\" \/>\n<meta property=\"og:site_name\" content=\"Sant\u00e9 Diab\u00e8te\" \/>\n<meta property=\"article:publisher\" content=\"https:\/\/www.facebook.com\/ONGSantDiabte\/\" \/>\n<meta property=\"article:modified_time\" content=\"2024-06-10T17:30:22+00:00\" \/>\n<meta property=\"og:image\" content=\"https:\/\/i0.wp.com\/santediabete.org\/wp-content\/uploads\/2019\/08\/programme-mali-2.jpg?fit=1600%2C1067&ssl=1\" \/>\n\t<meta property=\"og:image:width\" content=\"1600\" \/>\n\t<meta property=\"og:image:height\" content=\"1067\" \/>\n\t<meta property=\"og:image:type\" content=\"image\/jpeg\" \/>\n<meta name=\"twitter:card\" content=\"summary_large_image\" \/>\n<meta name=\"twitter:site\" content=\"@ongsantdiabte\" \/>\n<meta name=\"twitter:label1\" content=\"Estimated reading time\" \/>\n\t<meta name=\"twitter:data1\" content=\"5 minutes\" \/>\n<script type=\"application\/ld+json\" class=\"yoast-schema-graph\">{\"@context\":\"https:\/\/schema.org\",\"@graph\":[{\"@type\":\"WebPage\",\"@id\":\"https:\/\/santediabete.org\/sante-diabete-en-action\/\",\"url\":\"https:\/\/santediabete.org\/sante-diabete-en-action\/\",\"name\":\"Sant\u00e9 Diab\u00e8te en action &#8211; Sant\u00e9 Diab\u00e8te\",\"isPartOf\":{\"@id\":\"https:\/\/santediabete.org\/#website\"},\"primaryImageOfPage\":{\"@id\":\"https:\/\/santediabete.org\/sante-diabete-en-action\/#primaryimage\"},\"image\":{\"@id\":\"https:\/\/santediabete.org\/sante-diabete-en-action\/#primaryimage\"},\"thumbnailUrl\":\"https:\/\/i0.wp.com\/santediabete.org\/wp-content\/uploads\/2019\/08\/programme-mali-2.jpg?fit=1600%2C1067&ssl=1\",\"datePublished\":\"2019-05-13T07:43:26+00:00\",\"dateModified\":\"2024-06-10T17:30:22+00:00\",\"breadcrumb\":{\"@id\":\"https:\/\/santediabete.org\/sante-diabete-en-action\/#breadcrumb\"},\"inLanguage\":\"en-GB\",\"potentialAction\":[{\"@type\":\"ReadAction\",\"target\":[\"https:\/\/santediabete.org\/sante-diabete-en-action\/\"]}]},{\"@type\":\"ImageObject\",\"inLanguage\":\"en-GB\",\"@id\":\"https:\/\/santediabete.org\/sante-diabete-en-action\/#primaryimage\",\"url\":\"https:\/\/i0.wp.com\/santediabete.org\/wp-content\/uploads\/2019\/08\/programme-mali-2.jpg?fit=1600%2C1067&ssl=1\",\"contentUrl\":\"https:\/\/i0.wp.com\/santediabete.org\/wp-content\/uploads\/2019\/08\/programme-mali-2.jpg?fit=1600%2C1067&ssl=1\",\"width\":1600,\"height\":1067},{\"@type\":\"BreadcrumbList\",\"@id\":\"https:\/\/santediabete.org\/sante-diabete-en-action\/#breadcrumb\",\"itemListElement\":[{\"@type\":\"ListItem\",\"position\":1,\"name\":\"Accueil\",\"item\":\"https:\/\/santediabete.org\/\"},{\"@type\":\"ListItem\",\"position\":2,\"name\":\"Sant\u00e9 Diab\u00e8te en action\"}]},{\"@type\":\"WebSite\",\"@id\":\"https:\/\/santediabete.org\/#website\",\"url\":\"https:\/\/santediabete.org\/\",\"name\":\"ONG Sante Diab\u00e8te\",\"description\":\"Innover ensemble pour lutter contre le diab\u00e8te en Afrique\",\"publisher\":{\"@id\":\"https:\/\/santediabete.org\/#organization\"},\"potentialAction\":[{\"@type\":\"SearchAction\",\"target\":{\"@type\":\"EntryPoint\",\"urlTemplate\":\"https:\/\/santediabete.org\/?s={search_term_string}\"},\"query-input\":{\"@type\":\"PropertyValueSpecification\",\"valueRequired\":true,\"valueName\":\"search_term_string\"}}],\"inLanguage\":\"en-GB\"},{\"@type\":\"Organization\",\"@id\":\"https:\/\/santediabete.org\/#organization\",\"name\":\"ONG Sant\u00e9 Diab\u00e8te\",\"url\":\"https:\/\/santediabete.org\/\",\"logo\":{\"@type\":\"ImageObject\",\"inLanguage\":\"en-GB\",\"@id\":\"https:\/\/santediabete.org\/#\/schema\/logo\/image\/\",\"url\":\"https:\/\/santediabete.org\/wp-content\/uploads\/2019\/05\/santediabete-logo.png\",\"contentUrl\":\"https:\/\/santediabete.org\/wp-content\/uploads\/2019\/05\/santediabete-logo.png\",\"width\":311,\"height\":66,\"caption\":\"ONG Sant\u00e9 Diab\u00e8te\"},\"image\":{\"@id\":\"https:\/\/santediabete.org\/#\/schema\/logo\/image\/\"},\"sameAs\":[\"https:\/\/www.facebook.com\/ONGSantDiabte\/\",\"https:\/\/x.com\/ongsantdiabte\",\"https:\/\/www.instagram.com\/santediabeteofficiel\/\",\"https:\/\/www.linkedin.com\/company\/ngo-sant\u00e9-diab\u00e8te\/\",\"https:\/\/www.youtube.com\/channel\/UCTjyy-p0F6FSXjJ54nLXdVA\"]}]}<\/script>\n<!-- \/ Yoast SEO plugin. -->","yoast_head_json":{"title":"Sant\u00e9 Diab\u00e8te en action &#8211; Sant\u00e9 Diab\u00e8te","robots":{"index":"index","follow":"follow","max-snippet":"max-snippet:-1","max-image-preview":"max-image-preview:large","max-video-preview":"max-video-preview:-1"},"canonical":"https:\/\/santediabete.org\/en_en\/sante-diabete-en-action\/","og_locale":"en_GB","og_type":"article","og_title":"Sant\u00e9 Diab\u00e8te en action &#8211; Sant\u00e9 Diab\u00e8te","og_description":"Pour d\u00e9velopper des politiques publiques fortes et renforcer durablement le syst\u00e8me de sant\u00e9, l'ONG intervient avec l\u2019ensemble de ses partenaires pour une meilleure pr\u00e9vention et prise en charge de qualit\u00e9 du diab\u00e8te.","og_url":"https:\/\/santediabete.org\/en_en\/sante-diabete-en-action\/","og_site_name":"Sant\u00e9 Diab\u00e8te","article_publisher":"https:\/\/www.facebook.com\/ONGSantDiabte\/","article_modified_time":"2024-06-10T17:30:22+00:00","og_image":[{"width":1600,"height":1067,"url":"https:\/\/i0.wp.com\/santediabete.org\/wp-content\/uploads\/2019\/08\/programme-mali-2.jpg?fit=1600%2C1067&ssl=1","type":"image\/jpeg"}],"twitter_card":"summary_large_image","twitter_site":"@ongsantdiabte","twitter_misc":{"Estimated reading time":"5 minutes"},"schema":{"@context":"https:\/\/schema.org","@graph":[{"@type":"WebPage","@id":"https:\/\/santediabete.org\/sante-diabete-en-action\/","url":"https:\/\/santediabete.org\/sante-diabete-en-action\/","name":"Sant\u00e9 Diab\u00e8te en action &#8211; Sant\u00e9 Diab\u00e8te","isPartOf":{"@id":"https:\/\/santediabete.org\/#website"},"primaryImageOfPage":{"@id":"https:\/\/santediabete.org\/sante-diabete-en-action\/#primaryimage"},"image":{"@id":"https:\/\/santediabete.org\/sante-diabete-en-action\/#primaryimage"},"thumbnailUrl":"https:\/\/i0.wp.com\/santediabete.org\/wp-content\/uploads\/2019\/08\/programme-mali-2.jpg?fit=1600%2C1067&ssl=1","datePublished":"2019-05-13T07:43:26+00:00","dateModified":"2024-06-10T17:30:22+00:00","breadcrumb":{"@id":"https:\/\/santediabete.org\/sante-diabete-en-action\/#breadcrumb"},"inLanguage":"en-GB","potentialAction":[{"@type":"ReadAction","target":["https:\/\/santediabete.org\/sante-diabete-en-action\/"]}]},{"@type":"ImageObject","inLanguage":"en-GB","@id":"https:\/\/santediabete.org\/sante-diabete-en-action\/#primaryimage","url":"https:\/\/i0.wp.com\/santediabete.org\/wp-content\/uploads\/2019\/08\/programme-mali-2.jpg?fit=1600%2C1067&ssl=1","contentUrl":"https:\/\/i0.wp.com\/santediabete.org\/wp-content\/uploads\/2019\/08\/programme-mali-2.jpg?fit=1600%2C1067&ssl=1","width":1600,"height":1067},{"@type":"BreadcrumbList","@id":"https:\/\/santediabete.org\/sante-diabete-en-action\/#breadcrumb","itemListElement":[{"@type":"ListItem","position":1,"name":"Accueil","item":"https:\/\/santediabete.org\/"},{"@type":"ListItem","position":2,"name":"Sant\u00e9 Diab\u00e8te en action"}]},{"@type":"WebSite","@id":"https:\/\/santediabete.org\/#website","url":"https:\/\/santediabete.org\/","name":"ONG Sante Diab\u00e8te","description":"Innover ensemble pour lutter contre le diab\u00e8te en Afrique","publisher":{"@id":"https:\/\/santediabete.org\/#organization"},"potentialAction":[{"@type":"SearchAction","target":{"@type":"EntryPoint","urlTemplate":"https:\/\/santediabete.org\/?s={search_term_string}"},"query-input":{"@type":"PropertyValueSpecification","valueRequired":true,"valueName":"search_term_string"}}],"inLanguage":"en-GB"},{"@type":"Organization","@id":"https:\/\/santediabete.org\/#organization","name":"NGO Sant\u00e9 Diab\u00e8te","url":"https:\/\/santediabete.org\/","logo":{"@type":"ImageObject","inLanguage":"en-GB","@id":"https:\/\/santediabete.org\/#\/schema\/logo\/image\/","url":"https:\/\/santediabete.org\/wp-content\/uploads\/2019\/05\/santediabete-logo.png","contentUrl":"https:\/\/santediabete.org\/wp-content\/uploads\/2019\/05\/santediabete-logo.png","width":311,"height":66,"caption":"ONG Sant\u00e9 Diab\u00e8te"},"image":{"@id":"https:\/\/santediabete.org\/#\/schema\/logo\/image\/"},"sameAs":["https:\/\/www.facebook.com\/ONGSantDiabte\/","https:\/\/x.com\/ongsantdiabte","https:\/\/www.instagram.com\/santediabeteofficiel\/","https:\/\/www.linkedin.com\/company\/ngo-sant\u00e9-diab\u00e8te\/","https:\/\/www.youtube.com\/channel\/UCTjyy-p0F6FSXjJ54nLXdVA"]}]}},"jetpack-related-posts":[],"jetpack_sharing_enabled":true,"_links":{"self":[{"href":"https:\/\/santediabete.org\/en_en\/wp-json\/wp\/v2\/pages\/57","targetHints":{"allow":["GET"]}}],"collection":[{"href":"https:\/\/santediabete.org\/en_en\/wp-json\/wp\/v2\/pages"}],"about":[{"href":"https:\/\/santediabete.org\/en_en\/wp-json\/wp\/v2\/types\/page"}],"author":[{"embeddable":true,"href":"https:\/\/santediabete.org\/en_en\/wp-json\/wp\/v2\/users\/3"}],"replies":[{"embeddable":true,"href":"https:\/\/santediabete.org\/en_en\/wp-json\/wp\/v2\/comments?post=57"}],"version-history":[{"count":1,"href":"https:\/\/santediabete.org\/en_en\/wp-json\/wp\/v2\/pages\/57\/revisions"}],"predecessor-version":[{"id":21291,"href":"https:\/\/santediabete.org\/en_en\/wp-json\/wp\/v2\/pages\/57\/revisions\/21291"}],"wp:featuredmedia":[{"embeddable":true,"href":"https:\/\/santediabete.org\/en_en\/wp-json\/wp\/v2\/media\/787"}],"wp:attachment":[{"href":"https:\/\/santediabete.org\/en_en\/wp-json\/wp\/v2\/media?parent=57"}],"curies":[{"name":"wp","href":"https:\/\/api.w.org\/{rel}","templated":true}]}}