{"id":448,"date":"2019-07-16T10:20:08","date_gmt":"2019-07-16T08:20:53","guid":{"rendered":"https:\/\/santediabete.labubulle.com\/?page_id=448"},"modified":"2025-08-26T16:45:27","modified_gmt":"2025-08-26T14:45:27","slug":"actions-de-plaidoyer","status":"publish","type":"page","link":"https:\/\/santediabete.org\/en_en\/sante-diabete-en-action\/actions-de-plaidoyer\/","title":{"rendered":"Advocacy actions"},"content":{"rendered":"<h1>\n\t\t<small>NGO Sant\u00e9 Diab\u00e8te<\/small><br \/>\n\t<\/h1>\n\t<p>Les actions de plaidoyer de Sant\u00e9 Diab\u00e8te ont pour objectifs de d\u00e9velopper une prise de conscience sur la probl\u00e9matique du diab\u00e8te et de cr\u00e9er un mouvement de soutien en faveur des personnes atteintes de diab\u00e8te en Afrique et de changer durablement la situation des personnes atteintes de diab\u00e8te en am\u00e9liorant la qualit\u00e9 de leur prise en charge, l&rsquo;acc\u00e8s aux traitements et leur qualit\u00e9 de vie.<\/p>\n<h2>\n\t\tWorld Health Assembly\n\t<\/h2>\n\t\t\t\t<img data-recalc-dims=\"1\" decoding=\"async\" src=\"https:\/\/i0.wp.com\/santediabete.org\/wp-content\/uploads\/2023\/02\/logo-OMS.png?resize=366%2C377&#038;ssl=1\" alt=\"logo-OMS\" itemprop=\"image\" height=\"377\" width=\"366\" title=\"logo-OMS\" onerror=\"this.style.display='none'\"  \/>\n\t<h3>Adoption d&rsquo;une r\u00e9solution sur le diab\u00e8te et l&rsquo;insuline en 2021<\/h3>\n<p>Entre 2020 et 2021, Sant\u00e9 Diab\u00e8te a men\u00e9 aupr\u00e8s de l&rsquo;OMS et de ses \u00c9tats membres, un travail de plaidoyer important visant au portage politique et \u00e0 l&rsquo;adoption d&rsquo;une r\u00e9solution sur le diab\u00e8te et l&rsquo;insuline, \u00e0 l&rsquo;occasion du centenaire de sa d\u00e9couverte. R\u00e9unis \u00e0 l&rsquo;occasion de l&rsquo;Assembl\u00e9e mondiale de la sant\u00e9 de l&rsquo;OMS, les pays ont adopt\u00e9 cette r\u00e9solution en mai 2021.<\/p>\n<p><a href=\"https:\/\/santediabete.org\/en_en\/2021\/06\/01\/centenaire-de-linsuline-plaidoyer-pour-une-resolution-visant-un-acces-universel-a-linsuline\/\">Read more<\/a><\/p>\n<h2>\n\t\tInternational conferences and summits\n\t<\/h2>\n\t\t\t\t<img data-recalc-dims=\"1\" decoding=\"async\" src=\"https:\/\/i0.wp.com\/santediabete.org\/wp-content\/uploads\/2019\/08\/42640096_175924229963039_5607005373144760320_n.jpg?resize=373%2C280&#038;ssl=1\" alt=\"42640096_175924229963039_5607005373144760320_n\" itemprop=\"image\" height=\"280\" width=\"373\" title=\"42640096_175924229963039_5607005373144760320_n\" onerror=\"this.style.display='none'\"  \/>\n<p>Un moment fort : 300 participants debout suite a\u0300 l&rsquo;appel du directeur de l&rsquo;OMS, le Dr Tedros Adhanom Ghebreyesus, de se lever s&rsquo;ils sont touche\u0301s personnellement ou connaissent dans leur entourage proche une personne atteinte d&rsquo;une maladie non transmissible.<\/p>\n\t<h3>3<sup>rd<\/sup> UNITED NATIONS HIGH-LEVEL SUMMIT ON NON-COMMUNICABLE DISEASES<\/h3>\n<p>C&rsquo;est au si\u00e8ge des Nations-Unies \u00e0 New York que s&rsquo;est tenue, le 27 septembre 2018, la 3\u00e8me r\u00e9union de haut-niveau consacr\u00e9e aux MNTs. Sur place, une soixantaine de chefs d&rsquo;\u00e9tat et de gouvernements ont pu entendre les comptes rendus des commissions d&rsquo;experts et des membres de la soci\u00e9t\u00e9 civile.<\/p>\n<p>St\u00e9phane Besan\u00e7on, directeur g\u00e9n\u00e9ral de Sant\u00e9 Diab\u00e8te, a \u00e9t\u00e9 nomin\u00e9 pour \u00eatre membre de cette commission, et le seul repr\u00e9sentant fran\u00e7ais de la soci\u00e9t\u00e9 civile fran\u00e7aise parmi les 27 repr\u00e9sentants \u00e0 l&rsquo;\u00e9chelle mondiale. Un symbole fort pour notre association et reconnaissance de notre expertise qui renforce encore plus notre l\u00e9gitimit\u00e9 \u00e0 \u00eatre davantage pr\u00e9sent sur le plaidoyer au niveau international !<\/p>\n<p><a href=\"http:\/\/www.who.int\/ncds\/governance\/third-un-meeting\/fr\">Read more<\/a><\/p>\n\t\t\t\t<img data-recalc-dims=\"1\" height=\"400\" width=\"600\" decoding=\"async\" src=\"https:\/\/i0.wp.com\/santediabete.org\/wp-content\/uploads\/2019\/08\/perspectve-francophone-1.jpg?resize=600%2C400&#038;ssl=1\" alt=\"perspectve-francophone-1\" itemprop=\"image\" title=\"perspectve-francophone-1\" onerror=\"this.style.display='none'\"  \/>\n<p>A successful 1st edition of the international conference \u201cFrancophone Perspectives in Global Health\u201d.<\/p>\n\t<h3>2<sup>rd<\/sup> international conference<br \/>\n\"Francophone Perspectives in Global Health\"<\/h3>\n<p>Organis\u00e9e par Sant\u00e9 Diab\u00e8te, la 1\u00e8re \u00e9dition de la conf\u00e9rence internationale \u00ab Perspectives francophones en sant\u00e9 mondiale : synergies dans la lutte contre le diab\u00e8te et les maladies non transmissibles en Afrique\u00bb a r\u00e9uni 50 experts internationaux (chercheurs, scientifiques, soci\u00e9t\u00e9 civile, collectivit\u00e9s&#8230;) les 19 et 20 d\u00e9cembre 2017 \u00e0 Grenoble. 10 articles ont \u00e9t\u00e9 publi\u00e9s suite \u00e0 cette conf\u00e9rence.<\/p>\n<p>Among the 50 participants present :<\/p>\n<ul>\n<li>Le maire de Grenoble, le vice-pr\u00e9sident de la r\u00e9gion Auvergne-Rh\u00f4ne-Alpes et le d\u00e9put\u00e9 de l&rsquo;Is\u00e8re<\/li>\n<li>Le pr\u00e9sident du comit\u00e9 consultatif national d&rsquo;\u00e9thique<\/li>\n<li>L&rsquo;ancien Vice-Pr\u00e9sident de la r\u00e9publique des Comores<\/li>\n<li>8 repr\u00e9sentants du Minist\u00e8re de l&rsquo;Europe et des Affaires \u00e9trang\u00e8res, de l&rsquo;Agence Fran\u00e7aise de D\u00e9veloppement et d&rsquo;expertise France<\/li>\n<li>13 representatives of patient associations and civil society<\/li>\n<li>24 universitaires et hospitaliers repr\u00e9sentant des institutions de Gen\u00e8ve, Montr\u00e9al, Grenoble, Paris, Bamako, Ouagadougou, Conakry&#8230;<\/li>\n<\/ul>\n\t\t\t\t<img data-recalc-dims=\"1\" decoding=\"async\" src=\"https:\/\/i0.wp.com\/santediabete.org\/wp-content\/uploads\/2020\/12\/colloque.png?resize=655%2C507&#038;ssl=1\" alt=\"colloque\" itemprop=\"image\" height=\"507\" width=\"655\" title=\"colloque\" onerror=\"this.style.display='none'\"  \/>\n<p>Colloque organise\u0301 a\u0300 l&rsquo;Assemble\u0301e nationale en janvier 2019 par Sante\u0301 Diabe\u0300te avec plusieurs de\u0301pute\u0301s.<\/p>\n\t<h3>Sante\u0301 diabe\u0300te a organise\u0301 une journe\u0301e a\u0300 l&rsquo;assemble\u0301e nationale<\/h3>\n<p>Ce colloque intitule\u0301 \u00abLes Maladies Non Transmissibles (MNT): une urgence de sante\u0301 publique au nord comme au sud\u00bb a e\u0301te\u0301 organise\u0301, en janvier 2019, par Sante\u0301 Diabe\u0300te en e\u0301troite collaboration avec les de\u0301pute\u0301s Olivier Veran, Herve\u0301 Berville et Miche\u0300le Crouzet. Il a e\u0301te\u0301 copre\u0301side\u0301 par le de\u0301pute\u0301 Olivier Veran et Ste\u0301phanie Seydoux (Ambassadrice Sante\u0301 Mondiale de la France). Ce colloque qui a regroupe\u0301 plus de 250 personnes et un tre\u0300s grand nombre d&rsquo;experts franc\u0327ais a eu pour objectif dans un premier temps de rappeler les acquis et les lacunes qui restent a\u0300 combler en France dans la lutte contre les MNTs. Ensuite, dans un second temps, il a permis d&rsquo;analyser la situation de nombreux pays du \u00ab sud \u00bb face a\u0300 l&rsquo;explosion des MNTs et d&rsquo;e\u0301changer sur les expertises que la France pourrait mobiliser pour appuyer ces pays.<\/p>\n\t\t\t\t<img data-recalc-dims=\"1\" decoding=\"async\" src=\"https:\/\/i0.wp.com\/santediabete.org\/wp-content\/uploads\/2020\/12\/csu.png?resize=807%2C556&#038;ssl=1\" alt=\"csu\" itemprop=\"image\" height=\"556\" width=\"807\" title=\"csu\" onerror=\"this.style.display='none'\"  \/>\n\t<h3>UNITED NATIONS SUMMIT ON UNIVERSAL HEALTH COVERAGE (UHC)<\/h3>\n<p>A\u0300 l&rsquo;occasion de l&rsquo;Assemble\u0301e ge\u0301ne\u0301rale des Nations unies, le 23 septembre 2019, s&rsquo;est tenue une re\u0301union \u00ab\u00a0de haut niveau\u00a0\u00bb sur la Couverture Sanitaire Universelle (CSU) au cours de laquelle une r\u00e9solution a e\u0301te\u0301 adopte\u0301e pour que tous les individus aient acce\u0300s aux services de sante\u0301, en s&rsquo;assurant que les pays disposent d&rsquo;un syste\u0300me de sante\u0301 solide, efficace et bien ge\u0301re\u0301 ; des soins a\u0300 un cou\u0302t abordable ; de l&rsquo;acce\u0300s aux me\u0301dicaments et technologies me\u0301dicales ; des personnels de sante\u0301 en nombre suffisant, bien forme\u0301s et motive\u0301s.<\/p>\n\t<h3>Sant\u00e9 diab\u00e8te reappointed to civil society commission for three years<\/h3>\n<p>Ste\u0301phane Besanc\u0327on, Directeur Ge\u0301ne\u0301ral de Sante\u0301 Diabe\u0300te, a e\u0301te\u0301 nomme\u0301 pour trois nouvelles anne\u0301es par le Directeur Ge\u0301ne\u0301ral de l&rsquo;OMS, le Dr Tedros, dans la commission socie\u0301te\u0301 civile mondiale (27 membres) qui a comme nouveau mandat de pre\u0301parer le sommet aux Nations Unies sur les Maladies Non Transmissibles en 2025 lors de son Assembl\u00e9e G\u00e9n\u00e9rale.<\/p>\n\n<h2>\n\t\tTestimony\n\t<\/h2>\n\t\t\t\t<img data-recalc-dims=\"1\" height=\"300\" width=\"300\" decoding=\"async\" src=\"https:\/\/i0.wp.com\/santediabete.org\/wp-content\/uploads\/2019\/08\/taraneh-plaidoyer-temoignage.jpg?resize=300%2C300&#038;ssl=1\" alt=\"taraneh-plaidoyer-temoignage\" itemprop=\"image\" title=\"taraneh-plaidoyer-temoignage\" onerror=\"this.style.display='none'\"  \/>\n\t<h4>DR TARANEH SHOJAEI<\/h4>\n<p><em>Ancienne cheffe du p\u00f4le de politique de sant\u00e9 mondiale, Minist\u00e8re de l&rsquo;Europe et des Affaires Etrang\u00e8res<\/em><\/p>\n<p>\u00ab\u00a0Cette 1\u00e8re conf\u00e9rence internationale (\u00a0<em>\"Francophone perspectives in global health: synergies in the fight against diabetes and non-communicable diseases in Africa\")<\/em>\u00a0organis\u00e9e par Sant\u00e9 Diab\u00e8te \u00a0t\u00e9moigne de la volont\u00e9 collective de d\u00e9cloisonnement et de partage de vision sur des enjeux des Maladies Non Transmissibles (MNT) dans l&rsquo;espace franco- phone et plus g\u00e9n\u00e9ralement ceux de la sant\u00e9 mondiale.<\/p>\n<p>En s&rsquo;appuyant sur des experts de tr\u00e8s haut niveau et en apportant des \u00e9l\u00e9ments concrets, cette conf\u00e9rence, tr\u00e8s interactive et op\u00e9rationnelle, \u00e9tait un beau t\u00e9moignage de l&rsquo;intelligence collective dans un domaine encore peu investi en sant\u00e9 mondiale.<\/p>\n<p>L&rsquo;approche des conf\u00e9renciers \u00e9tait en parfaite ad\u00e9quation avec l&rsquo;approche de la France en sant\u00e9 mondiale (strat\u00e9gie de la France en sant\u00e9 mondiale 2017- 2021), multisectorielle et pluridisciplinaire, qui porte sur le renforcement des syst\u00e8mes de sant\u00e9, tout en luttant contre les maladies.\u00a0\u00bb<\/p>\n<p>&nbsp;<\/p>\n<p>&nbsp;<\/p>\n<h2>\n\t\tPolitical advocacy\n\t<\/h2>\n\t\t\t\t<img data-recalc-dims=\"1\" height=\"600\" width=\"592\" decoding=\"async\" src=\"https:\/\/i0.wp.com\/santediabete.org\/wp-content\/uploads\/2019\/08\/plaidoyer.jpg?resize=592%2C600&#038;ssl=1\" alt=\"plaidoyer\" itemprop=\"image\" title=\"plaidoyer\" onerror=\"this.style.display='none'\"  \/>\n<p>Meeting with the Advisor to the President of the French Republic on the issue of diabetes in Africa.<\/p>\n<p>St\u00e9phane Besan\u00e7on (directeur ONG Sant\u00e9 Diab\u00e8te), Pr Drabo (Burkina Faso) et le Pr Sidib\u00e9 (Mali) devant l&rsquo;Elys\u00e9e.<\/p>\n\t<p>Notre travail de plaidoyer passe aussi par la r\u00e9daction de notes techniques \u00e0 l&rsquo;adresse de diff\u00e9rentes instances politiques. L&rsquo;une d&rsquo;elles, adress\u00e9e directement au Conseiller Sant\u00e9 et recherche m\u00e9dicale de la Pr\u00e9sidence de la R\u00e9publique Fran\u00e7aise, a abouti le 3 juin 2015 \u00e0 un rendez-vous de haut niveau \u00e0 l&rsquo;Elys\u00e9e.<\/p>\n<p>Ce rendez-vous nous a permis de solliciter le soutien de l&rsquo;Elys\u00e9e dans la lutte contre le diab\u00e8te en Afrique. Il a rassembl\u00e9 le Professeur Lyon-Caen, Conseiller Sant\u00e9 du Pr\u00e9sident de la R\u00e9publique Fran\u00e7aise, le Directeur G\u00e9n\u00e9ral de Sant\u00e9 Diab\u00e8te et les professeurs diab\u00e9tologues-endocrinologues associ\u00e9s \u00e0 nos actions de terrains au Burkina Faso (Pr. Drabo), au Mali (Pr. Sibid\u00e9) et au S\u00e9n\u00e9gal (Pr. Ndour).<\/p>\n<p>Ce rendez vous a permis que l&rsquo;attention port\u00e9e par la Pr\u00e9sidence de la R\u00e9publique Fran\u00e7aise \u00e0 nos activit\u00e9s renforce l&rsquo;engagement des acteurs concern\u00e9s pour l&rsquo;am\u00e9lioration des conditions de vie des personnes atteintes de diab\u00e8te en Afrique !<\/p>\n<h2>\n\t\tGroupes d&rsquo;experts internationaux\n\t<\/h2>\n\t<p>Depuis 2017, notre association a rejoint plusieurs comit\u00e9s scientifiques de tr\u00e8s haut niveau. Elle a tout d&rsquo;abord rejoint la commission internationale du journal scientifique The Lancet \u00ab Diabetes in Sub Saharan Africa \u00bb puis le comit\u00e9 scientifique du Geneva Health Forum (GHF) et du World Diabetes Congress (WDC). Ensuite, les nombreuses ann\u00e9es de travail de Sant\u00e9 Diab\u00e8te ont \u00e9t\u00e9 salu\u00e9es par la communaut\u00e9 internationale \u00e0 travers une Award Lecture de 45 minutes au Congr\u00e8s Mondial du Diab\u00e8te en d\u00e9cembre 2017.<\/p>\n<p>D\u00e8s le d\u00e9but de l&rsquo;ann\u00e9e 2018, Sant\u00e9 Diab\u00e8te a rejoint deux commissions internationales importantes: la commission internationale en charge de l&rsquo;Atlas Mondial du Diab\u00e8te (Diabetes Atlas) de la F\u00e9d\u00e9ration Internationale du Diab\u00e8te (FID) ainsi que l&rsquo;International Alliance for Diabetes Action (IADA) avec UNRWA, HCR, CICR, FID, WDF et de nombreuses autres organisations internationales.<\/p>\n<p>Sant\u00e9 Diab\u00e8te is also an official partner of the\u00a0<a href=\"https:\/\/chaire-philo.fr\/\" target=\"_blank\" rel=\"noopener\">chaire \u00ab\u00a0humanit\u00e9 et sant\u00e9\u00a0\u00bb<\/a> and will participate in this context in the first white paper on the first patient-led hospital.<\/p>","protected":false},"excerpt":{"rendered":"<p>ONG sant\u00e9 diab\u00e8te Les actions de plaidoyer de Sant\u00e9 Diab\u00e8te ont pour objectifs de d\u00e9velopper une prise de conscience sur la probl\u00e9matique du diab\u00e8te et de cr\u00e9er un mouvement de soutien en faveur des personnes atteintes de diab\u00e8te en Afrique et de changer durablement la situation des personnes atteintes de diab\u00e8te en am\u00e9liorant la qualit\u00e9&hellip;<\/p>","protected":false},"author":3,"featured_media":809,"parent":57,"menu_order":5,"comment_status":"closed","ping_status":"closed","template":"","meta":{"footnotes":""},"class_list":["post-448","page","type-page","status-publish","has-post-thumbnail","hentry"],"yoast_head":"<!-- This site is optimized with the Yoast SEO plugin v26.7 - https:\/\/yoast.com\/wordpress\/plugins\/seo\/ -->\n<title>Actions de Plaidoyer &#8211; Sant\u00e9 Diab\u00e8te<\/title>\n<meta name=\"robots\" content=\"index, follow, max-snippet:-1, max-image-preview:large, max-video-preview:-1\" \/>\n<link rel=\"canonical\" href=\"https:\/\/santediabete.org\/en_en\/sante-diabete-en-action\/actions-de-plaidoyer\/\" \/>\n<meta property=\"og:locale\" content=\"en_GB\" \/>\n<meta property=\"og:type\" content=\"article\" \/>\n<meta property=\"og:title\" content=\"Actions de Plaidoyer &#8211; Sant\u00e9 Diab\u00e8te\" \/>\n<meta property=\"og:description\" content=\"ONG sant\u00e9 diab\u00e8te Les actions de plaidoyer de Sant\u00e9 Diab\u00e8te ont pour objectifs de d\u00e9velopper une prise de conscience sur la probl\u00e9matique du diab\u00e8te et de cr\u00e9er un mouvement de soutien en faveur des personnes atteintes de diab\u00e8te en Afrique et de changer durablement la situation des personnes atteintes de diab\u00e8te en am\u00e9liorant la qualit\u00e9&hellip;\" \/>\n<meta property=\"og:url\" content=\"https:\/\/santediabete.org\/en_en\/sante-diabete-en-action\/actions-de-plaidoyer\/\" \/>\n<meta property=\"og:site_name\" content=\"Sant\u00e9 Diab\u00e8te\" \/>\n<meta property=\"article:publisher\" content=\"https:\/\/www.facebook.com\/ONGSantDiabte\/\" \/>\n<meta property=\"article:modified_time\" content=\"2025-08-26T14:45:27+00:00\" \/>\n<meta property=\"og:image\" content=\"https:\/\/i0.wp.com\/santediabete.org\/wp-content\/uploads\/2019\/08\/101535380_m.jpg?fit=2048%2C1365&ssl=1\" \/>\n\t<meta property=\"og:image:width\" content=\"2048\" \/>\n\t<meta property=\"og:image:height\" content=\"1365\" \/>\n\t<meta property=\"og:image:type\" content=\"image\/jpeg\" \/>\n<meta name=\"twitter:card\" content=\"summary_large_image\" \/>\n<meta name=\"twitter:site\" content=\"@ongsantdiabte\" \/>\n<meta name=\"twitter:label1\" content=\"Estimated reading time\" \/>\n\t<meta name=\"twitter:data1\" content=\"7 minutes\" \/>\n<script type=\"application\/ld+json\" class=\"yoast-schema-graph\">{\"@context\":\"https:\/\/schema.org\",\"@graph\":[{\"@type\":\"WebPage\",\"@id\":\"https:\/\/santediabete.org\/sante-diabete-en-action\/actions-de-plaidoyer\/\",\"url\":\"https:\/\/santediabete.org\/sante-diabete-en-action\/actions-de-plaidoyer\/\",\"name\":\"Actions de Plaidoyer &#8211; Sant\u00e9 Diab\u00e8te\",\"isPartOf\":{\"@id\":\"https:\/\/santediabete.org\/#website\"},\"primaryImageOfPage\":{\"@id\":\"https:\/\/santediabete.org\/sante-diabete-en-action\/actions-de-plaidoyer\/#primaryimage\"},\"image\":{\"@id\":\"https:\/\/santediabete.org\/sante-diabete-en-action\/actions-de-plaidoyer\/#primaryimage\"},\"thumbnailUrl\":\"https:\/\/i0.wp.com\/santediabete.org\/wp-content\/uploads\/2019\/08\/101535380_m.jpg?fit=2048%2C1365&ssl=1\",\"datePublished\":\"2019-07-16T08:20:53+00:00\",\"dateModified\":\"2025-08-26T14:45:27+00:00\",\"breadcrumb\":{\"@id\":\"https:\/\/santediabete.org\/sante-diabete-en-action\/actions-de-plaidoyer\/#breadcrumb\"},\"inLanguage\":\"en-GB\",\"potentialAction\":[{\"@type\":\"ReadAction\",\"target\":[\"https:\/\/santediabete.org\/sante-diabete-en-action\/actions-de-plaidoyer\/\"]}]},{\"@type\":\"ImageObject\",\"inLanguage\":\"en-GB\",\"@id\":\"https:\/\/santediabete.org\/sante-diabete-en-action\/actions-de-plaidoyer\/#primaryimage\",\"url\":\"https:\/\/i0.wp.com\/santediabete.org\/wp-content\/uploads\/2019\/08\/101535380_m.jpg?fit=2048%2C1365&ssl=1\",\"contentUrl\":\"https:\/\/i0.wp.com\/santediabete.org\/wp-content\/uploads\/2019\/08\/101535380_m.jpg?fit=2048%2C1365&ssl=1\",\"width\":2048,\"height\":1365,\"caption\":\"New York City - February 14, 2018: United Nations General Assembly Hall in Manhattan, New York City. The General Assembly Hall is the largest room in the UN with seating capacity over 1,800 people.\"},{\"@type\":\"BreadcrumbList\",\"@id\":\"https:\/\/santediabete.org\/sante-diabete-en-action\/actions-de-plaidoyer\/#breadcrumb\",\"itemListElement\":[{\"@type\":\"ListItem\",\"position\":1,\"name\":\"Accueil\",\"item\":\"https:\/\/santediabete.org\/\"},{\"@type\":\"ListItem\",\"position\":2,\"name\":\"Sant\u00e9 Diab\u00e8te en action\",\"item\":\"https:\/\/santediabete.org\/sante-diabete-en-action\/\"},{\"@type\":\"ListItem\",\"position\":3,\"name\":\"Actions de Plaidoyer\"}]},{\"@type\":\"WebSite\",\"@id\":\"https:\/\/santediabete.org\/#website\",\"url\":\"https:\/\/santediabete.org\/\",\"name\":\"ONG Sante Diab\u00e8te\",\"description\":\"Innover ensemble pour lutter contre le diab\u00e8te en Afrique\",\"publisher\":{\"@id\":\"https:\/\/santediabete.org\/#organization\"},\"potentialAction\":[{\"@type\":\"SearchAction\",\"target\":{\"@type\":\"EntryPoint\",\"urlTemplate\":\"https:\/\/santediabete.org\/?s={search_term_string}\"},\"query-input\":{\"@type\":\"PropertyValueSpecification\",\"valueRequired\":true,\"valueName\":\"search_term_string\"}}],\"inLanguage\":\"en-GB\"},{\"@type\":\"Organization\",\"@id\":\"https:\/\/santediabete.org\/#organization\",\"name\":\"ONG Sant\u00e9 Diab\u00e8te\",\"url\":\"https:\/\/santediabete.org\/\",\"logo\":{\"@type\":\"ImageObject\",\"inLanguage\":\"en-GB\",\"@id\":\"https:\/\/santediabete.org\/#\/schema\/logo\/image\/\",\"url\":\"https:\/\/santediabete.org\/wp-content\/uploads\/2019\/05\/santediabete-logo.png\",\"contentUrl\":\"https:\/\/santediabete.org\/wp-content\/uploads\/2019\/05\/santediabete-logo.png\",\"width\":311,\"height\":66,\"caption\":\"ONG Sant\u00e9 Diab\u00e8te\"},\"image\":{\"@id\":\"https:\/\/santediabete.org\/#\/schema\/logo\/image\/\"},\"sameAs\":[\"https:\/\/www.facebook.com\/ONGSantDiabte\/\",\"https:\/\/x.com\/ongsantdiabte\",\"https:\/\/www.instagram.com\/santediabeteofficiel\/\",\"https:\/\/www.linkedin.com\/company\/ngo-sant\u00e9-diab\u00e8te\/\",\"https:\/\/www.youtube.com\/channel\/UCTjyy-p0F6FSXjJ54nLXdVA\"]}]}<\/script>\n<!-- \/ Yoast SEO plugin. -->","yoast_head_json":{"title":"Actions de Plaidoyer &#8211; Sant\u00e9 Diab\u00e8te","robots":{"index":"index","follow":"follow","max-snippet":"max-snippet:-1","max-image-preview":"max-image-preview:large","max-video-preview":"max-video-preview:-1"},"canonical":"https:\/\/santediabete.org\/en_en\/sante-diabete-en-action\/actions-de-plaidoyer\/","og_locale":"en_GB","og_type":"article","og_title":"Actions de Plaidoyer &#8211; Sant\u00e9 Diab\u00e8te","og_description":"ONG sant\u00e9 diab\u00e8te Les actions de plaidoyer de Sant\u00e9 Diab\u00e8te ont pour objectifs de d\u00e9velopper une prise de conscience sur la probl\u00e9matique du diab\u00e8te et de cr\u00e9er un mouvement de soutien en faveur des personnes atteintes de diab\u00e8te en Afrique et de changer durablement la situation des personnes atteintes de diab\u00e8te en am\u00e9liorant la qualit\u00e9&hellip;","og_url":"https:\/\/santediabete.org\/en_en\/sante-diabete-en-action\/actions-de-plaidoyer\/","og_site_name":"Sant\u00e9 Diab\u00e8te","article_publisher":"https:\/\/www.facebook.com\/ONGSantDiabte\/","article_modified_time":"2025-08-26T14:45:27+00:00","og_image":[{"width":2048,"height":1365,"url":"https:\/\/i0.wp.com\/santediabete.org\/wp-content\/uploads\/2019\/08\/101535380_m.jpg?fit=2048%2C1365&ssl=1","type":"image\/jpeg"}],"twitter_card":"summary_large_image","twitter_site":"@ongsantdiabte","twitter_misc":{"Estimated reading time":"7 minutes"},"schema":{"@context":"https:\/\/schema.org","@graph":[{"@type":"WebPage","@id":"https:\/\/santediabete.org\/sante-diabete-en-action\/actions-de-plaidoyer\/","url":"https:\/\/santediabete.org\/sante-diabete-en-action\/actions-de-plaidoyer\/","name":"Actions de Plaidoyer &#8211; Sant\u00e9 Diab\u00e8te","isPartOf":{"@id":"https:\/\/santediabete.org\/#website"},"primaryImageOfPage":{"@id":"https:\/\/santediabete.org\/sante-diabete-en-action\/actions-de-plaidoyer\/#primaryimage"},"image":{"@id":"https:\/\/santediabete.org\/sante-diabete-en-action\/actions-de-plaidoyer\/#primaryimage"},"thumbnailUrl":"https:\/\/i0.wp.com\/santediabete.org\/wp-content\/uploads\/2019\/08\/101535380_m.jpg?fit=2048%2C1365&ssl=1","datePublished":"2019-07-16T08:20:53+00:00","dateModified":"2025-08-26T14:45:27+00:00","breadcrumb":{"@id":"https:\/\/santediabete.org\/sante-diabete-en-action\/actions-de-plaidoyer\/#breadcrumb"},"inLanguage":"en-GB","potentialAction":[{"@type":"ReadAction","target":["https:\/\/santediabete.org\/sante-diabete-en-action\/actions-de-plaidoyer\/"]}]},{"@type":"ImageObject","inLanguage":"en-GB","@id":"https:\/\/santediabete.org\/sante-diabete-en-action\/actions-de-plaidoyer\/#primaryimage","url":"https:\/\/i0.wp.com\/santediabete.org\/wp-content\/uploads\/2019\/08\/101535380_m.jpg?fit=2048%2C1365&ssl=1","contentUrl":"https:\/\/i0.wp.com\/santediabete.org\/wp-content\/uploads\/2019\/08\/101535380_m.jpg?fit=2048%2C1365&ssl=1","width":2048,"height":1365,"caption":"New York City - February 14, 2018: United Nations General Assembly Hall in Manhattan, New York City. The General Assembly Hall is the largest room in the UN with seating capacity over 1,800 people."},{"@type":"BreadcrumbList","@id":"https:\/\/santediabete.org\/sante-diabete-en-action\/actions-de-plaidoyer\/#breadcrumb","itemListElement":[{"@type":"ListItem","position":1,"name":"Accueil","item":"https:\/\/santediabete.org\/"},{"@type":"ListItem","position":2,"name":"Sant\u00e9 Diab\u00e8te en action","item":"https:\/\/santediabete.org\/sante-diabete-en-action\/"},{"@type":"ListItem","position":3,"name":"Actions de Plaidoyer"}]},{"@type":"WebSite","@id":"https:\/\/santediabete.org\/#website","url":"https:\/\/santediabete.org\/","name":"ONG Sante Diab\u00e8te","description":"Innover ensemble pour lutter contre le diab\u00e8te en Afrique","publisher":{"@id":"https:\/\/santediabete.org\/#organization"},"potentialAction":[{"@type":"SearchAction","target":{"@type":"EntryPoint","urlTemplate":"https:\/\/santediabete.org\/?s={search_term_string}"},"query-input":{"@type":"PropertyValueSpecification","valueRequired":true,"valueName":"search_term_string"}}],"inLanguage":"en-GB"},{"@type":"Organization","@id":"https:\/\/santediabete.org\/#organization","name":"NGO Sant\u00e9 Diab\u00e8te","url":"https:\/\/santediabete.org\/","logo":{"@type":"ImageObject","inLanguage":"en-GB","@id":"https:\/\/santediabete.org\/#\/schema\/logo\/image\/","url":"https:\/\/santediabete.org\/wp-content\/uploads\/2019\/05\/santediabete-logo.png","contentUrl":"https:\/\/santediabete.org\/wp-content\/uploads\/2019\/05\/santediabete-logo.png","width":311,"height":66,"caption":"ONG Sant\u00e9 Diab\u00e8te"},"image":{"@id":"https:\/\/santediabete.org\/#\/schema\/logo\/image\/"},"sameAs":["https:\/\/www.facebook.com\/ONGSantDiabte\/","https:\/\/x.com\/ongsantdiabte","https:\/\/www.instagram.com\/santediabeteofficiel\/","https:\/\/www.linkedin.com\/company\/ngo-sant\u00e9-diab\u00e8te\/","https:\/\/www.youtube.com\/channel\/UCTjyy-p0F6FSXjJ54nLXdVA"]}]}},"jetpack-related-posts":[],"jetpack_sharing_enabled":true,"_links":{"self":[{"href":"https:\/\/santediabete.org\/en_en\/wp-json\/wp\/v2\/pages\/448","targetHints":{"allow":["GET"]}}],"collection":[{"href":"https:\/\/santediabete.org\/en_en\/wp-json\/wp\/v2\/pages"}],"about":[{"href":"https:\/\/santediabete.org\/en_en\/wp-json\/wp\/v2\/types\/page"}],"author":[{"embeddable":true,"href":"https:\/\/santediabete.org\/en_en\/wp-json\/wp\/v2\/users\/3"}],"replies":[{"embeddable":true,"href":"https:\/\/santediabete.org\/en_en\/wp-json\/wp\/v2\/comments?post=448"}],"version-history":[{"count":4,"href":"https:\/\/santediabete.org\/en_en\/wp-json\/wp\/v2\/pages\/448\/revisions"}],"predecessor-version":[{"id":23042,"href":"https:\/\/santediabete.org\/en_en\/wp-json\/wp\/v2\/pages\/448\/revisions\/23042"}],"up":[{"embeddable":true,"href":"https:\/\/santediabete.org\/en_en\/wp-json\/wp\/v2\/pages\/57"}],"wp:featuredmedia":[{"embeddable":true,"href":"https:\/\/santediabete.org\/en_en\/wp-json\/wp\/v2\/media\/809"}],"wp:attachment":[{"href":"https:\/\/santediabete.org\/en_en\/wp-json\/wp\/v2\/media?parent=448"}],"curies":[{"name":"wp","href":"https:\/\/api.w.org\/{rel}","templated":true}]}}