{"id":445,"date":"2019-07-16T10:19:08","date_gmt":"2019-07-16T08:19:54","guid":{"rendered":"https:\/\/santediabete.labubulle.com\/?page_id=445"},"modified":"2024-04-22T16:40:00","modified_gmt":"2024-04-22T14:40:00","slug":"missions-internationales","status":"publish","type":"page","link":"https:\/\/santediabete.org\/en_en\/sante-diabete-en-action\/missions-internationales\/","title":{"rendered":"International missions"},"content":{"rendered":"<h1>\n\t\t<small>NGO Sant\u00e9 Diab\u00e8te<\/small><br \/>\n\t<\/h1>\n\t<p>Sant\u00e9 Diab\u00e8te provides <strong>conseil technique et des missions de formulation ou d&rsquo;\u00e9valuation <\/strong>in the field of diabetes prevention and management.<\/p>\n<p>Ces missions internationales nous permettent ainsi d&rsquo;appuyer d&rsquo;autres pays qui sollicitent notre <strong>expertise and the transfer of knowledge.<\/strong><\/p>\n<h2>\n\t\tDomaines d&rsquo;expertise\n\t<\/h2>\n\t<p>Le conseil technique se traduit par la r\u00e9alisation de missions d&rsquo;appui dans les domaines suivants :<\/p>\n\t<ul>\n<li>the drafting of national policies for the response to diabetes,<\/li>\n<li>the drafting of the standards and procedures forming these policy documents,<\/li>\n<li>the formulation of the various operational documents for the implementation of these policies,<\/li>\n<li>la formulation des processus de suivi et d&rsquo;\u00e9valuation de ces politiques.<\/li>\n<\/ul>\n\t<ul>\n\t\t\t<li>\n\t\t\t\t1\n\t\t\t\tLes missions de formulation sont organis\u00e9es en missions \u00e0 court terme pour d\u00e9velopper des projets de lutte contre le diab\u00e8te en incluant les diff\u00e9rentes \u00e9tapes du cycle de gestion des projets (identification, formulation, suivi et \u00e9valuation).\n\t\t\t<\/li>\n\t\t\t<li>\n\t\t\t\t2\n\t\t\t\tLes missions d&rsquo;\u00e9valuation sont organis\u00e9es en mission \u00e0 court terme pour r\u00e9aliser les \u00e9valuations de politiques nationales ou de projets de lutte contre le diab\u00e8te.\n\t\t\t<\/li>\n\t\t\t<li>\n\t\t\t\t3\n\t\t\t\tL&rsquo;importante exp\u00e9rience acquise par Sant\u00e9 Diab\u00e8te dans le renforcement des syst\u00e8mes de sant\u00e9 lui permet aussi de proposer du conseil technique et des missions de suivi ou d&rsquo;\u00e9valuation de mani\u00e8re plus large dans le domaine de la sant\u00e9 publique.\n\t\t\t<\/li>\n\t\t<\/ul>\n<h2>\n\t\tInternational missions\n\t<\/h2>\n\t<h3>Support to the Ministry of Health of Togo<\/h3>\n<p>Sant\u00e9 Diab\u00e8te a appuy\u00e9 le gouvernement du Mali dans la mise en place d&rsquo;un registre de consultation diab\u00e8te. Ce registre de consultation des personnes atteintes de diab\u00e8te a \u00e9t\u00e9 cr\u00e9\u00e9 dans le but de recueillir les informations utiles sur les patients, mais aussi afin d&rsquo;obtenir des donn\u00e9es fiables li\u00e9es \u00e0 la consultation des patients tout en alimentant le syst\u00e8me d&rsquo;information sanitaire.<\/p>\n<p>Le Minist\u00e8re de la Sant\u00e9 du Togo, qui souhaitait d\u00e9velopper un tel registre national, a fait appel \u00e0 Sant\u00e9 Diab\u00e8te pour une mission d&rsquo;expertise de 7 jours pour appuyer cette r\u00e9flexion \u00e0 partir de l&rsquo;exp\u00e9rience et des outils de collecte d\u00e9velopp\u00e9s au Mali.<\/p>\n<h3>Appui au Minist\u00e8re de la Sant\u00e9 et au Bureau de l&rsquo;Organisation Mondiale de la Sant\u00e9 de l&rsquo;\u00eele Maurice<\/h3>\n<p>Le minist\u00e8re de la Sant\u00e9 et de la Qualit\u00e9 de la vie (MOHQL), en collaboration avec le conseil mauricien des services sociaux (MACOSS) et l&rsquo;Organisation Mondiale de la Sant\u00e9 (OMS), a sollicit\u00e9 en 2019 un appui de Sant\u00e9 Diab\u00e8te pour \u00e9laborer un plan d&rsquo;action commun pour la lutte contre les MNTs.<\/p>\n<h3>International mission to DIJBOUTI<\/h3>\n<p>Sant\u00e9 Diab\u00e8te r\u00e9alise une mission d&rsquo;appui a\u0300 Djibouti afin d&rsquo;appuyer le Ministe\u0300re de la Sante\u0301 dans la lutte contre le diabe\u0300te.<\/p>","protected":false},"excerpt":{"rendered":"<p>ONG sant\u00e9 diab\u00e8te Sant\u00e9 Diab\u00e8te apporte du conseil technique et des missions de formulation ou d&rsquo;\u00e9valuation dans le domaine de la pr\u00e9vention et de la prise en charge du diab\u00e8te. Ces missions internationales nous permettent ainsi d&rsquo;appuyer d&rsquo;autres pays qui sollicitent notre expertise et le transfert de connaissances. Domaines d&rsquo;expertise Le conseil technique se traduit&hellip;<\/p>","protected":false},"author":3,"featured_media":785,"parent":57,"menu_order":4,"comment_status":"closed","ping_status":"closed","template":"","meta":{"footnotes":""},"class_list":["post-445","page","type-page","status-publish","has-post-thumbnail","hentry"],"yoast_head":"<!-- This site is optimized with the Yoast SEO plugin v26.7 - https:\/\/yoast.com\/wordpress\/plugins\/seo\/ -->\n<title>Missions internationales &#8211; Sant\u00e9 Diab\u00e8te<\/title>\n<meta name=\"robots\" content=\"index, follow, max-snippet:-1, max-image-preview:large, max-video-preview:-1\" \/>\n<link rel=\"canonical\" href=\"https:\/\/santediabete.org\/en_en\/sante-diabete-en-action\/missions-internationales\/\" \/>\n<meta property=\"og:locale\" content=\"en_GB\" \/>\n<meta property=\"og:type\" content=\"article\" \/>\n<meta property=\"og:title\" content=\"Missions internationales &#8211; Sant\u00e9 Diab\u00e8te\" \/>\n<meta property=\"og:description\" content=\"ONG sant\u00e9 diab\u00e8te Sant\u00e9 Diab\u00e8te apporte du conseil technique et des missions de formulation ou d&rsquo;\u00e9valuation dans le domaine de la pr\u00e9vention et de la prise en charge du diab\u00e8te. Ces missions internationales nous permettent ainsi d&rsquo;appuyer d&rsquo;autres pays qui sollicitent notre expertise et le transfert de connaissances. Domaines d&rsquo;expertise Le conseil technique se traduit&hellip;\" \/>\n<meta property=\"og:url\" content=\"https:\/\/santediabete.org\/en_en\/sante-diabete-en-action\/missions-internationales\/\" \/>\n<meta property=\"og:site_name\" content=\"Sant\u00e9 Diab\u00e8te\" \/>\n<meta property=\"article:publisher\" content=\"https:\/\/www.facebook.com\/ONGSantDiabte\/\" \/>\n<meta property=\"article:modified_time\" content=\"2024-04-22T14:40:00+00:00\" \/>\n<meta property=\"og:image\" content=\"https:\/\/i0.wp.com\/santediabete.org\/wp-content\/uploads\/2019\/08\/missions-internationnales.jpg?fit=2048%2C1559&ssl=1\" \/>\n\t<meta property=\"og:image:width\" content=\"2048\" \/>\n\t<meta property=\"og:image:height\" content=\"1559\" \/>\n\t<meta property=\"og:image:type\" content=\"image\/jpeg\" \/>\n<meta name=\"twitter:card\" content=\"summary_large_image\" \/>\n<meta name=\"twitter:site\" content=\"@ongsantdiabte\" \/>\n<meta name=\"twitter:label1\" content=\"Estimated reading time\" \/>\n\t<meta name=\"twitter:data1\" content=\"2 minutes\" \/>\n<script type=\"application\/ld+json\" class=\"yoast-schema-graph\">{\"@context\":\"https:\/\/schema.org\",\"@graph\":[{\"@type\":\"WebPage\",\"@id\":\"https:\/\/santediabete.org\/sante-diabete-en-action\/missions-internationales\/\",\"url\":\"https:\/\/santediabete.org\/sante-diabete-en-action\/missions-internationales\/\",\"name\":\"Missions internationales &#8211; Sant\u00e9 Diab\u00e8te\",\"isPartOf\":{\"@id\":\"https:\/\/santediabete.org\/#website\"},\"primaryImageOfPage\":{\"@id\":\"https:\/\/santediabete.org\/sante-diabete-en-action\/missions-internationales\/#primaryimage\"},\"image\":{\"@id\":\"https:\/\/santediabete.org\/sante-diabete-en-action\/missions-internationales\/#primaryimage\"},\"thumbnailUrl\":\"https:\/\/i0.wp.com\/santediabete.org\/wp-content\/uploads\/2019\/08\/missions-internationnales.jpg?fit=2048%2C1559&ssl=1\",\"datePublished\":\"2019-07-16T08:19:54+00:00\",\"dateModified\":\"2024-04-22T14:40:00+00:00\",\"breadcrumb\":{\"@id\":\"https:\/\/santediabete.org\/sante-diabete-en-action\/missions-internationales\/#breadcrumb\"},\"inLanguage\":\"en-GB\",\"potentialAction\":[{\"@type\":\"ReadAction\",\"target\":[\"https:\/\/santediabete.org\/sante-diabete-en-action\/missions-internationales\/\"]}]},{\"@type\":\"ImageObject\",\"inLanguage\":\"en-GB\",\"@id\":\"https:\/\/santediabete.org\/sante-diabete-en-action\/missions-internationales\/#primaryimage\",\"url\":\"https:\/\/i0.wp.com\/santediabete.org\/wp-content\/uploads\/2019\/08\/missions-internationnales.jpg?fit=2048%2C1559&ssl=1\",\"contentUrl\":\"https:\/\/i0.wp.com\/santediabete.org\/wp-content\/uploads\/2019\/08\/missions-internationnales.jpg?fit=2048%2C1559&ssl=1\",\"width\":2048,\"height\":1559},{\"@type\":\"BreadcrumbList\",\"@id\":\"https:\/\/santediabete.org\/sante-diabete-en-action\/missions-internationales\/#breadcrumb\",\"itemListElement\":[{\"@type\":\"ListItem\",\"position\":1,\"name\":\"Accueil\",\"item\":\"https:\/\/santediabete.org\/\"},{\"@type\":\"ListItem\",\"position\":2,\"name\":\"Sant\u00e9 Diab\u00e8te en action\",\"item\":\"https:\/\/santediabete.org\/sante-diabete-en-action\/\"},{\"@type\":\"ListItem\",\"position\":3,\"name\":\"Missions internationales\"}]},{\"@type\":\"WebSite\",\"@id\":\"https:\/\/santediabete.org\/#website\",\"url\":\"https:\/\/santediabete.org\/\",\"name\":\"ONG Sante Diab\u00e8te\",\"description\":\"Innover ensemble pour lutter contre le diab\u00e8te en Afrique\",\"publisher\":{\"@id\":\"https:\/\/santediabete.org\/#organization\"},\"potentialAction\":[{\"@type\":\"SearchAction\",\"target\":{\"@type\":\"EntryPoint\",\"urlTemplate\":\"https:\/\/santediabete.org\/?s={search_term_string}\"},\"query-input\":{\"@type\":\"PropertyValueSpecification\",\"valueRequired\":true,\"valueName\":\"search_term_string\"}}],\"inLanguage\":\"en-GB\"},{\"@type\":\"Organization\",\"@id\":\"https:\/\/santediabete.org\/#organization\",\"name\":\"ONG Sant\u00e9 Diab\u00e8te\",\"url\":\"https:\/\/santediabete.org\/\",\"logo\":{\"@type\":\"ImageObject\",\"inLanguage\":\"en-GB\",\"@id\":\"https:\/\/santediabete.org\/#\/schema\/logo\/image\/\",\"url\":\"https:\/\/santediabete.org\/wp-content\/uploads\/2019\/05\/santediabete-logo.png\",\"contentUrl\":\"https:\/\/santediabete.org\/wp-content\/uploads\/2019\/05\/santediabete-logo.png\",\"width\":311,\"height\":66,\"caption\":\"ONG Sant\u00e9 Diab\u00e8te\"},\"image\":{\"@id\":\"https:\/\/santediabete.org\/#\/schema\/logo\/image\/\"},\"sameAs\":[\"https:\/\/www.facebook.com\/ONGSantDiabte\/\",\"https:\/\/x.com\/ongsantdiabte\",\"https:\/\/www.instagram.com\/santediabeteofficiel\/\",\"https:\/\/www.linkedin.com\/company\/ngo-sant\u00e9-diab\u00e8te\/\",\"https:\/\/www.youtube.com\/channel\/UCTjyy-p0F6FSXjJ54nLXdVA\"]}]}<\/script>\n<!-- \/ Yoast SEO plugin. -->","yoast_head_json":{"title":"Missions internationales &#8211; Sant\u00e9 Diab\u00e8te","robots":{"index":"index","follow":"follow","max-snippet":"max-snippet:-1","max-image-preview":"max-image-preview:large","max-video-preview":"max-video-preview:-1"},"canonical":"https:\/\/santediabete.org\/en_en\/sante-diabete-en-action\/missions-internationales\/","og_locale":"en_GB","og_type":"article","og_title":"Missions internationales &#8211; Sant\u00e9 Diab\u00e8te","og_description":"ONG sant\u00e9 diab\u00e8te Sant\u00e9 Diab\u00e8te apporte du conseil technique et des missions de formulation ou d&rsquo;\u00e9valuation dans le domaine de la pr\u00e9vention et de la prise en charge du diab\u00e8te. Ces missions internationales nous permettent ainsi d&rsquo;appuyer d&rsquo;autres pays qui sollicitent notre expertise et le transfert de connaissances. Domaines d&rsquo;expertise Le conseil technique se traduit&hellip;","og_url":"https:\/\/santediabete.org\/en_en\/sante-diabete-en-action\/missions-internationales\/","og_site_name":"Sant\u00e9 Diab\u00e8te","article_publisher":"https:\/\/www.facebook.com\/ONGSantDiabte\/","article_modified_time":"2024-04-22T14:40:00+00:00","og_image":[{"width":2048,"height":1559,"url":"https:\/\/i0.wp.com\/santediabete.org\/wp-content\/uploads\/2019\/08\/missions-internationnales.jpg?fit=2048%2C1559&ssl=1","type":"image\/jpeg"}],"twitter_card":"summary_large_image","twitter_site":"@ongsantdiabte","twitter_misc":{"Estimated reading time":"2 minutes"},"schema":{"@context":"https:\/\/schema.org","@graph":[{"@type":"WebPage","@id":"https:\/\/santediabete.org\/sante-diabete-en-action\/missions-internationales\/","url":"https:\/\/santediabete.org\/sante-diabete-en-action\/missions-internationales\/","name":"Missions internationales &#8211; Sant\u00e9 Diab\u00e8te","isPartOf":{"@id":"https:\/\/santediabete.org\/#website"},"primaryImageOfPage":{"@id":"https:\/\/santediabete.org\/sante-diabete-en-action\/missions-internationales\/#primaryimage"},"image":{"@id":"https:\/\/santediabete.org\/sante-diabete-en-action\/missions-internationales\/#primaryimage"},"thumbnailUrl":"https:\/\/i0.wp.com\/santediabete.org\/wp-content\/uploads\/2019\/08\/missions-internationnales.jpg?fit=2048%2C1559&ssl=1","datePublished":"2019-07-16T08:19:54+00:00","dateModified":"2024-04-22T14:40:00+00:00","breadcrumb":{"@id":"https:\/\/santediabete.org\/sante-diabete-en-action\/missions-internationales\/#breadcrumb"},"inLanguage":"en-GB","potentialAction":[{"@type":"ReadAction","target":["https:\/\/santediabete.org\/sante-diabete-en-action\/missions-internationales\/"]}]},{"@type":"ImageObject","inLanguage":"en-GB","@id":"https:\/\/santediabete.org\/sante-diabete-en-action\/missions-internationales\/#primaryimage","url":"https:\/\/i0.wp.com\/santediabete.org\/wp-content\/uploads\/2019\/08\/missions-internationnales.jpg?fit=2048%2C1559&ssl=1","contentUrl":"https:\/\/i0.wp.com\/santediabete.org\/wp-content\/uploads\/2019\/08\/missions-internationnales.jpg?fit=2048%2C1559&ssl=1","width":2048,"height":1559},{"@type":"BreadcrumbList","@id":"https:\/\/santediabete.org\/sante-diabete-en-action\/missions-internationales\/#breadcrumb","itemListElement":[{"@type":"ListItem","position":1,"name":"Accueil","item":"https:\/\/santediabete.org\/"},{"@type":"ListItem","position":2,"name":"Sant\u00e9 Diab\u00e8te en action","item":"https:\/\/santediabete.org\/sante-diabete-en-action\/"},{"@type":"ListItem","position":3,"name":"Missions internationales"}]},{"@type":"WebSite","@id":"https:\/\/santediabete.org\/#website","url":"https:\/\/santediabete.org\/","name":"ONG Sante Diab\u00e8te","description":"Innover ensemble pour lutter contre le diab\u00e8te en Afrique","publisher":{"@id":"https:\/\/santediabete.org\/#organization"},"potentialAction":[{"@type":"SearchAction","target":{"@type":"EntryPoint","urlTemplate":"https:\/\/santediabete.org\/?s={search_term_string}"},"query-input":{"@type":"PropertyValueSpecification","valueRequired":true,"valueName":"search_term_string"}}],"inLanguage":"en-GB"},{"@type":"Organization","@id":"https:\/\/santediabete.org\/#organization","name":"NGO Sant\u00e9 Diab\u00e8te","url":"https:\/\/santediabete.org\/","logo":{"@type":"ImageObject","inLanguage":"en-GB","@id":"https:\/\/santediabete.org\/#\/schema\/logo\/image\/","url":"https:\/\/santediabete.org\/wp-content\/uploads\/2019\/05\/santediabete-logo.png","contentUrl":"https:\/\/santediabete.org\/wp-content\/uploads\/2019\/05\/santediabete-logo.png","width":311,"height":66,"caption":"ONG Sant\u00e9 Diab\u00e8te"},"image":{"@id":"https:\/\/santediabete.org\/#\/schema\/logo\/image\/"},"sameAs":["https:\/\/www.facebook.com\/ONGSantDiabte\/","https:\/\/x.com\/ongsantdiabte","https:\/\/www.instagram.com\/santediabeteofficiel\/","https:\/\/www.linkedin.com\/company\/ngo-sant\u00e9-diab\u00e8te\/","https:\/\/www.youtube.com\/channel\/UCTjyy-p0F6FSXjJ54nLXdVA"]}]}},"jetpack-related-posts":[],"jetpack_sharing_enabled":true,"_links":{"self":[{"href":"https:\/\/santediabete.org\/en_en\/wp-json\/wp\/v2\/pages\/445","targetHints":{"allow":["GET"]}}],"collection":[{"href":"https:\/\/santediabete.org\/en_en\/wp-json\/wp\/v2\/pages"}],"about":[{"href":"https:\/\/santediabete.org\/en_en\/wp-json\/wp\/v2\/types\/page"}],"author":[{"embeddable":true,"href":"https:\/\/santediabete.org\/en_en\/wp-json\/wp\/v2\/users\/3"}],"replies":[{"embeddable":true,"href":"https:\/\/santediabete.org\/en_en\/wp-json\/wp\/v2\/comments?post=445"}],"version-history":[{"count":2,"href":"https:\/\/santediabete.org\/en_en\/wp-json\/wp\/v2\/pages\/445\/revisions"}],"predecessor-version":[{"id":21043,"href":"https:\/\/santediabete.org\/en_en\/wp-json\/wp\/v2\/pages\/445\/revisions\/21043"}],"up":[{"embeddable":true,"href":"https:\/\/santediabete.org\/en_en\/wp-json\/wp\/v2\/pages\/57"}],"wp:featuredmedia":[{"embeddable":true,"href":"https:\/\/santediabete.org\/en_en\/wp-json\/wp\/v2\/media\/785"}],"wp:attachment":[{"href":"https:\/\/santediabete.org\/en_en\/wp-json\/wp\/v2\/media?parent=445"}],"curies":[{"name":"wp","href":"https:\/\/api.w.org\/{rel}","templated":true}]}}