{"id":31,"date":"2019-07-28T22:17:40","date_gmt":"2019-07-28T20:17:40","guid":{"rendered":"https:\/\/santediabete.labubulle.com\/?page_id=31"},"modified":"2019-07-28T22:17:40","modified_gmt":"2019-07-28T20:17:40","slug":"mieux-vivre-son-diabete-en-afrique","status":"publish","type":"page","link":"https:\/\/santediabete.org\/en_en\/mieux-vivre-avec-son-diabete\/mieux-vivre-son-diabete-en-afrique\/","title":{"rendered":"Mieux vivre son diab\u00e8te en afrique"},"content":{"rendered":"<p>Contenu pour une page id\u00e9ale : 300 mots mini, \u00e0 partir de 2000 nous sommes au top !<\/p>\n<p>Segmenter le contenu en plusieurs titres h2, h3&#8230; (ne pas utiliser de h1). Faire des paragraphes courts si possible.<\/p>\n<p>Bonne r\u00e9daction !<\/p>","protected":false},"excerpt":{"rendered":"<p>Contenu pour une page id\u00e9ale : 300 mots mini, \u00e0 partir de 2000 nous sommes au top ! Segmenter le contenu en plusieurs titres h2, h3&#8230; (ne pas utiliser de h1). Faire des paragraphes courts si possible. Bonne r\u00e9daction !<\/p>","protected":false},"author":3,"featured_media":0,"parent":21,"menu_order":1,"comment_status":"closed","ping_status":"closed","template":"","meta":{"footnotes":""},"class_list":["post-31","page","type-page","status-publish","hentry"],"yoast_head":"<!-- This site is optimized with the Yoast SEO plugin v26.7 - https:\/\/yoast.com\/wordpress\/plugins\/seo\/ -->\n<title>Mieux vivre son diab\u00e8te en afrique &#8211; Sant\u00e9 Diab\u00e8te<\/title>\n<meta name=\"robots\" content=\"index, follow, max-snippet:-1, max-image-preview:large, max-video-preview:-1\" \/>\n<link rel=\"canonical\" href=\"https:\/\/santediabete.org\/en_en\/mieux-vivre-avec-son-diabete\/mieux-vivre-son-diabete-en-afrique\/\" \/>\n<meta property=\"og:locale\" content=\"en_GB\" \/>\n<meta property=\"og:type\" content=\"article\" \/>\n<meta property=\"og:title\" content=\"Mieux vivre son diab\u00e8te en afrique &#8211; Sant\u00e9 Diab\u00e8te\" \/>\n<meta property=\"og:description\" content=\"Contenu pour une page id\u00e9ale : 300 mots mini, \u00e0 partir de 2000 nous sommes au top ! Segmenter le contenu en plusieurs titres h2, h3&#8230; (ne pas utiliser de h1). Faire des paragraphes courts si possible. Bonne r\u00e9daction !\" \/>\n<meta property=\"og:url\" content=\"https:\/\/santediabete.org\/en_en\/mieux-vivre-avec-son-diabete\/mieux-vivre-son-diabete-en-afrique\/\" \/>\n<meta property=\"og:site_name\" content=\"Sant\u00e9 Diab\u00e8te\" \/>\n<meta property=\"article:publisher\" content=\"https:\/\/www.facebook.com\/ONGSantDiabte\/\" \/>\n<meta name=\"twitter:card\" content=\"summary_large_image\" \/>\n<meta name=\"twitter:site\" content=\"@ongsantdiabte\" \/>\n<script type=\"application\/ld+json\" class=\"yoast-schema-graph\">{\"@context\":\"https:\/\/schema.org\",\"@graph\":[{\"@type\":\"WebPage\",\"@id\":\"https:\/\/santediabete.org\/mieux-vivre-avec-son-diabete\/mieux-vivre-son-diabete-en-afrique\/\",\"url\":\"https:\/\/santediabete.org\/mieux-vivre-avec-son-diabete\/mieux-vivre-son-diabete-en-afrique\/\",\"name\":\"Mieux vivre son diab\u00e8te en afrique &#8211; Sant\u00e9 Diab\u00e8te\",\"isPartOf\":{\"@id\":\"https:\/\/santediabete.org\/#website\"},\"datePublished\":\"2019-07-28T20:17:40+00:00\",\"breadcrumb\":{\"@id\":\"https:\/\/santediabete.org\/mieux-vivre-avec-son-diabete\/mieux-vivre-son-diabete-en-afrique\/#breadcrumb\"},\"inLanguage\":\"en-GB\",\"potentialAction\":[{\"@type\":\"ReadAction\",\"target\":[\"https:\/\/santediabete.org\/mieux-vivre-avec-son-diabete\/mieux-vivre-son-diabete-en-afrique\/\"]}]},{\"@type\":\"BreadcrumbList\",\"@id\":\"https:\/\/santediabete.org\/mieux-vivre-avec-son-diabete\/mieux-vivre-son-diabete-en-afrique\/#breadcrumb\",\"itemListElement\":[{\"@type\":\"ListItem\",\"position\":1,\"name\":\"Accueil\",\"item\":\"https:\/\/santediabete.org\/\"},{\"@type\":\"ListItem\",\"position\":2,\"name\":\"Mieux vivre avec son diab\u00e8te\",\"item\":\"https:\/\/santediabete.org\/mieux-vivre-avec-son-diabete\/\"},{\"@type\":\"ListItem\",\"position\":3,\"name\":\"Mieux vivre son diab\u00e8te en afrique\"}]},{\"@type\":\"WebSite\",\"@id\":\"https:\/\/santediabete.org\/#website\",\"url\":\"https:\/\/santediabete.org\/\",\"name\":\"ONG Sante Diab\u00e8te\",\"description\":\"Innover ensemble pour lutter contre le diab\u00e8te en Afrique\",\"publisher\":{\"@id\":\"https:\/\/santediabete.org\/#organization\"},\"potentialAction\":[{\"@type\":\"SearchAction\",\"target\":{\"@type\":\"EntryPoint\",\"urlTemplate\":\"https:\/\/santediabete.org\/?s={search_term_string}\"},\"query-input\":{\"@type\":\"PropertyValueSpecification\",\"valueRequired\":true,\"valueName\":\"search_term_string\"}}],\"inLanguage\":\"en-GB\"},{\"@type\":\"Organization\",\"@id\":\"https:\/\/santediabete.org\/#organization\",\"name\":\"ONG Sant\u00e9 Diab\u00e8te\",\"url\":\"https:\/\/santediabete.org\/\",\"logo\":{\"@type\":\"ImageObject\",\"inLanguage\":\"en-GB\",\"@id\":\"https:\/\/santediabete.org\/#\/schema\/logo\/image\/\",\"url\":\"https:\/\/santediabete.org\/wp-content\/uploads\/2019\/05\/santediabete-logo.png\",\"contentUrl\":\"https:\/\/santediabete.org\/wp-content\/uploads\/2019\/05\/santediabete-logo.png\",\"width\":311,\"height\":66,\"caption\":\"ONG Sant\u00e9 Diab\u00e8te\"},\"image\":{\"@id\":\"https:\/\/santediabete.org\/#\/schema\/logo\/image\/\"},\"sameAs\":[\"https:\/\/www.facebook.com\/ONGSantDiabte\/\",\"https:\/\/x.com\/ongsantdiabte\",\"https:\/\/www.instagram.com\/santediabeteofficiel\/\",\"https:\/\/www.linkedin.com\/company\/ngo-sant\u00e9-diab\u00e8te\/\",\"https:\/\/www.youtube.com\/channel\/UCTjyy-p0F6FSXjJ54nLXdVA\"]}]}<\/script>\n<!-- \/ Yoast SEO plugin. -->","yoast_head_json":{"title":"Mieux vivre son diab\u00e8te en afrique &#8211; Sant\u00e9 Diab\u00e8te","robots":{"index":"index","follow":"follow","max-snippet":"max-snippet:-1","max-image-preview":"max-image-preview:large","max-video-preview":"max-video-preview:-1"},"canonical":"https:\/\/santediabete.org\/en_en\/mieux-vivre-avec-son-diabete\/mieux-vivre-son-diabete-en-afrique\/","og_locale":"en_GB","og_type":"article","og_title":"Mieux vivre son diab\u00e8te en afrique &#8211; Sant\u00e9 Diab\u00e8te","og_description":"Contenu pour une page id\u00e9ale : 300 mots mini, \u00e0 partir de 2000 nous sommes au top ! Segmenter le contenu en plusieurs titres h2, h3&#8230; (ne pas utiliser de h1). Faire des paragraphes courts si possible. Bonne r\u00e9daction !","og_url":"https:\/\/santediabete.org\/en_en\/mieux-vivre-avec-son-diabete\/mieux-vivre-son-diabete-en-afrique\/","og_site_name":"Sant\u00e9 Diab\u00e8te","article_publisher":"https:\/\/www.facebook.com\/ONGSantDiabte\/","twitter_card":"summary_large_image","twitter_site":"@ongsantdiabte","schema":{"@context":"https:\/\/schema.org","@graph":[{"@type":"WebPage","@id":"https:\/\/santediabete.org\/mieux-vivre-avec-son-diabete\/mieux-vivre-son-diabete-en-afrique\/","url":"https:\/\/santediabete.org\/mieux-vivre-avec-son-diabete\/mieux-vivre-son-diabete-en-afrique\/","name":"Mieux vivre son diab\u00e8te en afrique &#8211; Sant\u00e9 Diab\u00e8te","isPartOf":{"@id":"https:\/\/santediabete.org\/#website"},"datePublished":"2019-07-28T20:17:40+00:00","breadcrumb":{"@id":"https:\/\/santediabete.org\/mieux-vivre-avec-son-diabete\/mieux-vivre-son-diabete-en-afrique\/#breadcrumb"},"inLanguage":"en-GB","potentialAction":[{"@type":"ReadAction","target":["https:\/\/santediabete.org\/mieux-vivre-avec-son-diabete\/mieux-vivre-son-diabete-en-afrique\/"]}]},{"@type":"BreadcrumbList","@id":"https:\/\/santediabete.org\/mieux-vivre-avec-son-diabete\/mieux-vivre-son-diabete-en-afrique\/#breadcrumb","itemListElement":[{"@type":"ListItem","position":1,"name":"Accueil","item":"https:\/\/santediabete.org\/"},{"@type":"ListItem","position":2,"name":"Mieux vivre avec son diab\u00e8te","item":"https:\/\/santediabete.org\/mieux-vivre-avec-son-diabete\/"},{"@type":"ListItem","position":3,"name":"Mieux vivre son diab\u00e8te en afrique"}]},{"@type":"WebSite","@id":"https:\/\/santediabete.org\/#website","url":"https:\/\/santediabete.org\/","name":"ONG Sante Diab\u00e8te","description":"Innover ensemble pour lutter contre le diab\u00e8te en Afrique","publisher":{"@id":"https:\/\/santediabete.org\/#organization"},"potentialAction":[{"@type":"SearchAction","target":{"@type":"EntryPoint","urlTemplate":"https:\/\/santediabete.org\/?s={search_term_string}"},"query-input":{"@type":"PropertyValueSpecification","valueRequired":true,"valueName":"search_term_string"}}],"inLanguage":"en-GB"},{"@type":"Organization","@id":"https:\/\/santediabete.org\/#organization","name":"NGO Sant\u00e9 Diab\u00e8te","url":"https:\/\/santediabete.org\/","logo":{"@type":"ImageObject","inLanguage":"en-GB","@id":"https:\/\/santediabete.org\/#\/schema\/logo\/image\/","url":"https:\/\/santediabete.org\/wp-content\/uploads\/2019\/05\/santediabete-logo.png","contentUrl":"https:\/\/santediabete.org\/wp-content\/uploads\/2019\/05\/santediabete-logo.png","width":311,"height":66,"caption":"ONG Sant\u00e9 Diab\u00e8te"},"image":{"@id":"https:\/\/santediabete.org\/#\/schema\/logo\/image\/"},"sameAs":["https:\/\/www.facebook.com\/ONGSantDiabte\/","https:\/\/x.com\/ongsantdiabte","https:\/\/www.instagram.com\/santediabeteofficiel\/","https:\/\/www.linkedin.com\/company\/ngo-sant\u00e9-diab\u00e8te\/","https:\/\/www.youtube.com\/channel\/UCTjyy-p0F6FSXjJ54nLXdVA"]}]}},"jetpack-related-posts":[],"jetpack_sharing_enabled":true,"_links":{"self":[{"href":"https:\/\/santediabete.org\/en_en\/wp-json\/wp\/v2\/pages\/31","targetHints":{"allow":["GET"]}}],"collection":[{"href":"https:\/\/santediabete.org\/en_en\/wp-json\/wp\/v2\/pages"}],"about":[{"href":"https:\/\/santediabete.org\/en_en\/wp-json\/wp\/v2\/types\/page"}],"author":[{"embeddable":true,"href":"https:\/\/santediabete.org\/en_en\/wp-json\/wp\/v2\/users\/3"}],"replies":[{"embeddable":true,"href":"https:\/\/santediabete.org\/en_en\/wp-json\/wp\/v2\/comments?post=31"}],"version-history":[{"count":0,"href":"https:\/\/santediabete.org\/en_en\/wp-json\/wp\/v2\/pages\/31\/revisions"}],"up":[{"embeddable":true,"href":"https:\/\/santediabete.org\/en_en\/wp-json\/wp\/v2\/pages\/21"}],"wp:attachment":[{"href":"https:\/\/santediabete.org\/en_en\/wp-json\/wp\/v2\/media?parent=31"}],"curies":[{"name":"wp","href":"https:\/\/api.w.org\/{rel}","templated":true}]}}