{"id":2702,"date":"2020-11-12T22:12:08","date_gmt":"2020-11-12T21:12:42","guid":{"rendered":"https:\/\/santediabete.org\/?page_id=2702"},"modified":"2024-05-10T14:17:53","modified_gmt":"2024-05-10T12:17:53","slug":"interne","status":"publish","type":"page","link":"https:\/\/santediabete.org\/en_en\/interne\/","title":{"rendered":"Internal"},"content":{"rendered":"<h2>\n\t\tWelcome to the internal portal\n\t<\/h2>\n\t<p><strong>L&rsquo;acc\u00e8s en un clic<\/strong><\/p>\n\t\t\t\t<a href=\"https:\/\/www.ovh.com\/fr\/mail\/%20\" target=\"_blank\" rel=\"noopener\" itemprop=\"url\">\n\t\t\t\t<img data-recalc-dims=\"1\" decoding=\"async\" src=\"https:\/\/i0.wp.com\/santediabete.org\/wp-content\/uploads\/2020\/11\/ovh2.png?resize=600%2C390&#038;ssl=1\" alt=\"ovh2\" itemprop=\"image\" height=\"390\" width=\"600\" title=\"ovh2\" onerror=\"this.style.display='none'\"  \/>\n\t\t\t\t<\/a>\n<h5>\n\t\t<a href=\"https:\/\/www.ovh.com\/fr\/mail\/%20\" title=\"Webmail &gt;\" target=\"_blank\" rel=\"noopener\">\n\t\tWebmail >\n\t\t<\/a>\n\t<\/h5>\n\t\t\t\t<a href=\"https:\/\/ged.santediabete.org\/share\/page\" target=\"_blank\" rel=\"noopener\" itemprop=\"url\">\n\t\t\t\t<img data-recalc-dims=\"1\" decoding=\"async\" src=\"https:\/\/i0.wp.com\/santediabete.org\/wp-content\/uploads\/2020\/11\/alfresco2.png?resize=600%2C390&#038;ssl=1\" alt=\"alfresco2\" itemprop=\"image\" height=\"390\" width=\"600\" title=\"alfresco2\" onerror=\"this.style.display='none'\"  \/>\n\t\t\t\t<\/a>\n<h5>\n\t\t<a href=\"https:\/\/ged.santediabete.org\/share\/page\" title=\"Intranet &gt;\" target=\"_blank\" rel=\"noopener\">\n\t\tIntranet >\n\t\t<\/a>\n\t<\/h5>\n\t\t\t\t<a href=\"https:\/\/trello.com\/login%20\" target=\"_blank\" rel=\"noopener\" itemprop=\"url\">\n\t\t\t\t<img data-recalc-dims=\"1\" decoding=\"async\" src=\"https:\/\/i0.wp.com\/santediabete.org\/wp-content\/uploads\/2020\/11\/trello2.png?resize=600%2C390&#038;ssl=1\" alt=\"trello2\" itemprop=\"image\" height=\"390\" width=\"600\" title=\"trello2\" onerror=\"this.style.display='none'\"  \/>\n\t\t\t\t<\/a>\n<h5>\n\t\t<a href=\"https:\/\/trello.com\/login%20\" title=\"Access &gt;\" target=\"_blank\" rel=\"noopener\">\n\t\tAccess &gt;\n\t\t<\/a>\n\t<\/h5>\n\t\t\t\t<a href=\"https:\/\/zoom.us\/signin%20\" target=\"_blank\" rel=\"noopener\" itemprop=\"url\">\n\t\t\t\t<img data-recalc-dims=\"1\" decoding=\"async\" src=\"https:\/\/i0.wp.com\/santediabete.org\/wp-content\/uploads\/2020\/11\/zoom2.png?resize=600%2C390&#038;ssl=1\" alt=\"zoom2\" itemprop=\"image\" height=\"390\" width=\"600\" title=\"zoom2\" onerror=\"this.style.display='none'\"  \/>\n\t\t\t\t<\/a>\n<h5>\n\t\t<a href=\"https:\/\/zoom.us\/signin%20\" title=\"Access &gt;\" target=\"_blank\" rel=\"noopener\">\n\t\tAccess &gt;\n\t\t<\/a>\n\t<\/h5>\n\t\t\t\t<a href=\"http:\/\/sokar.africasys.com:8098%20\" target=\"_blank\" rel=\"noopener\" itemprop=\"url\">\n\t\t\t\t<img data-recalc-dims=\"1\" decoding=\"async\" src=\"https:\/\/i0.wp.com\/santediabete.org\/wp-content\/uploads\/2020\/11\/data2.png?resize=600%2C390&#038;ssl=1\" alt=\"data2\" itemprop=\"image\" height=\"390\" width=\"600\" title=\"data2\" onerror=\"this.style.display='none'\"  \/>\n\t\t\t\t<\/a>\n<h5>\n\t\t<a href=\"http:\/\/sokar.africasys.com:8098%20\" title=\"Data hub &gt;\" target=\"_blank\" rel=\"noopener\">\n\t\tData hub >\n\t\t<\/a>\n\t<\/h5>\n\t\t\t\t<a href=\"https:\/\/www.zotero.org\/user\/login\/%20\" target=\"_blank\" rel=\"noopener\" itemprop=\"url\">\n\t\t\t\t<img data-recalc-dims=\"1\" decoding=\"async\" src=\"https:\/\/i0.wp.com\/santediabete.org\/wp-content\/uploads\/2020\/11\/Zotero.png?resize=600%2C390&#038;ssl=1\" alt=\"Zotero\" itemprop=\"image\" height=\"390\" width=\"600\" title=\"Zotero\" onerror=\"this.style.display='none'\"  \/>\n\t\t\t\t<\/a>\n<h5>\n\t\t<a href=\"https:\/\/www.zotero.org\/user\/login\/%20\" title=\"Zotero &gt;\" target=\"_blank\" rel=\"noopener\">\n\t\tZotero >\n\t\t<\/a>\n\t<\/h5>\n\t\t\t\t<a href=\"http:\/\/reminder.cloudlyyours.com%20\" target=\"_blank\" rel=\"noopener\" itemprop=\"url\">\n\t\t\t\t<img data-recalc-dims=\"1\" decoding=\"async\" src=\"https:\/\/i0.wp.com\/santediabete.org\/wp-content\/uploads\/2020\/12\/reminder.png?resize=600%2C390&#038;ssl=1\" alt=\"reminder\" itemprop=\"image\" height=\"390\" width=\"600\" title=\"reminder\" onerror=\"this.style.display='none'\"  \/>\n\t\t\t\t<\/a>\n<h5>\n\t\t<a href=\"http:\/\/reminder.cloudlyyours.com%20\" title=\"Reminder &gt;\" target=\"_blank\" rel=\"noopener\">\n\t\tReminder >\n\t\t<\/a>\n\t<\/h5>\n\t\t\t\t<a href=\"https:\/\/nuag.app\/welcome\" target=\"_blank\" rel=\"noopener\" itemprop=\"url\">\n\t\t\t\t<img data-recalc-dims=\"1\" decoding=\"async\" src=\"https:\/\/i0.wp.com\/santediabete.org\/wp-content\/uploads\/2022\/04\/nuag.png?resize=600%2C390&#038;ssl=1\" alt=\"nuag\" itemprop=\"image\" height=\"390\" width=\"600\" title=\"nuag\" onerror=\"this.style.display='none'\"  \/>\n\t\t\t\t<\/a>\n<h5>\n\t\t<a href=\"https:\/\/nuag.app\/welcome\" title=\"Access &gt;\" target=\"_blank\" rel=\"noopener\">\n\t\tAccess &gt;\n\t\t<\/a>\n\t<\/h5>\n            <p>Click here to edit Spacer module.<\/p>","protected":false},"excerpt":{"rendered":"<p>Bienvenue sur le portail interne L&rsquo;acc\u00e8s en un clic Webmail > Intranet > Acc\u00e8s > Acc\u00e8s > Data hub > Zotero > Reminder > Acc\u00e8s > Click here to edit Spacer module.<\/p>","protected":false},"author":10,"featured_media":0,"parent":0,"menu_order":0,"comment_status":"closed","ping_status":"closed","template":"","meta":{"footnotes":""},"class_list":["post-2702","page","type-page","status-publish","hentry"],"yoast_head":"<!-- This site is optimized with the Yoast SEO plugin v26.7 - https:\/\/yoast.com\/wordpress\/plugins\/seo\/ -->\n<title>Interne &#8211; Sant\u00e9 Diab\u00e8te<\/title>\n<meta name=\"robots\" content=\"index, follow, max-snippet:-1, max-image-preview:large, max-video-preview:-1\" \/>\n<link rel=\"canonical\" href=\"https:\/\/santediabete.org\/en_en\/interne\/\" \/>\n<meta property=\"og:locale\" content=\"en_GB\" \/>\n<meta property=\"og:type\" content=\"article\" \/>\n<meta property=\"og:title\" content=\"Interne &#8211; Sant\u00e9 Diab\u00e8te\" \/>\n<meta property=\"og:description\" content=\"Bienvenue sur le portail interne L&rsquo;acc\u00e8s en un clic Webmail &gt; Intranet &gt; Acc\u00e8s &gt; Acc\u00e8s &gt; Data hub &gt; Zotero &gt; Reminder &gt; Acc\u00e8s &gt; Click here to edit Spacer module.\" \/>\n<meta property=\"og:url\" content=\"https:\/\/santediabete.org\/en_en\/interne\/\" \/>\n<meta property=\"og:site_name\" content=\"Sant\u00e9 Diab\u00e8te\" \/>\n<meta property=\"article:publisher\" content=\"https:\/\/www.facebook.com\/ONGSantDiabte\/\" \/>\n<meta property=\"article:modified_time\" content=\"2024-05-10T12:17:53+00:00\" \/>\n<meta property=\"og:image\" content=\"https:\/\/santediabete.org\/wp-content\/uploads\/2020\/11\/ovh2.png\" \/>\n<meta name=\"twitter:card\" content=\"summary_large_image\" \/>\n<meta name=\"twitter:site\" content=\"@ongsantdiabte\" \/>\n<script type=\"application\/ld+json\" class=\"yoast-schema-graph\">{\"@context\":\"https:\/\/schema.org\",\"@graph\":[{\"@type\":\"WebPage\",\"@id\":\"https:\/\/santediabete.org\/interne\/\",\"url\":\"https:\/\/santediabete.org\/interne\/\",\"name\":\"Interne &#8211; Sant\u00e9 Diab\u00e8te\",\"isPartOf\":{\"@id\":\"https:\/\/santediabete.org\/#website\"},\"primaryImageOfPage\":{\"@id\":\"https:\/\/santediabete.org\/interne\/#primaryimage\"},\"image\":{\"@id\":\"https:\/\/santediabete.org\/interne\/#primaryimage\"},\"thumbnailUrl\":\"https:\/\/santediabete.org\/wp-content\/uploads\/2020\/11\/ovh2.png\",\"datePublished\":\"2020-11-12T21:12:42+00:00\",\"dateModified\":\"2024-05-10T12:17:53+00:00\",\"breadcrumb\":{\"@id\":\"https:\/\/santediabete.org\/interne\/#breadcrumb\"},\"inLanguage\":\"en-GB\",\"potentialAction\":[{\"@type\":\"ReadAction\",\"target\":[\"https:\/\/santediabete.org\/interne\/\"]}]},{\"@type\":\"ImageObject\",\"inLanguage\":\"en-GB\",\"@id\":\"https:\/\/santediabete.org\/interne\/#primaryimage\",\"url\":\"https:\/\/santediabete.org\/wp-content\/uploads\/2020\/11\/ovh2.png\",\"contentUrl\":\"https:\/\/santediabete.org\/wp-content\/uploads\/2020\/11\/ovh2.png\"},{\"@type\":\"BreadcrumbList\",\"@id\":\"https:\/\/santediabete.org\/interne\/#breadcrumb\",\"itemListElement\":[{\"@type\":\"ListItem\",\"position\":1,\"name\":\"Accueil\",\"item\":\"https:\/\/santediabete.org\/\"},{\"@type\":\"ListItem\",\"position\":2,\"name\":\"Interne\"}]},{\"@type\":\"WebSite\",\"@id\":\"https:\/\/santediabete.org\/#website\",\"url\":\"https:\/\/santediabete.org\/\",\"name\":\"ONG Sante Diab\u00e8te\",\"description\":\"Innover ensemble pour lutter contre le diab\u00e8te en Afrique\",\"publisher\":{\"@id\":\"https:\/\/santediabete.org\/#organization\"},\"potentialAction\":[{\"@type\":\"SearchAction\",\"target\":{\"@type\":\"EntryPoint\",\"urlTemplate\":\"https:\/\/santediabete.org\/?s={search_term_string}\"},\"query-input\":{\"@type\":\"PropertyValueSpecification\",\"valueRequired\":true,\"valueName\":\"search_term_string\"}}],\"inLanguage\":\"en-GB\"},{\"@type\":\"Organization\",\"@id\":\"https:\/\/santediabete.org\/#organization\",\"name\":\"ONG Sant\u00e9 Diab\u00e8te\",\"url\":\"https:\/\/santediabete.org\/\",\"logo\":{\"@type\":\"ImageObject\",\"inLanguage\":\"en-GB\",\"@id\":\"https:\/\/santediabete.org\/#\/schema\/logo\/image\/\",\"url\":\"https:\/\/santediabete.org\/wp-content\/uploads\/2019\/05\/santediabete-logo.png\",\"contentUrl\":\"https:\/\/santediabete.org\/wp-content\/uploads\/2019\/05\/santediabete-logo.png\",\"width\":311,\"height\":66,\"caption\":\"ONG Sant\u00e9 Diab\u00e8te\"},\"image\":{\"@id\":\"https:\/\/santediabete.org\/#\/schema\/logo\/image\/\"},\"sameAs\":[\"https:\/\/www.facebook.com\/ONGSantDiabte\/\",\"https:\/\/x.com\/ongsantdiabte\",\"https:\/\/www.instagram.com\/santediabeteofficiel\/\",\"https:\/\/www.linkedin.com\/company\/ngo-sant\u00e9-diab\u00e8te\/\",\"https:\/\/www.youtube.com\/channel\/UCTjyy-p0F6FSXjJ54nLXdVA\"]}]}<\/script>\n<!-- \/ Yoast SEO plugin. -->","yoast_head_json":{"title":"Interne &#8211; Sant\u00e9 Diab\u00e8te","robots":{"index":"index","follow":"follow","max-snippet":"max-snippet:-1","max-image-preview":"max-image-preview:large","max-video-preview":"max-video-preview:-1"},"canonical":"https:\/\/santediabete.org\/en_en\/interne\/","og_locale":"en_GB","og_type":"article","og_title":"Interne &#8211; Sant\u00e9 Diab\u00e8te","og_description":"Bienvenue sur le portail interne L&rsquo;acc\u00e8s en un clic Webmail > Intranet > Acc\u00e8s > Acc\u00e8s > Data hub > Zotero > Reminder > Acc\u00e8s > Click here to edit Spacer module.","og_url":"https:\/\/santediabete.org\/en_en\/interne\/","og_site_name":"Sant\u00e9 Diab\u00e8te","article_publisher":"https:\/\/www.facebook.com\/ONGSantDiabte\/","article_modified_time":"2024-05-10T12:17:53+00:00","og_image":[{"url":"https:\/\/santediabete.org\/wp-content\/uploads\/2020\/11\/ovh2.png","type":"","width":"","height":""}],"twitter_card":"summary_large_image","twitter_site":"@ongsantdiabte","schema":{"@context":"https:\/\/schema.org","@graph":[{"@type":"WebPage","@id":"https:\/\/santediabete.org\/interne\/","url":"https:\/\/santediabete.org\/interne\/","name":"Interne &#8211; Sant\u00e9 Diab\u00e8te","isPartOf":{"@id":"https:\/\/santediabete.org\/#website"},"primaryImageOfPage":{"@id":"https:\/\/santediabete.org\/interne\/#primaryimage"},"image":{"@id":"https:\/\/santediabete.org\/interne\/#primaryimage"},"thumbnailUrl":"https:\/\/santediabete.org\/wp-content\/uploads\/2020\/11\/ovh2.png","datePublished":"2020-11-12T21:12:42+00:00","dateModified":"2024-05-10T12:17:53+00:00","breadcrumb":{"@id":"https:\/\/santediabete.org\/interne\/#breadcrumb"},"inLanguage":"en-GB","potentialAction":[{"@type":"ReadAction","target":["https:\/\/santediabete.org\/interne\/"]}]},{"@type":"ImageObject","inLanguage":"en-GB","@id":"https:\/\/santediabete.org\/interne\/#primaryimage","url":"https:\/\/santediabete.org\/wp-content\/uploads\/2020\/11\/ovh2.png","contentUrl":"https:\/\/santediabete.org\/wp-content\/uploads\/2020\/11\/ovh2.png"},{"@type":"BreadcrumbList","@id":"https:\/\/santediabete.org\/interne\/#breadcrumb","itemListElement":[{"@type":"ListItem","position":1,"name":"Accueil","item":"https:\/\/santediabete.org\/"},{"@type":"ListItem","position":2,"name":"Interne"}]},{"@type":"WebSite","@id":"https:\/\/santediabete.org\/#website","url":"https:\/\/santediabete.org\/","name":"ONG Sante Diab\u00e8te","description":"Innover ensemble pour lutter contre le diab\u00e8te en Afrique","publisher":{"@id":"https:\/\/santediabete.org\/#organization"},"potentialAction":[{"@type":"SearchAction","target":{"@type":"EntryPoint","urlTemplate":"https:\/\/santediabete.org\/?s={search_term_string}"},"query-input":{"@type":"PropertyValueSpecification","valueRequired":true,"valueName":"search_term_string"}}],"inLanguage":"en-GB"},{"@type":"Organization","@id":"https:\/\/santediabete.org\/#organization","name":"NGO Sant\u00e9 Diab\u00e8te","url":"https:\/\/santediabete.org\/","logo":{"@type":"ImageObject","inLanguage":"en-GB","@id":"https:\/\/santediabete.org\/#\/schema\/logo\/image\/","url":"https:\/\/santediabete.org\/wp-content\/uploads\/2019\/05\/santediabete-logo.png","contentUrl":"https:\/\/santediabete.org\/wp-content\/uploads\/2019\/05\/santediabete-logo.png","width":311,"height":66,"caption":"ONG Sant\u00e9 Diab\u00e8te"},"image":{"@id":"https:\/\/santediabete.org\/#\/schema\/logo\/image\/"},"sameAs":["https:\/\/www.facebook.com\/ONGSantDiabte\/","https:\/\/x.com\/ongsantdiabte","https:\/\/www.instagram.com\/santediabeteofficiel\/","https:\/\/www.linkedin.com\/company\/ngo-sant\u00e9-diab\u00e8te\/","https:\/\/www.youtube.com\/channel\/UCTjyy-p0F6FSXjJ54nLXdVA"]}]}},"jetpack-related-posts":[],"jetpack_sharing_enabled":true,"_links":{"self":[{"href":"https:\/\/santediabete.org\/en_en\/wp-json\/wp\/v2\/pages\/2702","targetHints":{"allow":["GET"]}}],"collection":[{"href":"https:\/\/santediabete.org\/en_en\/wp-json\/wp\/v2\/pages"}],"about":[{"href":"https:\/\/santediabete.org\/en_en\/wp-json\/wp\/v2\/types\/page"}],"author":[{"embeddable":true,"href":"https:\/\/santediabete.org\/en_en\/wp-json\/wp\/v2\/users\/10"}],"replies":[{"embeddable":true,"href":"https:\/\/santediabete.org\/en_en\/wp-json\/wp\/v2\/comments?post=2702"}],"version-history":[{"count":2,"href":"https:\/\/santediabete.org\/en_en\/wp-json\/wp\/v2\/pages\/2702\/revisions"}],"predecessor-version":[{"id":21066,"href":"https:\/\/santediabete.org\/en_en\/wp-json\/wp\/v2\/pages\/2702\/revisions\/21066"}],"wp:attachment":[{"href":"https:\/\/santediabete.org\/en_en\/wp-json\/wp\/v2\/media?parent=2702"}],"curies":[{"name":"wp","href":"https:\/\/api.w.org\/{rel}","templated":true}]}}