{"id":2670,"date":"2020-11-12T21:00:08","date_gmt":"2020-11-12T20:00:16","guid":{"rendered":"https:\/\/santediabete.org\/?page_id=2670"},"modified":"2020-11-12T22:57:27","modified_gmt":"2020-11-12T21:57:27","slug":"interne-big","status":"publish","type":"page","link":"https:\/\/santediabete.org\/en_en\/interne-big\/","title":{"rendered":"Interne &#8211; Big"},"content":{"rendered":"<h1>\n\t\tWelcome to the internal portal\n\t<\/h1>\n\t<p>L&rsquo;acc\u00e8s en un clic<\/p>\n\t\t\t\t<img data-recalc-dims=\"1\" decoding=\"async\" src=\"https:\/\/i0.wp.com\/santediabete.org\/wp-content\/uploads\/2020\/11\/SD-logo.png?resize=800%2C600&#038;ssl=1\" alt=\"SD logo\" itemprop=\"image\" height=\"600\" width=\"800\" title=\"SD logo\" onerror=\"this.style.display='none'\"  \/>\n<h3>\n\t\t<a href=\"https:\/\/www.ovh.com\/fr\/mail\/\" title=\"Webmail Sant\u00e9 Diab\u00e8te\" target=\"_blank\" rel=\"noopener noreferrer\">\n\t\tWebmail Sant\u00e9 Diab\u00e8te\n\t\t<\/a>\n\t<\/h3>\n\t\t\t\t<a href=\"https:\/\/www.ovh.com\/fr\/mail\/\" target=\"_blank\" rel=\"noopener noreferrer\" itemprop=\"url\">\n\t\t\t\t<img data-recalc-dims=\"1\" decoding=\"async\" src=\"https:\/\/i0.wp.com\/santediabete.org\/wp-content\/uploads\/2020\/11\/ovh.jpg?resize=2147%2C1502&#038;ssl=1\" alt=\"ovh\" itemprop=\"image\" height=\"1502\" width=\"2147\" title=\"ovh\" onerror=\"this.style.display='none'\"  \/>\n\t\t\t\t<\/a>\n\t\t\t<a href=\"https:\/\/www.ovh.com\/fr\/mail\/\" target=\"_blank\" role=\"button\" rel=\"noopener noreferrer\">\n\t\t\t\t\t\t\tAcc\u00e9der\n\t\t\t<\/a>\n<h3>\n\t\t<a href=\"https:\/\/ged.santediabete.org\/share\/page\" title=\"Intranet Sant\u00e9 Diab\u00e8te\" target=\"_blank\" rel=\"noopener noreferrer\">\n\t\tIntranet Sant\u00e9 Diab\u00e8te\n\t\t<\/a>\n\t<\/h3>\n\t\t\t\t<a href=\"https:\/\/ged.santediabete.org\/share\/page\" target=\"_blank\" rel=\"noopener noreferrer\" itemprop=\"url\">\n\t\t\t\t<img data-recalc-dims=\"1\" decoding=\"async\" src=\"https:\/\/i0.wp.com\/santediabete.org\/wp-content\/uploads\/2020\/11\/alfresco.jpg?resize=2147%2C1502&#038;ssl=1\" alt=\"alfresco\" itemprop=\"image\" height=\"1502\" width=\"2147\" title=\"alfresco\" onerror=\"this.style.display='none'\"  \/>\n\t\t\t\t<\/a>\n\t\t\t<a href=\"https:\/\/ged.santediabete.org\/share\/page\" target=\"_blank\" role=\"button\" rel=\"noopener noreferrer\">\n\t\t\t\t\t\t\tAcc\u00e9der\n\t\t\t<\/a>\n<h4>\n\t\t<a href=\"https:\/\/trello.com\/login\" title=\"Acc\u00e8s Trello\" target=\"_blank\" rel=\"noopener noreferrer\">\n\t\tAcc\u00e8s Trello\n\t\t<\/a>\n\t<\/h4>\n\t\t\t\t<a href=\"https:\/\/trello.com\/login\" target=\"_blank\" rel=\"noopener noreferrer\" itemprop=\"url\">\n\t\t\t\t<img data-recalc-dims=\"1\" decoding=\"async\" src=\"https:\/\/i0.wp.com\/santediabete.org\/wp-content\/uploads\/2020\/11\/trello.jpg?resize=768%2C768&#038;ssl=1\" alt=\"trello\" itemprop=\"image\" height=\"768\" width=\"768\" title=\"trello\" onerror=\"this.style.display='none'\"  \/>\n\t\t\t\t<\/a>\n\t\t\t<a href=\"https:\/\/trello.com\/login\" target=\"_blank\" role=\"button\" rel=\"noopener noreferrer\">\n\t\t\t\t\t\t\tAcc\u00e9der\n\t\t\t<\/a>\n<h4>\n\t\t<a href=\"https:\/\/zoom.us\/signin\" title=\"Acc\u00e8s Zoom\" target=\"_blank\" rel=\"noopener noreferrer\">\n\t\tAcc\u00e8s Zoom\n\t\t<\/a>\n\t<\/h4>\n\t\t\t\t<a href=\"https:\/\/zoom.us\/signin\" target=\"_blank\" rel=\"noopener noreferrer\" itemprop=\"url\">\n\t\t\t\t<img data-recalc-dims=\"1\" decoding=\"async\" src=\"https:\/\/i0.wp.com\/santediabete.org\/wp-content\/uploads\/2020\/11\/zoom.jpg?resize=768%2C768&#038;ssl=1\" alt=\"zoom\" itemprop=\"image\" height=\"768\" width=\"768\" title=\"zoom\" onerror=\"this.style.display='none'\"  \/>\n\t\t\t\t<\/a>\n\t\t\t<a href=\"https:\/\/zoom.us\/signin\" target=\"_blank\" role=\"button\" rel=\"noopener noreferrer\">\n\t\t\t\t\t\t\tAcc\u00e9der\n\t\t\t<\/a>\n<h4>\n\t\t<a href=\"http:\/\/sokar.africasys.com:8098\" title=\"Sant\u00e9 Diab\u00e8te Data Hub\" target=\"_blank\" rel=\"noopener noreferrer\">\n\t\tSant\u00e9 Diab\u00e8te Data Hub\n\t\t<\/a>\n\t<\/h4>\n\t\t\t\t<a href=\"http:\/\/sokar.africasys.com:8098\" target=\"_blank\" rel=\"noopener noreferrer\" itemprop=\"url\">\n\t\t\t\t<img data-recalc-dims=\"1\" decoding=\"async\" src=\"https:\/\/i0.wp.com\/santediabete.org\/wp-content\/uploads\/2020\/11\/data.jpg?resize=768%2C768&#038;ssl=1\" alt=\"data\" itemprop=\"image\" height=\"768\" width=\"768\" title=\"data\" onerror=\"this.style.display='none'\"  \/>\n\t\t\t\t<\/a>\n\t\t\t<a href=\"http:\/\/sokar.africasys.com:8098\" target=\"_blank\" role=\"button\" rel=\"noopener noreferrer\">\n\t\t\t\t\t\t\tAcc\u00e9der\n\t\t\t<\/a>","protected":false},"excerpt":{"rendered":"<p>Bienvenue sur le portail interne L&rsquo;acc\u00e8s en un clic Webmail Sant\u00e9 Diab\u00e8te Acc\u00e9der Intranet Sant\u00e9 Diab\u00e8te Acc\u00e9der Acc\u00e8s Trello Acc\u00e9der Acc\u00e8s Zoom Acc\u00e9der Sant\u00e9 Diab\u00e8te Data Hub Acc\u00e9der<\/p>","protected":false},"author":10,"featured_media":0,"parent":0,"menu_order":0,"comment_status":"closed","ping_status":"closed","template":"","meta":{"footnotes":""},"class_list":["post-2670","page","type-page","status-publish","hentry"],"yoast_head":"<!-- This site is optimized with the Yoast SEO plugin v27.5 - https:\/\/yoast.com\/product\/yoast-seo-wordpress\/ -->\n<title>Interne - Big &#8211; Sant\u00e9 Diab\u00e8te<\/title>\n<meta name=\"robots\" content=\"index, follow, max-snippet:-1, max-image-preview:large, max-video-preview:-1\" \/>\n<link rel=\"canonical\" href=\"https:\/\/santediabete.org\/en_en\/interne-big\/\" \/>\n<meta property=\"og:locale\" content=\"en_GB\" \/>\n<meta property=\"og:type\" content=\"article\" \/>\n<meta property=\"og:title\" content=\"Interne - Big &#8211; Sant\u00e9 Diab\u00e8te\" \/>\n<meta property=\"og:description\" content=\"Bienvenue sur le portail interne L&rsquo;acc\u00e8s en un clic Webmail Sant\u00e9 Diab\u00e8te Acc\u00e9der Intranet Sant\u00e9 Diab\u00e8te Acc\u00e9der Acc\u00e8s Trello Acc\u00e9der Acc\u00e8s Zoom Acc\u00e9der Sant\u00e9 Diab\u00e8te Data Hub Acc\u00e9der\" \/>\n<meta property=\"og:url\" content=\"https:\/\/santediabete.org\/en_en\/interne-big\/\" \/>\n<meta property=\"og:site_name\" content=\"Sant\u00e9 Diab\u00e8te\" \/>\n<meta property=\"article:publisher\" content=\"https:\/\/www.facebook.com\/ONGSantDiabte\/\" \/>\n<meta property=\"article:modified_time\" content=\"2020-11-12T21:57:27+00:00\" \/>\n<meta property=\"og:image\" content=\"https:\/\/santediabete.org\/wp-content\/uploads\/2020\/11\/SD-logo.png\" \/>\n<meta name=\"twitter:card\" content=\"summary_large_image\" \/>\n<meta name=\"twitter:site\" content=\"@ongsantdiabte\" \/>\n<script type=\"application\/ld+json\" class=\"yoast-schema-graph\">{\"@context\":\"https:\\\/\\\/schema.org\",\"@graph\":[{\"@type\":\"WebPage\",\"@id\":\"https:\\\/\\\/santediabete.org\\\/interne-big\\\/\",\"url\":\"https:\\\/\\\/santediabete.org\\\/interne-big\\\/\",\"name\":\"Interne - Big &#8211; Sant\u00e9 Diab\u00e8te\",\"isPartOf\":{\"@id\":\"https:\\\/\\\/santediabete.org\\\/#website\"},\"primaryImageOfPage\":{\"@id\":\"https:\\\/\\\/santediabete.org\\\/interne-big\\\/#primaryimage\"},\"image\":{\"@id\":\"https:\\\/\\\/santediabete.org\\\/interne-big\\\/#primaryimage\"},\"thumbnailUrl\":\"https:\\\/\\\/santediabete.org\\\/wp-content\\\/uploads\\\/2020\\\/11\\\/SD-logo.png\",\"datePublished\":\"2020-11-12T20:00:16+00:00\",\"dateModified\":\"2020-11-12T21:57:27+00:00\",\"breadcrumb\":{\"@id\":\"https:\\\/\\\/santediabete.org\\\/interne-big\\\/#breadcrumb\"},\"inLanguage\":\"en-GB\",\"potentialAction\":[{\"@type\":\"ReadAction\",\"target\":[\"https:\\\/\\\/santediabete.org\\\/interne-big\\\/\"]}]},{\"@type\":\"ImageObject\",\"inLanguage\":\"en-GB\",\"@id\":\"https:\\\/\\\/santediabete.org\\\/interne-big\\\/#primaryimage\",\"url\":\"https:\\\/\\\/santediabete.org\\\/wp-content\\\/uploads\\\/2020\\\/11\\\/SD-logo.png\",\"contentUrl\":\"https:\\\/\\\/santediabete.org\\\/wp-content\\\/uploads\\\/2020\\\/11\\\/SD-logo.png\"},{\"@type\":\"BreadcrumbList\",\"@id\":\"https:\\\/\\\/santediabete.org\\\/interne-big\\\/#breadcrumb\",\"itemListElement\":[{\"@type\":\"ListItem\",\"position\":1,\"name\":\"Accueil\",\"item\":\"https:\\\/\\\/santediabete.org\\\/\"},{\"@type\":\"ListItem\",\"position\":2,\"name\":\"Interne &#8211; Big\"}]},{\"@type\":\"WebSite\",\"@id\":\"https:\\\/\\\/santediabete.org\\\/#website\",\"url\":\"https:\\\/\\\/santediabete.org\\\/\",\"name\":\"ONG Sante Diab\u00e8te\",\"description\":\"Innover ensemble pour lutter contre le diab\u00e8te en Afrique\",\"publisher\":{\"@id\":\"https:\\\/\\\/santediabete.org\\\/#organization\"},\"potentialAction\":[{\"@type\":\"SearchAction\",\"target\":{\"@type\":\"EntryPoint\",\"urlTemplate\":\"https:\\\/\\\/santediabete.org\\\/?s={search_term_string}\"},\"query-input\":{\"@type\":\"PropertyValueSpecification\",\"valueRequired\":true,\"valueName\":\"search_term_string\"}}],\"inLanguage\":\"en-GB\"},{\"@type\":\"Organization\",\"@id\":\"https:\\\/\\\/santediabete.org\\\/#organization\",\"name\":\"ONG Sant\u00e9 Diab\u00e8te\",\"url\":\"https:\\\/\\\/santediabete.org\\\/\",\"logo\":{\"@type\":\"ImageObject\",\"inLanguage\":\"en-GB\",\"@id\":\"https:\\\/\\\/santediabete.org\\\/#\\\/schema\\\/logo\\\/image\\\/\",\"url\":\"https:\\\/\\\/santediabete.org\\\/wp-content\\\/uploads\\\/2019\\\/05\\\/santediabete-logo.png\",\"contentUrl\":\"https:\\\/\\\/santediabete.org\\\/wp-content\\\/uploads\\\/2019\\\/05\\\/santediabete-logo.png\",\"width\":311,\"height\":66,\"caption\":\"ONG Sant\u00e9 Diab\u00e8te\"},\"image\":{\"@id\":\"https:\\\/\\\/santediabete.org\\\/#\\\/schema\\\/logo\\\/image\\\/\"},\"sameAs\":[\"https:\\\/\\\/www.facebook.com\\\/ONGSantDiabte\\\/\",\"https:\\\/\\\/x.com\\\/ongsantdiabte\",\"https:\\\/\\\/www.instagram.com\\\/santediabeteofficiel\\\/\",\"https:\\\/\\\/www.linkedin.com\\\/company\\\/ngo-sant\u00e9-diab\u00e8te\\\/\",\"https:\\\/\\\/www.youtube.com\\\/channel\\\/UCTjyy-p0F6FSXjJ54nLXdVA\"]}]}<\/script>\n<!-- \/ Yoast SEO plugin. -->","yoast_head_json":{"title":"Interne - Big &#8211; Sant\u00e9 Diab\u00e8te","robots":{"index":"index","follow":"follow","max-snippet":"max-snippet:-1","max-image-preview":"max-image-preview:large","max-video-preview":"max-video-preview:-1"},"canonical":"https:\/\/santediabete.org\/en_en\/interne-big\/","og_locale":"en_GB","og_type":"article","og_title":"Interne - Big &#8211; Sant\u00e9 Diab\u00e8te","og_description":"Bienvenue sur le portail interne L&rsquo;acc\u00e8s en un clic Webmail Sant\u00e9 Diab\u00e8te Acc\u00e9der Intranet Sant\u00e9 Diab\u00e8te Acc\u00e9der Acc\u00e8s Trello Acc\u00e9der Acc\u00e8s Zoom Acc\u00e9der Sant\u00e9 Diab\u00e8te Data Hub Acc\u00e9der","og_url":"https:\/\/santediabete.org\/en_en\/interne-big\/","og_site_name":"Sant\u00e9 Diab\u00e8te","article_publisher":"https:\/\/www.facebook.com\/ONGSantDiabte\/","article_modified_time":"2020-11-12T21:57:27+00:00","og_image":[{"url":"https:\/\/santediabete.org\/wp-content\/uploads\/2020\/11\/SD-logo.png","type":"","width":"","height":""}],"twitter_card":"summary_large_image","twitter_site":"@ongsantdiabte","schema":{"@context":"https:\/\/schema.org","@graph":[{"@type":"WebPage","@id":"https:\/\/santediabete.org\/interne-big\/","url":"https:\/\/santediabete.org\/interne-big\/","name":"Interne - Big &#8211; Sant\u00e9 Diab\u00e8te","isPartOf":{"@id":"https:\/\/santediabete.org\/#website"},"primaryImageOfPage":{"@id":"https:\/\/santediabete.org\/interne-big\/#primaryimage"},"image":{"@id":"https:\/\/santediabete.org\/interne-big\/#primaryimage"},"thumbnailUrl":"https:\/\/santediabete.org\/wp-content\/uploads\/2020\/11\/SD-logo.png","datePublished":"2020-11-12T20:00:16+00:00","dateModified":"2020-11-12T21:57:27+00:00","breadcrumb":{"@id":"https:\/\/santediabete.org\/interne-big\/#breadcrumb"},"inLanguage":"en-GB","potentialAction":[{"@type":"ReadAction","target":["https:\/\/santediabete.org\/interne-big\/"]}]},{"@type":"ImageObject","inLanguage":"en-GB","@id":"https:\/\/santediabete.org\/interne-big\/#primaryimage","url":"https:\/\/santediabete.org\/wp-content\/uploads\/2020\/11\/SD-logo.png","contentUrl":"https:\/\/santediabete.org\/wp-content\/uploads\/2020\/11\/SD-logo.png"},{"@type":"BreadcrumbList","@id":"https:\/\/santediabete.org\/interne-big\/#breadcrumb","itemListElement":[{"@type":"ListItem","position":1,"name":"Accueil","item":"https:\/\/santediabete.org\/"},{"@type":"ListItem","position":2,"name":"Interne &#8211; Big"}]},{"@type":"WebSite","@id":"https:\/\/santediabete.org\/#website","url":"https:\/\/santediabete.org\/","name":"ONG Sante Diab\u00e8te","description":"Innover ensemble pour lutter contre le diab\u00e8te en Afrique","publisher":{"@id":"https:\/\/santediabete.org\/#organization"},"potentialAction":[{"@type":"SearchAction","target":{"@type":"EntryPoint","urlTemplate":"https:\/\/santediabete.org\/?s={search_term_string}"},"query-input":{"@type":"PropertyValueSpecification","valueRequired":true,"valueName":"search_term_string"}}],"inLanguage":"en-GB"},{"@type":"Organization","@id":"https:\/\/santediabete.org\/#organization","name":"NGO Sant\u00e9 Diab\u00e8te","url":"https:\/\/santediabete.org\/","logo":{"@type":"ImageObject","inLanguage":"en-GB","@id":"https:\/\/santediabete.org\/#\/schema\/logo\/image\/","url":"https:\/\/santediabete.org\/wp-content\/uploads\/2019\/05\/santediabete-logo.png","contentUrl":"https:\/\/santediabete.org\/wp-content\/uploads\/2019\/05\/santediabete-logo.png","width":311,"height":66,"caption":"ONG Sant\u00e9 Diab\u00e8te"},"image":{"@id":"https:\/\/santediabete.org\/#\/schema\/logo\/image\/"},"sameAs":["https:\/\/www.facebook.com\/ONGSantDiabte\/","https:\/\/x.com\/ongsantdiabte","https:\/\/www.instagram.com\/santediabeteofficiel\/","https:\/\/www.linkedin.com\/company\/ngo-sant\u00e9-diab\u00e8te\/","https:\/\/www.youtube.com\/channel\/UCTjyy-p0F6FSXjJ54nLXdVA"]}]}},"jetpack-related-posts":[],"jetpack_sharing_enabled":true,"_links":{"self":[{"href":"https:\/\/santediabete.org\/en_en\/wp-json\/wp\/v2\/pages\/2670","targetHints":{"allow":["GET"]}}],"collection":[{"href":"https:\/\/santediabete.org\/en_en\/wp-json\/wp\/v2\/pages"}],"about":[{"href":"https:\/\/santediabete.org\/en_en\/wp-json\/wp\/v2\/types\/page"}],"author":[{"embeddable":true,"href":"https:\/\/santediabete.org\/en_en\/wp-json\/wp\/v2\/users\/10"}],"replies":[{"embeddable":true,"href":"https:\/\/santediabete.org\/en_en\/wp-json\/wp\/v2\/comments?post=2670"}],"version-history":[{"count":0,"href":"https:\/\/santediabete.org\/en_en\/wp-json\/wp\/v2\/pages\/2670\/revisions"}],"wp:attachment":[{"href":"https:\/\/santediabete.org\/en_en\/wp-json\/wp\/v2\/media?parent=2670"}],"curies":[{"name":"wp","href":"https:\/\/api.w.org\/{rel}","templated":true}]}}