{"id":26,"date":"2019-08-05T14:47:08","date_gmt":"2019-08-05T12:47:25","guid":{"rendered":"https:\/\/santediabete.labubulle.com\/?page_id=26"},"modified":"2020-04-28T15:03:09","modified_gmt":"2020-04-28T13:03:09","slug":"mentions-legales","status":"publish","type":"page","link":"https:\/\/santediabete.org\/en_en\/mentions-legales\/","title":{"rendered":"Legal Notice"},"content":{"rendered":"<p>In accordance with the provisions of Articles 6-III and 19 of the French Law N\u00b02004-575 of June 21, 2004 for Confidence in the digital economy, known as LCEN, Users of <em>https:\/\/santediabete.org\u00a0<\/em>website are informed of the present legal notices.<\/p>\n<p>Connection and website navigation (indicate website's name) by the user implies full and unreserved acceptance of these legal notices.<\/p>\n<p>These can be found in the \"Legal notices\" section.<\/p>\n<h2>ARTICLE 1: The publisher<\/h2>\n<p>L\u2019\u00e9dition et la direction de la publication du site https:\/\/santediabete.org est assur\u00e9e par :<\/p>\nSant\u00e9 Diab\u00e8te Society<br \/>\nFRANCE HEADQUARTERS<br \/>\n5 rue Federico Garcia Lorca<br \/>\n38100 Grenoble (France)<br \/>\nTelephone : +33624518269<br \/>\nMail : contact@santediabete.org\n<em>Publication Manager<br \/>\n<\/em>David Hacquin, President of Sant\u00e9 Diab\u00e8te\n<em>General manager<br \/>\n<\/em>St\u00e9phane Besan\u00e7on\n<h2>ARTICLE 2: The host<\/h2>\n<p>L&rsquo;h\u00e9bergeur du site https:\/\/santediabete.org est :<\/p>\nOVH Company<br \/>\nHeadquarters<br \/>\n2 Rue Kellermann<br \/>\n59100 Roubaix<br \/>\nTelephone: 0972101007\n<p>&nbsp;<\/p>\n<h2>ARTICLE 3: Access to the website<\/h2>\n<p>Any location can access to the website 7 days a week 24 hours a day, except in cases of force majeure, scheduled or unscheduled interruption that may arise from a need for maintenance.<\/p>\n<p>In case of modification, interruption or suspension of services the website <em>https:\/\/santediabete.org\u00a0<\/em>will not be held responsible.<\/p>\n<p>&nbsp;<\/p>\n<h2>ARTICLE 4: Data collection<\/h2>\n<p><em><strong>Information sur l&rsquo;utilisation de vos donn\u00e9es personnelles (finalit\u00e9 de la collecte de vos donn\u00e9es)<\/strong><\/em><\/p>\n<p>In accordance with the regulations on the personal data protection, we inform you that the personal information collected on the registration forms on the website is saved in an automated file by Sant\u00e9 Diab\u00e8te.<\/p>\n<p>They are intended for General Management and the communication department.<\/p>\n<p>They are necessary for the management of your donations, to respond to your requests and send you a communication, through the newsletter of our community, and to keep you informed about our actions.<\/p>\n<p>Sant\u00e9 Diab\u00e8te undertakes not to transfer your data outside the European Union and does not exchange any personal data with third-party partners in the voluntary sector.<\/p>\n<p>Your personal information shall be kept for a strictly limited period to the above actions.<\/p>\n<p><strong><em>Information on the legal basis for the collection of your data<\/em><\/strong><\/p>\n<p>Your collection data is based on your consent, which you can leave it at any time.<\/p>\n<p><em><strong>Your rights<\/strong> <\/em><\/p>\n<p><em>Therefore you have :<\/em><\/p>\n<ul>\n<li>le droit d&rsquo;acc\u00e9der \u00e0 vos donn\u00e9es,<\/li>\n<li>the right to rectify inaccurate or incomplete personal data,<\/li>\n<li>le droit de demander l&rsquo;effacement de vos donn\u00e9es,<\/li>\n<li>le droit \u00e0 la limitation du traitement de vos donn\u00e9es (dans le cas o\u00f9 vous contestez l&rsquo;exactitude des donn\u00e9es collect\u00e9es, vous pouvez demander que leur utilisation soit suspendue le temps que nous traitons votre demande),<\/li>\n<li>the right to data portability (right to recover part of your personal data),<\/li>\n<li>le droit d&rsquo;opposition pure et simple \u00e0 l&rsquo;utilisation de vos donn\u00e9es.<\/li>\n<\/ul>\n<em>Destinataire de l&rsquo;exercice de vos droits : d\u00e9l\u00e9gu\u00e9 \u00e0 la protection des donn\u00e9es :<br \/>\n<\/em>\n<p>To exercise your rights, you can contact our team, which guarantees our personal data protection policy:<\/p>\n<ul>\n<li>by e-mail: contact@santediabete.org<\/li>\n<li>par courrier \u00e0 Association Sant\u00e9 Diab\u00e8te &#8211; Protection des donn\u00e9es &#8211; 5 rue F\u00e9d\u00e9rico Garcia Lorca &#8211; 38100 Grenoble<\/li>\n<\/ul>\n<p>Dans les deux cas, merci de bien vouloir joindre \u00e0 votre demande un justificatif d&rsquo;identit\u00e9.<\/p>\n<p><em>Destinataire d&rsquo;une r\u00e9clamation aupr\u00e8s de l&rsquo;organisme public qui garantit le respect de la r\u00e9glementation relative \u00e0 la protection des donn\u00e9es personnelles<\/em><\/p>\n<p>You can appeal to the CNIL, which guarantees the protection of your rights with the following coordinates:<\/p>\n<ul>\n<li>par courrier : 3 place de Fontenoy, TSA 80715 &#8211; 75334 Paris Cedex 07<\/li>\n<li>on the website: www.cnil.fr<\/li>\n<\/ul>\n<h2>ARTICLE 5: Cookies<\/h2>\n<p><em><strong>Use of cookies<\/strong><\/em><\/p>\n<p>Le site santediabete.org utilise des \u00ab\u00a0cookies\u00a0\u00bb qui sont des fichiers texte plac\u00e9s sur votre ordinateur. Nous sommes amen\u00e9s \u00e0 utiliser vos donn\u00e9es de navigation par le biais de ces cookies. Les donn\u00e9es utilis\u00e9es vous concernant font l\u2019objet d\u2019un traitement statistique.<\/p>\n<p><em><strong>Sant\u00e9 Diab\u00e8te Cookies<\/strong><\/em><\/p>\n<p><em>Session cookie<\/em><\/p>\n<p>L&rsquo;affichage d&rsquo;une page pouvant d\u00e9pendre de votre navigation sur une page pr\u00e9c\u00e9dente, un cookie de session permet de garantir un affichage coh\u00e9rent le temps de votre navigation sur le site.<\/p>\n<p><em>Google Analytics<\/em><\/p>\n<p>Sant\u00e9 Diab\u00e8te uses Google Analytics, a website analysis service which allows you to find out how you use the M\u00e9decins du Monde websites: sites visited, frequency of visits, duration of visits, searches made, browsers used, operator providing the service, location linked to the IP address (allowing your identification on the internet).<\/p>\n<p><em>Cookies acceptance banner<\/em><\/p>\n<p>Un cookie est utilis\u00e9 pour d\u00e9sactiver le bandeau d\u2019acceptation des cookies. Il sert \u00e0 ce que le bandeau n\u2019apparaisse plus lorsque vous l&rsquo;avez d\u00e9sactiv\u00e9.<\/p>\n<p><em>YouTube<\/em><\/p>\n<p>Le site Sant\u00e9 Diab\u00e8te utilise le service d&rsquo;h\u00e9bergement de vid\u00e9os YouTube. Les cookies YouTube permettent \u00e0 votre ordinateur de se souvenir de certains r\u00e9glages du lecteur.<\/p>\n<p><em>Marketing Cookies<\/em><\/p>\n<p>Les cookies marketing sont utilis\u00e9s pour effectuer le suivi des visiteurs au travers des sites Web. Le but est d&rsquo;afficher des publicit\u00e9s qui sont pertinentes et int\u00e9ressantes pour l&rsquo;utilisateur individuel et donc plus pr\u00e9cieuses pour les \u00e9diteurs et annonceurs tiers.<\/p>\n<p>The purpose of these cookies may also be to identify you and\/or obtain your contact details, in particular from third parties, with a view to reactivating your attention, i.e. canvassing operations intended for you by various means of communication (postal mail, email or telemarketing, for example).<\/p>\n<p>If you refuse cookies in whole or in part, certain functions of the website will no longer work and \/ or will not function optimally. We decline any responsibility arising from the degraded functioning of the site due to your refusal of certain cookies.<\/p>\n<p><em><strong>Disabling Cookies<\/strong><\/em><\/p>\n<p>You can block some or all cookies, or even delete those that have already been installed. However, this may make your visit to our pages less pleasant.<\/p>\n<p>If you do not want to receive cookies, you can adjust your browser. To find out how to do this, consult the websites linked below according to your browser type: <a href=\"https:\/\/support.mozilla.org\/en-US\/kb\/enhanced-tracking-protection-firefox-desktop\" target=\"_blank\" rel=\"noopener noreferrer\">Firefox<\/a>\u00a0&#8211;\u00a0<a href=\"https:\/\/support.google.com\/chrome\/answer\/95647?hl=en\" target=\"_blank\" rel=\"noopener noreferrer\">Chrome<\/a>\u00a0 &#8211;\u00a0<a href=\"https:\/\/support.microsoft.com\/en-gb\/help\/17442\/windows-internet-explorer-delete-manage-cookies#ie=ie-9\" target=\"_blank\" rel=\"noopener noreferrer\">Explorer<\/a>\u00a0 &#8211; <a href=\"https:\/\/support.apple.com\/en-gb\/guide\/safari\/sfri11471\/mac\" target=\"_blank\" rel=\"noopener noreferrer\">Safari<\/a>\u00a0 &#8211;\u00a0<a href=\"https:\/\/help.opera.com\/en\/latest\/web-preferences\/#cookies\" target=\"_blank\" rel=\"noopener noreferrer\">Opera<\/a>\u00a0 &#8211;\u00a0<a href=\"https:\/\/support.apple.com\/en-gb\/HT201265\" target=\"_blank\" rel=\"noopener noreferrer\">iOS<\/a>\u00a0&#8211;\u00a0<a href=\"https:\/\/www.wikihow.com\/Disable-Cookies#Android_Devices\" target=\"_blank\" rel=\"noopener noreferrer\">Android<\/a>\u00a0&#8211;\u00a0<a href=\"https:\/\/support.microsoft.com\/en-gb\/help\/17442\/windows-internet-explorer-delete-manage-cookies\" target=\"_blank\" rel=\"noopener noreferrer\">Blackberry<\/a>\u00a0&#8211;\u00a0<a href=\"https:\/\/support.microsoft.com\/en-gb\/help\/17442\/windows-internet-explorer-delete-manage-cookies\" target=\"_blank\" rel=\"noopener noreferrer\">Windows Phone<\/a><\/p>\n<p>En poursuivant votre navigation sur le site, vous acceptez l&rsquo;utilisation de cookies dans le cadre d\u00e9fini dans nos mentions l\u00e9gales.<\/p>\n<h2>Article 6: Intellectual Property<\/h2>\n<p>Les marques \u00ab Sant\u00e9 Diab\u00e8te \u00bb, le logo, les noms de domaine et l&rsquo;ensemble du site web santediabete.org ainsi que les textes et illustrations qui le composent, notamment graphiques, photographiques et multim\u00e9dia sont la propri\u00e9t\u00e9 de Sant\u00e9 Diab\u00e8te ou sont utilis\u00e9s par Sant\u00e9 Diab\u00e8te avec l&rsquo;accord des titulaires des droits d&rsquo;auteur ou du droit sur les marques. A ce titre, ils sont prot\u00e9g\u00e9s par la l\u00e9gislation fran\u00e7aise, communautaire et internationale relative au droit de la propri\u00e9t\u00e9 intellectuelle. Il est par cons\u00e9quent interdit de reproduire, de modifier, d&rsquo;utiliser, de r\u00e9utiliser la marque de Sant\u00e9 Diab\u00e8te , son logo, le contenu du site, et le nom de domaine attach\u00e9 \u00e0 des fins publiques ou commerciales, y compris les textes, images et supports.<\/p>\n<p>Any reproduction or use of santediabete.org and \/ or its components for purposes other than public and commercial must be authorized in advance by Sant\u00e9 Diab\u00e8te and must in this case mention the source, Sant\u00e9 Diab\u00e8te or the holder of the property rights.<\/p>\n<p>Any use, reproduction, distribution, commercialization, modification of all or part of the site <em>santediabete.org<\/em>without the Publisher's authorization is prohibited and may lead to legal action and prosecution as provided in particular by the Intellectual Property Code and the Civil Code.<\/p>\n<p>&nbsp;<\/p>\n<h2>ARTICLE 7: Disclaimer<\/h2>\n<p>All data, information and publications accessible, represented or downloadable from the website are not exhaustive and are provided for informational purposes only.<\/p>\n<p>Sant\u00e9 Diab\u00e8te cannot in any way be held responsible for the content accessible from hypertext links published on the website, insofar as they are not under the control of Sant\u00e9 Diab\u00e8te.<\/p>\n<p>Sant\u00e9 Diab\u00e8te therefore declines all responsibility for their content.<\/p>\n<p>Sant\u00e9 Diab\u00e8te d\u00e9cline \u00e9galement toute responsabilit\u00e9 en cas de difficult\u00e9 d&rsquo;acc\u00e8s ou d&rsquo;interruption dans la connexion.<\/p>\n<p>En outre, Sant\u00e9 Diab\u00e8te se r\u00e9serve le droit, pour toutes raisons et \u00e0 sa seule discr\u00e9tion, de r\u00e9silier, modifier, suspendre ou interrompre l&rsquo;acc\u00e8s \u00e0 tout ou partie de santediabete.org, sans avis pr\u00e9alable.<\/p>\n<p>Sant\u00e9 Diab\u00e8te cannot in any case be held responsible for any direct or indirect damage resulting from the use by any user of the data, information or publications accessible or downloadable from the website.<\/p>\n<p>&nbsp;<\/p>\n<h2>ARTICLE 8: Online donations<\/h2>\n<p><strong><em>Secure payment<\/em><\/strong><\/p>\n<p>Our online donation platform included in the santediabete.org site is 100% secure.<\/p>\n<p>All banking information in order to process the payment is encrypted thanks to the TLS protocol. They are never stored on our computer systems.<\/p>\n<p><em><strong>Pooling of donations<\/strong><\/em><\/p>\n<p>Sant\u00e9 Diab\u00e8te a pour principe de ne pas affecter les dons et de mutualiser sur l&rsquo;ensemble de ses missions les fonds re\u00e7us. Ce principe clair permet d&rsquo;intervenir uniquement en fonction des besoins r\u00e9els sur le terrain et non en fonction de consid\u00e9rations financi\u00e8res ou de la forte m\u00e9diatisation de situations d&rsquo;urgence. Par cons\u00e9quent, si les dons re\u00e7us sont sup\u00e9rieurs aux engagements pris, ils seront r\u00e9affect\u00e9s en fonction d&rsquo;autres programmes.<\/p>\n<p>&nbsp;<\/p>\n<h2>Article 9 : Information about the content of the site<\/h2>\n<p><strong>General data <\/strong><\/p>\n<p>Toutes les informations pr\u00e9sent\u00e9es sur notre site \u00e9manent de sources d&rsquo;informations fiables, telles que les institutions sanitaires internationales, les revues scientifiques et m\u00e9dicales et d\u2019autres institutions partenaires. Le contenu de notre site est v\u00e9rifi\u00e9 et nous travaillons quotidiennement \u00e0 nous assurer de la pertinence de l\u2019information. Sant\u00e9 Diab\u00e8te garantit la v\u00e9racit\u00e9 des documents publi\u00e9s, mais ne saurait \u00eatre tenue responsable de l\u2019utilisation du contenu des liens.<\/p>\n<p>Les articles de la rubrique \u00ab\u00a0Le diab\u00e8te\u00a0\u00bb ont \u00e9t\u00e9 r\u00e9dig\u00e9s par St\u00e9phane Besan\u00e7on et valid\u00e9s par le conseil scientifique de Sant\u00e9 Diab\u00e8te.<\/p>\n<p>Responsable de publication pour l&rsquo;ensemble du site : St\u00e9phane Besan\u00e7on, Directeur g\u00e9n\u00e9ral de Sant\u00e9 Diab\u00e8te, Biologiste et nutritionniste.<\/p>\n<p><strong>About complementarity, mission and audience<\/strong><\/p>\n<p>This information cannot replace the direct relationship between the patient (or site visitor) and healthcare professionals. Sant\u00e9 Diab\u00e8te does not carry out online consultations and does not offer a diagnosis to Internet users.<\/p>\n<p>The data published on the Health Diabetes website aims to improve the quality of information and communication in the field of diabetes prevention and care in Africa.<\/p>\n<p>L&rsquo;audience cibl\u00e9e par le site se compose \u00e0 la fois de la population g\u00e9n\u00e9rale, des professionnels de sant\u00e9, des patients, des professionnels du d\u00e9veloppement et des professionnels de l\u2019humanitaire.<\/p>\n<p>&nbsp;<\/p>\n<p><strong>About funding<\/strong><\/p>\n<p>Bien que b\u00e9n\u00e9ficiant de l&rsquo;appui financier de nombreux partenaires (Organisations internationales, Etats, Collectivit\u00e9s Territoriales\u2026) dans la r\u00e9alisation de ses programmes de terrain, l\u2019ONG Sant\u00e9 Diab\u00e8te ne dispose d\u2019aucun financement pour la r\u00e9alisation de ce site internet qui est financ\u00e9 sur fonds propres.<\/p>\n<p><strong>About the announcements<\/strong><\/p>\n<p><em>Advertising policy<\/em><\/p>\n<p>The Sant\u00e9 Diab\u00e8te site does not display advertisements and does not receive advertising funds.<\/p>\n<p>&nbsp;<\/p>\n<h2>ARTICLE 10 : Contact<\/h2>\n<p>Do you have any comments, criticisms or suggestions you would like to make? <a href=\"https:\/\/santediabete.org\/en_en\/contact\/\">Send us your comments here.<\/a>.<\/p>\n<p>Would you like to contact our donor service? Do not hesitate to contact us by e-mail for any questions: contact@santediabete.org<\/p>","protected":false},"excerpt":{"rendered":"<p>Conform\u00e9ment aux dispositions des Articles 6-III et 19 de la Loi n\u00b02004-575 du 21 juin 2004 pour la Confiance dans l\u2019\u00e9conomie num\u00e9rique, dite L.C.E.N., il est port\u00e9 \u00e0 la connaissance des Utilisateurs du site https:\/\/santediabete.org\u00a0les pr\u00e9sentes mentions l\u00e9gales. La connexion et la navigation sur le site (indiquer le nom du site) par l\u2019Utilisateur implique acceptation&hellip;<\/p>","protected":false},"author":3,"featured_media":0,"parent":0,"menu_order":12,"comment_status":"closed","ping_status":"closed","template":"","meta":{"footnotes":""},"class_list":["post-26","page","type-page","status-publish","hentry"],"yoast_head":"<!-- This site is optimized with the Yoast SEO plugin v26.7 - https:\/\/yoast.com\/wordpress\/plugins\/seo\/ -->\n<title>Mentions L\u00e9gales &#8211; Sant\u00e9 Diab\u00e8te<\/title>\n<meta name=\"robots\" content=\"index, follow, max-snippet:-1, max-image-preview:large, max-video-preview:-1\" \/>\n<link rel=\"canonical\" href=\"https:\/\/santediabete.org\/en_en\/mentions-legales\/\" \/>\n<meta property=\"og:locale\" content=\"en_GB\" \/>\n<meta property=\"og:type\" content=\"article\" \/>\n<meta property=\"og:title\" content=\"Mentions L\u00e9gales &#8211; Sant\u00e9 Diab\u00e8te\" \/>\n<meta property=\"og:description\" content=\"Conform\u00e9ment aux dispositions des Articles 6-III et 19 de la Loi n\u00b02004-575 du 21 juin 2004 pour la Confiance dans l\u2019\u00e9conomie num\u00e9rique, dite L.C.E.N., il est port\u00e9 \u00e0 la connaissance des Utilisateurs du site https:\/\/santediabete.org\u00a0les pr\u00e9sentes mentions l\u00e9gales. La connexion et la navigation sur le site (indiquer le nom du site) par l\u2019Utilisateur implique acceptation&hellip;\" \/>\n<meta property=\"og:url\" content=\"https:\/\/santediabete.org\/en_en\/mentions-legales\/\" \/>\n<meta property=\"og:site_name\" content=\"Sant\u00e9 Diab\u00e8te\" \/>\n<meta property=\"article:publisher\" content=\"https:\/\/www.facebook.com\/ONGSantDiabte\/\" \/>\n<meta property=\"article:modified_time\" content=\"2020-04-28T13:03:09+00:00\" \/>\n<meta name=\"twitter:card\" content=\"summary_large_image\" \/>\n<meta name=\"twitter:site\" content=\"@ongsantdiabte\" \/>\n<meta name=\"twitter:label1\" content=\"Estimated reading time\" \/>\n\t<meta name=\"twitter:data1\" content=\"10 minutes\" \/>\n<script type=\"application\/ld+json\" class=\"yoast-schema-graph\">{\"@context\":\"https:\/\/schema.org\",\"@graph\":[{\"@type\":\"WebPage\",\"@id\":\"https:\/\/santediabete.org\/mentions-legales\/\",\"url\":\"https:\/\/santediabete.org\/mentions-legales\/\",\"name\":\"Mentions L\u00e9gales &#8211; Sant\u00e9 Diab\u00e8te\",\"isPartOf\":{\"@id\":\"https:\/\/santediabete.org\/#website\"},\"datePublished\":\"2019-08-05T12:47:25+00:00\",\"dateModified\":\"2020-04-28T13:03:09+00:00\",\"breadcrumb\":{\"@id\":\"https:\/\/santediabete.org\/mentions-legales\/#breadcrumb\"},\"inLanguage\":\"en-GB\",\"potentialAction\":[{\"@type\":\"ReadAction\",\"target\":[\"https:\/\/santediabete.org\/mentions-legales\/\"]}]},{\"@type\":\"BreadcrumbList\",\"@id\":\"https:\/\/santediabete.org\/mentions-legales\/#breadcrumb\",\"itemListElement\":[{\"@type\":\"ListItem\",\"position\":1,\"name\":\"Accueil\",\"item\":\"https:\/\/santediabete.org\/\"},{\"@type\":\"ListItem\",\"position\":2,\"name\":\"Mentions L\u00e9gales\"}]},{\"@type\":\"WebSite\",\"@id\":\"https:\/\/santediabete.org\/#website\",\"url\":\"https:\/\/santediabete.org\/\",\"name\":\"ONG Sante Diab\u00e8te\",\"description\":\"Innover ensemble pour lutter contre le diab\u00e8te en Afrique\",\"publisher\":{\"@id\":\"https:\/\/santediabete.org\/#organization\"},\"potentialAction\":[{\"@type\":\"SearchAction\",\"target\":{\"@type\":\"EntryPoint\",\"urlTemplate\":\"https:\/\/santediabete.org\/?s={search_term_string}\"},\"query-input\":{\"@type\":\"PropertyValueSpecification\",\"valueRequired\":true,\"valueName\":\"search_term_string\"}}],\"inLanguage\":\"en-GB\"},{\"@type\":\"Organization\",\"@id\":\"https:\/\/santediabete.org\/#organization\",\"name\":\"ONG Sant\u00e9 Diab\u00e8te\",\"url\":\"https:\/\/santediabete.org\/\",\"logo\":{\"@type\":\"ImageObject\",\"inLanguage\":\"en-GB\",\"@id\":\"https:\/\/santediabete.org\/#\/schema\/logo\/image\/\",\"url\":\"https:\/\/santediabete.org\/wp-content\/uploads\/2019\/05\/santediabete-logo.png\",\"contentUrl\":\"https:\/\/santediabete.org\/wp-content\/uploads\/2019\/05\/santediabete-logo.png\",\"width\":311,\"height\":66,\"caption\":\"ONG Sant\u00e9 Diab\u00e8te\"},\"image\":{\"@id\":\"https:\/\/santediabete.org\/#\/schema\/logo\/image\/\"},\"sameAs\":[\"https:\/\/www.facebook.com\/ONGSantDiabte\/\",\"https:\/\/x.com\/ongsantdiabte\",\"https:\/\/www.instagram.com\/santediabeteofficiel\/\",\"https:\/\/www.linkedin.com\/company\/ngo-sant\u00e9-diab\u00e8te\/\",\"https:\/\/www.youtube.com\/channel\/UCTjyy-p0F6FSXjJ54nLXdVA\"]}]}<\/script>\n<!-- \/ Yoast SEO plugin. -->","yoast_head_json":{"title":"Mentions L\u00e9gales &#8211; Sant\u00e9 Diab\u00e8te","robots":{"index":"index","follow":"follow","max-snippet":"max-snippet:-1","max-image-preview":"max-image-preview:large","max-video-preview":"max-video-preview:-1"},"canonical":"https:\/\/santediabete.org\/en_en\/mentions-legales\/","og_locale":"en_GB","og_type":"article","og_title":"Mentions L\u00e9gales &#8211; Sant\u00e9 Diab\u00e8te","og_description":"Conform\u00e9ment aux dispositions des Articles 6-III et 19 de la Loi n\u00b02004-575 du 21 juin 2004 pour la Confiance dans l\u2019\u00e9conomie num\u00e9rique, dite L.C.E.N., il est port\u00e9 \u00e0 la connaissance des Utilisateurs du site https:\/\/santediabete.org\u00a0les pr\u00e9sentes mentions l\u00e9gales. La connexion et la navigation sur le site (indiquer le nom du site) par l\u2019Utilisateur implique acceptation&hellip;","og_url":"https:\/\/santediabete.org\/en_en\/mentions-legales\/","og_site_name":"Sant\u00e9 Diab\u00e8te","article_publisher":"https:\/\/www.facebook.com\/ONGSantDiabte\/","article_modified_time":"2020-04-28T13:03:09+00:00","twitter_card":"summary_large_image","twitter_site":"@ongsantdiabte","twitter_misc":{"Estimated reading time":"10 minutes"},"schema":{"@context":"https:\/\/schema.org","@graph":[{"@type":"WebPage","@id":"https:\/\/santediabete.org\/mentions-legales\/","url":"https:\/\/santediabete.org\/mentions-legales\/","name":"Mentions L\u00e9gales &#8211; Sant\u00e9 Diab\u00e8te","isPartOf":{"@id":"https:\/\/santediabete.org\/#website"},"datePublished":"2019-08-05T12:47:25+00:00","dateModified":"2020-04-28T13:03:09+00:00","breadcrumb":{"@id":"https:\/\/santediabete.org\/mentions-legales\/#breadcrumb"},"inLanguage":"en-GB","potentialAction":[{"@type":"ReadAction","target":["https:\/\/santediabete.org\/mentions-legales\/"]}]},{"@type":"BreadcrumbList","@id":"https:\/\/santediabete.org\/mentions-legales\/#breadcrumb","itemListElement":[{"@type":"ListItem","position":1,"name":"Accueil","item":"https:\/\/santediabete.org\/"},{"@type":"ListItem","position":2,"name":"Mentions L\u00e9gales"}]},{"@type":"WebSite","@id":"https:\/\/santediabete.org\/#website","url":"https:\/\/santediabete.org\/","name":"ONG Sante Diab\u00e8te","description":"Innover ensemble pour lutter contre le diab\u00e8te en Afrique","publisher":{"@id":"https:\/\/santediabete.org\/#organization"},"potentialAction":[{"@type":"SearchAction","target":{"@type":"EntryPoint","urlTemplate":"https:\/\/santediabete.org\/?s={search_term_string}"},"query-input":{"@type":"PropertyValueSpecification","valueRequired":true,"valueName":"search_term_string"}}],"inLanguage":"en-GB"},{"@type":"Organization","@id":"https:\/\/santediabete.org\/#organization","name":"NGO Sant\u00e9 Diab\u00e8te","url":"https:\/\/santediabete.org\/","logo":{"@type":"ImageObject","inLanguage":"en-GB","@id":"https:\/\/santediabete.org\/#\/schema\/logo\/image\/","url":"https:\/\/santediabete.org\/wp-content\/uploads\/2019\/05\/santediabete-logo.png","contentUrl":"https:\/\/santediabete.org\/wp-content\/uploads\/2019\/05\/santediabete-logo.png","width":311,"height":66,"caption":"ONG Sant\u00e9 Diab\u00e8te"},"image":{"@id":"https:\/\/santediabete.org\/#\/schema\/logo\/image\/"},"sameAs":["https:\/\/www.facebook.com\/ONGSantDiabte\/","https:\/\/x.com\/ongsantdiabte","https:\/\/www.instagram.com\/santediabeteofficiel\/","https:\/\/www.linkedin.com\/company\/ngo-sant\u00e9-diab\u00e8te\/","https:\/\/www.youtube.com\/channel\/UCTjyy-p0F6FSXjJ54nLXdVA"]}]}},"jetpack-related-posts":[],"jetpack_sharing_enabled":true,"_links":{"self":[{"href":"https:\/\/santediabete.org\/en_en\/wp-json\/wp\/v2\/pages\/26","targetHints":{"allow":["GET"]}}],"collection":[{"href":"https:\/\/santediabete.org\/en_en\/wp-json\/wp\/v2\/pages"}],"about":[{"href":"https:\/\/santediabete.org\/en_en\/wp-json\/wp\/v2\/types\/page"}],"author":[{"embeddable":true,"href":"https:\/\/santediabete.org\/en_en\/wp-json\/wp\/v2\/users\/3"}],"replies":[{"embeddable":true,"href":"https:\/\/santediabete.org\/en_en\/wp-json\/wp\/v2\/comments?post=26"}],"version-history":[{"count":0,"href":"https:\/\/santediabete.org\/en_en\/wp-json\/wp\/v2\/pages\/26\/revisions"}],"wp:attachment":[{"href":"https:\/\/santediabete.org\/en_en\/wp-json\/wp\/v2\/media?parent=26"}],"curies":[{"name":"wp","href":"https:\/\/api.w.org\/{rel}","templated":true}]}}