{"id":25,"date":"2019-07-12T10:46:09","date_gmt":"2019-07-12T08:46:09","guid":{"rendered":"https:\/\/santediabete.labubulle.com\/?page_id=25"},"modified":"2020-05-19T10:17:11","modified_gmt":"2020-05-19T08:17:11","slug":"nous-rejoindre","status":"publish","type":"page","link":"https:\/\/santediabete.org\/en_en\/nous-rejoindre\/","title":{"rendered":"Join us"},"content":{"rendered":"<h1>\u00a0<\/h1>\r\n<p><strong>Would you like to join our teams?<br \/>Apply for our offers or send us your spontaneous application<\/strong><\/p>\r\n<h2>OFFERS<\/h2>\r\n<h2>Spontaneous application<\/h2>\r\n<script>\nvar gform;gform||(document.addEventListener(\"gform_main_scripts_loaded\",function(){gform.scriptsLoaded=!0}),document.addEventListener(\"gform\/theme\/scripts_loaded\",function(){gform.themeScriptsLoaded=!0}),window.addEventListener(\"DOMContentLoaded\",function(){gform.domLoaded=!0}),gform={domLoaded:!1,scriptsLoaded:!1,themeScriptsLoaded:!1,isFormEditor:()=>\"function\"==typeof InitializeEditor,callIfLoaded:function(o){return!(!gform.domLoaded||!gform.scriptsLoaded||!gform.themeScriptsLoaded&&!gform.isFormEditor()||(gform.isFormEditor()&&console.warn(\"The use of gform.initializeOnLoaded() is deprecated in the form editor context and will be removed in Gravity Forms 3.1.\"),o(),0))},initializeOnLoaded:function(o){gform.callIfLoaded(o)||(document.addEventListener(\"gform_main_scripts_loaded\",()=>{gform.scriptsLoaded=!0,gform.callIfLoaded(o)}),document.addEventListener(\"gform\/theme\/scripts_loaded\",()=>{gform.themeScriptsLoaded=!0,gform.callIfLoaded(o)}),window.addEventListener(\"DOMContentLoaded\",()=>{gform.domLoaded=!0,gform.callIfLoaded(o)}))},hooks:{action:{},filter:{}},addAction:function(o,r,e,t){gform.addHook(\"action\",o,r,e,t)},addFilter:function(o,r,e,t){gform.addHook(\"filter\",o,r,e,t)},doAction:function(o){gform.doHook(\"action\",o,arguments)},applyFilters:function(o){return gform.doHook(\"filter\",o,arguments)},removeAction:function(o,r){gform.removeHook(\"action\",o,r)},removeFilter:function(o,r,e){gform.removeHook(\"filter\",o,r,e)},addHook:function(o,r,e,t,n){null==gform.hooks[o][r]&&(gform.hooks[o][r]=[]);var d=gform.hooks[o][r];null==n&&(n=r+\"_\"+d.length),gform.hooks[o][r].push({tag:n,callable:e,priority:t=null==t?10:t})},doHook:function(r,o,e){var t;if(e=Array.prototype.slice.call(e,1),null!=gform.hooks[r][o]&&((o=gform.hooks[r][o]).sort(function(o,r){return o.priority-r.priority}),o.forEach(function(o){\"function\"!=typeof(t=o.callable)&&(t=window[t]),\"action\"==r?t.apply(null,e):e[0]=t.apply(null,e)})),\"filter\"==r)return e[0]},removeHook:function(o,r,t,n){var e;null!=gform.hooks[o][r]&&(e=(e=gform.hooks[o][r]).filter(function(o,r,e){return!!(null!=n&&n!=o.tag||null!=t&&t!=o.priority)}),gform.hooks[o][r]=e)}});\n<\/script>\n\n                <div class='gf_browser_gecko gform_wrapper gform_legacy_markup_wrapper gform-theme--no-framework' data-form-theme='legacy' data-form-index='0' id='gform_wrapper_6' ><div id='gf_6' class='gform_anchor' tabindex='-1'><\/div><form method='post' enctype='multipart\/form-data' target='gform_ajax_frame_6' id='gform_6'  action='\/en_en\/wp-json\/wp\/v2\/pages\/25#gf_6' data-formid='6' novalidate data-trp-original-action=\"\/en_en\/wp-json\/wp\/v2\/pages\/25#gf_6\">\n                        <div class='gform-body gform_body'><ul id='gform_fields_6' class='gform_fields top_label form_sublabel_below description_below validation_below'><li id=\"field_6_6\" class=\"gfield gfield--type-honeypot gform_validation_container field_sublabel_below gfield--has-description field_description_below field_validation_below gfield_visibility_visible\"  ><label class='gfield_label gform-field-label' for='input_6_6'>Email<\/label><div class='ginput_container'><input name='input_6' id='input_6_6' type='text' value='' autocomplete='new-password'\/><\/div><div class='gfield_description' id='gfield_description_6_6'>This field is for validation purposes and should be left unchanged.<\/div><\/li><li id=\"field_6_1\" class=\"gfield gfield--type-name gfield_contains_required field_sublabel_below gfield--no-description field_description_below field_validation_below gfield_visibility_visible\"  ><label class='gfield_label gform-field-label gfield_label_before_complex' >Name<span class=\"gfield_required\"><span class=\"gfield_required gfield_required_asterisk\">*<\/span><\/span><\/label><div class='ginput_complex ginput_container ginput_container--name no_prefix has_first_name no_middle_name has_last_name no_suffix gf_name_has_2 ginput_container_name gform-grid-row' id='input_6_1'>\n                            \n                            <span id='input_6_1_3_container' class='name_first gform-grid-col gform-grid-col--size-auto' >\n                                                    <input type='text' name='input_1.3' id='input_6_1_3' value='' tabindex='101'  aria-required='true'     \/>\n                                                    <label for='input_6_1_3' class='gform-field-label gform-field-label--type-sub'>First<\/label>\n                                                <\/span>\n                            \n                            <span id='input_6_1_6_container' class='name_last gform-grid-col gform-grid-col--size-auto' >\n                                                    <input type='text' name='input_1.6' id='input_6_1_6' value='' tabindex='103'  aria-required='true'     \/>\n                                                    <label for='input_6_1_6' class='gform-field-label gform-field-label--type-sub'>Last<\/label>\n                                                <\/span>\n                            \n                        <\/div><\/li><li id=\"field_6_2\" class=\"gfield gfield--type-email gfield_contains_required field_sublabel_below gfield--no-description field_description_below field_validation_below gfield_visibility_visible\"  ><label class='gfield_label gform-field-label' for='input_6_2'>E-mail<span class=\"gfield_required\"><span class=\"gfield_required gfield_required_asterisk\">*<\/span><\/span><\/label><div class='ginput_container ginput_container_email'>\n                            <input name='input_2' id='input_6_2' type='email' value='' class='medium' tabindex='105'   aria-required=\"true\" aria-invalid=\"false\"  \/>\n                        <\/div><\/li><li id=\"field_6_3\" class=\"gfield gfield--type-textarea gfield_contains_required field_sublabel_below gfield--no-description field_description_below field_validation_below gfield_visibility_visible\"  ><label class='gfield_label gform-field-label' for='input_6_3'>Message<span class=\"gfield_required\"><span class=\"gfield_required gfield_required_asterisk\">*<\/span><\/span><\/label><div class='ginput_container ginput_container_textarea'><textarea name='input_3' id='input_6_3' class='textarea medium' tabindex='106'    aria-required=\"true\" aria-invalid=\"false\"   rows='10' cols='50'><\/textarea><\/div><\/li><li id=\"field_6_4\" class=\"gfield gfield--type-fileupload field_sublabel_below gfield--no-description field_description_below field_validation_below gfield_visibility_visible\"  ><label class='gfield_label gform-field-label' for='input_6_4'>Your CV<\/label><div class='ginput_container ginput_container_fileupload'><input type='hidden' name='MAX_FILE_SIZE' value='134217728' \/><input name='input_4' id='input_6_4' type='file' class='medium' aria-describedby=\"gfield_upload_rules_6_4\" onchange='javascript:gformValidateFileSize( this, 134217728 );' tabindex='107' \/><span class='gfield_description gform_fileupload_rules' id='gfield_upload_rules_6_4'>Max. file size: 128 MB.<\/span><div class='gfield_description validation_message gfield_validation_message validation_message--hidden-on-empty' id='live_validation_message_6_4'><\/div> <\/div><\/li><li id=\"field_6_5\" class=\"gfield gfield--type-captcha field_sublabel_below gfield--no-description field_description_below field_validation_below gfield_visibility_visible\"  ><label class='gfield_label gform-field-label' for='input_6_5'>CAPTCHA<\/label><div class='gfield_captcha_container'><img class='gfield_captcha' src='https:\/\/santediabete.org\/index.php?gf-download=323064572.png&#038;form-id=captcha&#038;field-id=5&#038;hash=3860cbdbf91dfac78098bb4ce63061378c24cb18c34fb91601d2c617d9cb72ca' alt='' width='150' height='42' \/><div class='gfield_captcha_input_container simple_captcha_medium'><input type='text' autocomplete='off' name='input_5' id='input_6_5' tabindex='108'\/><input type='hidden' name='input_captcha_prefix_5' value='323064572' \/><\/div><\/div><\/li><\/ul><\/div>\n        <div class='gform-footer gform_footer top_label'> <input type='submit' id='gform_submit_button_6' class='gform_button button' onclick='gform.submission.handleButtonClick(this);' data-submission-type='submit' value='Send' tabindex='109' \/> <input type='hidden' name='gform_ajax' value='form_id=6&amp;title=&amp;description=&amp;tabindex=100&amp;theme=legacy&amp;styles=[]&amp;hash=80a1f657abcb92d676841aa7b5600e5c' \/>\n            <input type='hidden' class='gform_hidden' name='gform_submission_method' data-js='gform_submission_method_6' value='iframe' \/>\n            <input type='hidden' class='gform_hidden' name='gform_theme' data-js='gform_theme_6' id='gform_theme_6' value='legacy' \/>\n            <input type='hidden' class='gform_hidden' name='gform_style_settings' data-js='gform_style_settings_6' id='gform_style_settings_6' value='[]' \/>\n            <input type='hidden' class='gform_hidden' name='is_submit_6' value='1' \/>\n            <input type='hidden' class='gform_hidden' name='gform_submit' value='6' \/>\n            \n            <input type='hidden' class='gform_hidden' name='gform_currency' data-currency='EUR' value='nstXqYcYkxc0rQK3JzLHnB1B8hwvO5bwKCuOmemkp\/9GlYcEa733ok05f7sAqhULDIbvXagXhOhUoocgHGTf7YX6AbY1HcKpl3o3op+CFsExklU=' \/>\n            <input type='hidden' class='gform_hidden' name='gform_unique_id' value='' \/>\n            <input type='hidden' class='gform_hidden' name='state_6' value='WyJbXSIsImNlOWY5NGNmNDBkY2FhYzdmMmI1ZWJlOWQ4MmY1ZTQ1Il0=' \/>\n            <input type='hidden' autocomplete='off' class='gform_hidden' name='gform_target_page_number_6' id='gform_target_page_number_6' value='0' \/>\n            <input type='hidden' autocomplete='off' class='gform_hidden' name='gform_source_page_number_6' id='gform_source_page_number_6' value='1' \/>\n            <input type='hidden' name='gform_field_values' value='' \/>\n            \n        <\/div>\n                        <input type=\"hidden\" name=\"trp-form-language\" value=\"en_en\"\/><\/form>\n                        <\/div>\n\t\t                <iframe style='display:none;width:0px;height:0px;' src='about:blank' name='gform_ajax_frame_6' id='gform_ajax_frame_6' title='This iframe contains the logic required to handle Ajax powered Gravity Forms.'><\/iframe>\n\t\t                <script>\ngform.initializeOnLoaded( function() {gformInitSpinner( 6, 'https:\/\/santediabete.org\/wp-content\/plugins\/gravityforms\/images\/spinner.svg', true );jQuery('#gform_ajax_frame_6').on('load',function(){var contents = jQuery(this).contents().find('*').html();var is_postback = contents.indexOf('GF_AJAX_POSTBACK') >= 0;if(!is_postback){return;}var form_content = jQuery(this).contents().find('#gform_wrapper_6');var is_confirmation = jQuery(this).contents().find('#gform_confirmation_wrapper_6').length > 0;var is_redirect = contents.indexOf('gformRedirect(){') >= 0;var is_form = form_content.length > 0 && ! is_redirect && ! is_confirmation;var mt = parseInt(jQuery('html').css('margin-top'), 10) + parseInt(jQuery('body').css('margin-top'), 10) + 100;if(is_form){jQuery('#gform_wrapper_6').html(form_content.html());if(form_content.hasClass('gform_validation_error')){jQuery('#gform_wrapper_6').addClass('gform_validation_error');} else {jQuery('#gform_wrapper_6').removeClass('gform_validation_error');}setTimeout( function() { \/* delay the scroll by 50 milliseconds to fix a bug in chrome *\/ jQuery(document).scrollTop(jQuery('#gform_wrapper_6').offset().top - mt); }, 50 );if(window['gformInitDatepicker']) {gformInitDatepicker();}if(window['gformInitPriceFields']) {gformInitPriceFields();}var current_page = jQuery('#gform_source_page_number_6').val();gformInitSpinner( 6, 'https:\/\/santediabete.org\/wp-content\/plugins\/gravityforms\/images\/spinner.svg', true );jQuery(document).trigger('gform_page_loaded', [6, current_page]);window['gf_submitting_6'] = false;}else if(!is_redirect){var confirmation_content = jQuery(this).contents().find('.GF_AJAX_POSTBACK').html();if(!confirmation_content){confirmation_content = contents;}jQuery('#gform_wrapper_6').replaceWith(confirmation_content);jQuery(document).scrollTop(jQuery('#gf_6').offset().top - mt);jQuery(document).trigger('gform_confirmation_loaded', [6]);window['gf_submitting_6'] = false;wp.a11y.speak(jQuery('#gform_confirmation_message_6').text());}else{jQuery('#gform_6').append(contents);if(window['gformRedirect']) {gformRedirect();}}jQuery(document).trigger(\"gform_pre_post_render\", [{ formId: \"6\", currentPage: \"current_page\", abort: function() { this.preventDefault(); } }]);        if (event && event.defaultPrevented) {                return;        }        const gformWrapperDiv = document.getElementById( \"gform_wrapper_6\" );        if ( gformWrapperDiv ) {            const visibilitySpan = document.createElement( \"span\" );            visibilitySpan.id = \"gform_visibility_test_6\";            gformWrapperDiv.insertAdjacentElement( \"afterend\", visibilitySpan );        }        const visibilityTestDiv = document.getElementById( \"gform_visibility_test_6\" );        let postRenderFired = false;        function triggerPostRender() {            if ( postRenderFired ) {                return;            }            postRenderFired = true;            gform.core.triggerPostRenderEvents( 6, current_page );            if ( visibilityTestDiv ) {                visibilityTestDiv.parentNode.removeChild( visibilityTestDiv );            }        }        function debounce( func, wait, immediate ) {            var timeout;            return function() {                var context = this, args = arguments;                var later = function() {                    timeout = null;                    if ( !immediate ) func.apply( context, args );                };                var callNow = immediate && !timeout;                clearTimeout( timeout );                timeout = setTimeout( later, wait );                if ( callNow ) func.apply( context, args );            };        }        const debouncedTriggerPostRender = debounce( function() {            triggerPostRender();        }, 200 );        if ( visibilityTestDiv && visibilityTestDiv.offsetParent === null ) {            const observer = new MutationObserver( ( mutations ) => {                mutations.forEach( ( mutation ) => {                    if ( mutation.type === 'attributes' && visibilityTestDiv.offsetParent !== null ) {                        debouncedTriggerPostRender();                        observer.disconnect();                    }                });            });            observer.observe( document.body, {                attributes: true,                childList: false,                subtree: true,                attributeFilter: [ 'style', 'class' ],            });        } else {            triggerPostRender();        }    } );} );\n<\/script>","protected":false},"excerpt":{"rendered":"<p>\u00a0 Would you like to join our teams? Apply for our offers or send us your spontaneous application The offers Spontaneous application<\/p>","protected":false},"author":3,"featured_media":0,"parent":0,"menu_order":11,"comment_status":"closed","ping_status":"closed","template":"","meta":{"footnotes":""},"class_list":["post-25","page","type-page","status-publish","hentry"],"yoast_head":"<!-- This site is optimized with the Yoast SEO plugin v26.7 - https:\/\/yoast.com\/wordpress\/plugins\/seo\/ -->\n<title>Nous rejoindre &#8211; Sant\u00e9 Diab\u00e8te<\/title>\n<meta name=\"robots\" content=\"index, follow, max-snippet:-1, max-image-preview:large, max-video-preview:-1\" \/>\n<link rel=\"canonical\" href=\"https:\/\/santediabete.org\/en_en\/nous-rejoindre\/\" \/>\n<meta property=\"og:locale\" content=\"en_GB\" \/>\n<meta property=\"og:type\" content=\"article\" \/>\n<meta property=\"og:title\" content=\"Nous rejoindre &#8211; Sant\u00e9 Diab\u00e8te\" \/>\n<meta property=\"og:description\" content=\"\u00a0 Vous souhaitez rejoindre nos \u00e9quipes ?Postulez \u00e0 nos offres ou bien envoyez-nous votre candidature spontan\u00e9e Les offres Candidature spontan\u00e9e\" \/>\n<meta property=\"og:url\" content=\"https:\/\/santediabete.org\/en_en\/nous-rejoindre\/\" \/>\n<meta property=\"og:site_name\" content=\"Sant\u00e9 Diab\u00e8te\" \/>\n<meta property=\"article:publisher\" content=\"https:\/\/www.facebook.com\/ONGSantDiabte\/\" \/>\n<meta property=\"article:modified_time\" content=\"2020-05-19T08:17:11+00:00\" \/>\n<meta name=\"twitter:card\" content=\"summary_large_image\" \/>\n<meta name=\"twitter:site\" content=\"@ongsantdiabte\" \/>\n<script type=\"application\/ld+json\" class=\"yoast-schema-graph\">{\"@context\":\"https:\/\/schema.org\",\"@graph\":[{\"@type\":\"WebPage\",\"@id\":\"https:\/\/santediabete.org\/nous-rejoindre\/\",\"url\":\"https:\/\/santediabete.org\/nous-rejoindre\/\",\"name\":\"Nous rejoindre &#8211; Sant\u00e9 Diab\u00e8te\",\"isPartOf\":{\"@id\":\"https:\/\/santediabete.org\/#website\"},\"datePublished\":\"2019-07-12T08:46:09+00:00\",\"dateModified\":\"2020-05-19T08:17:11+00:00\",\"breadcrumb\":{\"@id\":\"https:\/\/santediabete.org\/nous-rejoindre\/#breadcrumb\"},\"inLanguage\":\"en-GB\",\"potentialAction\":[{\"@type\":\"ReadAction\",\"target\":[\"https:\/\/santediabete.org\/nous-rejoindre\/\"]}]},{\"@type\":\"BreadcrumbList\",\"@id\":\"https:\/\/santediabete.org\/nous-rejoindre\/#breadcrumb\",\"itemListElement\":[{\"@type\":\"ListItem\",\"position\":1,\"name\":\"Accueil\",\"item\":\"https:\/\/santediabete.org\/\"},{\"@type\":\"ListItem\",\"position\":2,\"name\":\"Nous rejoindre\"}]},{\"@type\":\"WebSite\",\"@id\":\"https:\/\/santediabete.org\/#website\",\"url\":\"https:\/\/santediabete.org\/\",\"name\":\"ONG Sante Diab\u00e8te\",\"description\":\"Innover ensemble pour lutter contre le diab\u00e8te en Afrique\",\"publisher\":{\"@id\":\"https:\/\/santediabete.org\/#organization\"},\"potentialAction\":[{\"@type\":\"SearchAction\",\"target\":{\"@type\":\"EntryPoint\",\"urlTemplate\":\"https:\/\/santediabete.org\/?s={search_term_string}\"},\"query-input\":{\"@type\":\"PropertyValueSpecification\",\"valueRequired\":true,\"valueName\":\"search_term_string\"}}],\"inLanguage\":\"en-GB\"},{\"@type\":\"Organization\",\"@id\":\"https:\/\/santediabete.org\/#organization\",\"name\":\"ONG Sant\u00e9 Diab\u00e8te\",\"url\":\"https:\/\/santediabete.org\/\",\"logo\":{\"@type\":\"ImageObject\",\"inLanguage\":\"en-GB\",\"@id\":\"https:\/\/santediabete.org\/#\/schema\/logo\/image\/\",\"url\":\"https:\/\/santediabete.org\/wp-content\/uploads\/2019\/05\/santediabete-logo.png\",\"contentUrl\":\"https:\/\/santediabete.org\/wp-content\/uploads\/2019\/05\/santediabete-logo.png\",\"width\":311,\"height\":66,\"caption\":\"ONG Sant\u00e9 Diab\u00e8te\"},\"image\":{\"@id\":\"https:\/\/santediabete.org\/#\/schema\/logo\/image\/\"},\"sameAs\":[\"https:\/\/www.facebook.com\/ONGSantDiabte\/\",\"https:\/\/x.com\/ongsantdiabte\",\"https:\/\/www.instagram.com\/santediabeteofficiel\/\",\"https:\/\/www.linkedin.com\/company\/ngo-sant\u00e9-diab\u00e8te\/\",\"https:\/\/www.youtube.com\/channel\/UCTjyy-p0F6FSXjJ54nLXdVA\"]}]}<\/script>\n<!-- \/ Yoast SEO plugin. -->","yoast_head_json":{"title":"Nous rejoindre &#8211; Sant\u00e9 Diab\u00e8te","robots":{"index":"index","follow":"follow","max-snippet":"max-snippet:-1","max-image-preview":"max-image-preview:large","max-video-preview":"max-video-preview:-1"},"canonical":"https:\/\/santediabete.org\/en_en\/nous-rejoindre\/","og_locale":"en_GB","og_type":"article","og_title":"Nous rejoindre &#8211; Sant\u00e9 Diab\u00e8te","og_description":"\u00a0 Vous souhaitez rejoindre nos \u00e9quipes ?Postulez \u00e0 nos offres ou bien envoyez-nous votre candidature spontan\u00e9e Les offres Candidature spontan\u00e9e","og_url":"https:\/\/santediabete.org\/en_en\/nous-rejoindre\/","og_site_name":"Sant\u00e9 Diab\u00e8te","article_publisher":"https:\/\/www.facebook.com\/ONGSantDiabte\/","article_modified_time":"2020-05-19T08:17:11+00:00","twitter_card":"summary_large_image","twitter_site":"@ongsantdiabte","schema":{"@context":"https:\/\/schema.org","@graph":[{"@type":"WebPage","@id":"https:\/\/santediabete.org\/nous-rejoindre\/","url":"https:\/\/santediabete.org\/nous-rejoindre\/","name":"Nous rejoindre &#8211; Sant\u00e9 Diab\u00e8te","isPartOf":{"@id":"https:\/\/santediabete.org\/#website"},"datePublished":"2019-07-12T08:46:09+00:00","dateModified":"2020-05-19T08:17:11+00:00","breadcrumb":{"@id":"https:\/\/santediabete.org\/nous-rejoindre\/#breadcrumb"},"inLanguage":"en-GB","potentialAction":[{"@type":"ReadAction","target":["https:\/\/santediabete.org\/nous-rejoindre\/"]}]},{"@type":"BreadcrumbList","@id":"https:\/\/santediabete.org\/nous-rejoindre\/#breadcrumb","itemListElement":[{"@type":"ListItem","position":1,"name":"Accueil","item":"https:\/\/santediabete.org\/"},{"@type":"ListItem","position":2,"name":"Nous rejoindre"}]},{"@type":"WebSite","@id":"https:\/\/santediabete.org\/#website","url":"https:\/\/santediabete.org\/","name":"ONG Sante Diab\u00e8te","description":"Innover ensemble pour lutter contre le diab\u00e8te en Afrique","publisher":{"@id":"https:\/\/santediabete.org\/#organization"},"potentialAction":[{"@type":"SearchAction","target":{"@type":"EntryPoint","urlTemplate":"https:\/\/santediabete.org\/?s={search_term_string}"},"query-input":{"@type":"PropertyValueSpecification","valueRequired":true,"valueName":"search_term_string"}}],"inLanguage":"en-GB"},{"@type":"Organization","@id":"https:\/\/santediabete.org\/#organization","name":"NGO Sant\u00e9 Diab\u00e8te","url":"https:\/\/santediabete.org\/","logo":{"@type":"ImageObject","inLanguage":"en-GB","@id":"https:\/\/santediabete.org\/#\/schema\/logo\/image\/","url":"https:\/\/santediabete.org\/wp-content\/uploads\/2019\/05\/santediabete-logo.png","contentUrl":"https:\/\/santediabete.org\/wp-content\/uploads\/2019\/05\/santediabete-logo.png","width":311,"height":66,"caption":"ONG Sant\u00e9 Diab\u00e8te"},"image":{"@id":"https:\/\/santediabete.org\/#\/schema\/logo\/image\/"},"sameAs":["https:\/\/www.facebook.com\/ONGSantDiabte\/","https:\/\/x.com\/ongsantdiabte","https:\/\/www.instagram.com\/santediabeteofficiel\/","https:\/\/www.linkedin.com\/company\/ngo-sant\u00e9-diab\u00e8te\/","https:\/\/www.youtube.com\/channel\/UCTjyy-p0F6FSXjJ54nLXdVA"]}]}},"jetpack-related-posts":[],"jetpack_sharing_enabled":true,"_links":{"self":[{"href":"https:\/\/santediabete.org\/en_en\/wp-json\/wp\/v2\/pages\/25","targetHints":{"allow":["GET"]}}],"collection":[{"href":"https:\/\/santediabete.org\/en_en\/wp-json\/wp\/v2\/pages"}],"about":[{"href":"https:\/\/santediabete.org\/en_en\/wp-json\/wp\/v2\/types\/page"}],"author":[{"embeddable":true,"href":"https:\/\/santediabete.org\/en_en\/wp-json\/wp\/v2\/users\/3"}],"replies":[{"embeddable":true,"href":"https:\/\/santediabete.org\/en_en\/wp-json\/wp\/v2\/comments?post=25"}],"version-history":[{"count":0,"href":"https:\/\/santediabete.org\/en_en\/wp-json\/wp\/v2\/pages\/25\/revisions"}],"wp:attachment":[{"href":"https:\/\/santediabete.org\/en_en\/wp-json\/wp\/v2\/media?parent=25"}],"curies":[{"name":"wp","href":"https:\/\/api.w.org\/{rel}","templated":true}]}}