{"id":23170,"date":"2026-05-04T09:34:10","date_gmt":"2026-05-04T07:34:10","guid":{"rendered":"https:\/\/santediabete.org\/?page_id=23170"},"modified":"2026-05-13T19:06:37","modified_gmt":"2026-05-13T17:06:37","slug":"formation-nutrition","status":"publish","type":"page","link":"https:\/\/santediabete.org\/en_en\/formation-nutrition\/","title":{"rendered":"Nutrition et diab\u00e8te de type 2 en Afrique"},"content":{"rendered":"<div class=\"passster-form\" id=\"ps-840\">\n    <form class=\"password-form\" method=\"post\" autocomplete=\"off\" target=\"_top\">\n        <h1 class=\"ps-form-headline\">Zone prot\u00e9g\u00e9e<\/h1>\n        <div class=\"ps-form-instructions-wrap\">Ce contenu est prot\u00e9g\u00e9 par un mot de passe. Veuillez vous authentifier avec le mot de passe pour le d\u00e9verrouiller.<br><br><\/div>\n        <fieldset>\n            <span class=\"ps-loader\" style=\"display:none;\"><img decoding=\"async\" src=\"https:\/\/santediabete.org\/wp-content\/plugins\/content-protector\/assets\/public\/ps-loader.svg\" alt=\"\" \/><\/span>\n            <label for=\"input-ps-840\" style=\"display:none;\" class=\"passster-hidden\">Enter your password<\/label>\n            <input placeholder=\"Saisissez le mot de passe...\" type=\"password\" tabindex=\"1\" name=\"passster_password\"\n                   id=\"input-ps-840\" class=\"passster-password\" autocomplete=\"off\"\n                   data-protection-type=\"password\" data-list=\"[PASSSTER_LIST]\" data-lists=\"[PASSSTER_LISTS]\" data-area=\"[PASSSTER_AREA]\"\n                   data-protection=\"full\">\n            <label for=\"passster-password-hint\"><input name=\"passster-password-hint\" id=\"passster-password-hint\" type=\"checkbox\" onclick=\"showPassword()\"\/> Show Password<\/label>\n            <button name=\"submit\" type=\"submit\" class=\"passster-submit\" data-psid=\"ps-840\" data-post-id=\"23170\" data-term-id=\"0\" \n                    data-submit=\"...Checking Password\" data-redirect=\"\">DEBLOQUEZ L&#039;ACCES\n            <\/button>\n            <div class=\"passster-error\"><\/div>\n        <\/fieldset>\n    <\/form>\n<\/div>\n","protected":false},"excerpt":{"rendered":"<div class=\"passster-form\" id=\"ps-840\">\n<form class=\"password-form\" method=\"post\" autocomplete=\"off\" target=\"_top\">\n<h1 class=\"ps-form-headline\">Zone prot\u00e9g\u00e9e<\/h1>\n<div class=\"ps-form-instructions-wrap\">Ce contenu est prot\u00e9g\u00e9 par un mot de passe. Veuillez vous authentifier avec le mot de passe pour le d\u00e9verrouiller.<\/p>\n<\/div>\n<fieldset>\n            <span class=\"ps-loader\" style=\"display:none;\"><img decoding=\"async\" src=\"https:\/\/santediabete.org\/wp-content\/plugins\/content-protector\/assets\/public\/ps-loader.svg\" alt=\"\" \/><\/span><br \/>\n            <label for=\"input-ps-840\" style=\"display:none;\" class=\"passster-hidden\">Enter your password<\/label><br \/>\n            <input placeholder=\"Saisissez le mot de passe...\" type=\"password\" tabindex=\"1\" name=\"passster_password\"\n                   id=\"input-ps-840\" class=\"passster-password\" autocomplete=\"off\"\n                   data-protection-type=\"password\" data-list=\"[PASSSTER_LIST]\" data-lists=\"[PASSSTER_LISTS]\" data-area=\"[PASSSTER_AREA]\"\n                   data-protection=\"full\"><br \/>\n            <label for=\"passster-password-hint\"><input name=\"passster-password-hint\" id=\"passster-password-hint\" type=\"checkbox\" onclick=\"showPassword()\"\/> Show Password<\/label><br \/>\n            <button name=\"submit\" type=\"submit\" class=\"passster-submit\" data-psid=\"ps-840\" data-post-id=\"23170\" data-term-id=\"0\" \n                    data-submit=\"...Checking Password\" data-redirect=\"\">DEBLOQUEZ L&#039;ACCES<br \/>\n            <\/button><\/p>\n<div class=\"passster-error\"><\/div>\n<\/fieldset><\/form>\n<\/div>\n","protected":false},"author":10,"featured_media":0,"parent":0,"menu_order":13,"comment_status":"closed","ping_status":"closed","template":"","meta":{"footnotes":""},"class_list":["post-23170","page","type-page","status-publish","hentry"],"yoast_head":"<!-- This site is optimized with the Yoast SEO plugin v27.5 - https:\/\/yoast.com\/product\/yoast-seo-wordpress\/ -->\n<title>Nutrition et diab\u00e8te de type 2 en Afrique &#8211; Sant\u00e9 Diab\u00e8te<\/title>\n<meta name=\"robots\" content=\"index, follow, max-snippet:-1, max-image-preview:large, max-video-preview:-1\" \/>\n<link rel=\"canonical\" href=\"https:\/\/santediabete.org\/en_en\/formation-nutrition\/\" \/>\n<meta property=\"og:locale\" content=\"en_GB\" \/>\n<meta property=\"og:type\" content=\"article\" \/>\n<meta property=\"og:title\" content=\"Nutrition et diab\u00e8te de type 2 en Afrique &#8211; Sant\u00e9 Diab\u00e8te\" \/>\n<meta property=\"og:description\" content=\"Zone prot\u00e9g\u00e9e     Ce contenu est prot\u00e9g\u00e9 par un mot de passe. Veuillez vous authentifier avec le mot de passe pour le d\u00e9verrouiller.                  Enter your password              Show Password       DEBLOQUEZ L&#039;ACCES\" \/>\n<meta property=\"og:url\" content=\"https:\/\/santediabete.org\/en_en\/formation-nutrition\/\" \/>\n<meta property=\"og:site_name\" content=\"Sant\u00e9 Diab\u00e8te\" \/>\n<meta property=\"article:publisher\" content=\"https:\/\/www.facebook.com\/ONGSantDiabte\/\" \/>\n<meta property=\"article:modified_time\" content=\"2026-05-13T17:06:37+00:00\" \/>\n<meta property=\"og:image\" content=\"https:\/\/santediabete.org\/index.php?gf-download=449243888.png&#038;form-id=captcha&#038;field-id=5&#038;hash=da7036115a059bf4952555fe18c844dc72c9e9c881c4675010f2439a9954f421\" \/>\n<meta name=\"twitter:card\" content=\"summary_large_image\" \/>\n<meta name=\"twitter:site\" content=\"@ongsantdiabte\" \/>\n<meta name=\"twitter:label1\" content=\"Estimated reading time\" \/>\n\t<meta name=\"twitter:data1\" content=\"4 minutes\" \/>\n<script type=\"application\/ld+json\" class=\"yoast-schema-graph\">{\"@context\":\"https:\\\/\\\/schema.org\",\"@graph\":[{\"@type\":\"WebPage\",\"@id\":\"https:\\\/\\\/santediabete.org\\\/formation-nutrition\\\/\",\"url\":\"https:\\\/\\\/santediabete.org\\\/formation-nutrition\\\/\",\"name\":\"Nutrition et diab\u00e8te de type 2 en Afrique &#8211; Sant\u00e9 Diab\u00e8te\",\"isPartOf\":{\"@id\":\"https:\\\/\\\/santediabete.org\\\/#website\"},\"primaryImageOfPage\":{\"@id\":\"https:\\\/\\\/santediabete.org\\\/formation-nutrition\\\/#primaryimage\"},\"image\":{\"@id\":\"https:\\\/\\\/santediabete.org\\\/formation-nutrition\\\/#primaryimage\"},\"thumbnailUrl\":\"https:\\\/\\\/santediabete.org\\\/index.php?gf-download=449243888.png&#038;form-id=captcha&#038;field-id=5&#038;hash=da7036115a059bf4952555fe18c844dc72c9e9c881c4675010f2439a9954f421\",\"datePublished\":\"2026-05-04T07:34:10+00:00\",\"dateModified\":\"2026-05-13T17:06:37+00:00\",\"breadcrumb\":{\"@id\":\"https:\\\/\\\/santediabete.org\\\/formation-nutrition\\\/#breadcrumb\"},\"inLanguage\":\"en-GB\",\"potentialAction\":[{\"@type\":\"ReadAction\",\"target\":[\"https:\\\/\\\/santediabete.org\\\/formation-nutrition\\\/\"]}]},{\"@type\":\"ImageObject\",\"inLanguage\":\"en-GB\",\"@id\":\"https:\\\/\\\/santediabete.org\\\/formation-nutrition\\\/#primaryimage\",\"url\":\"https:\\\/\\\/santediabete.org\\\/index.php?gf-download=449243888.png&#038;form-id=captcha&#038;field-id=5&#038;hash=da7036115a059bf4952555fe18c844dc72c9e9c881c4675010f2439a9954f421\",\"contentUrl\":\"https:\\\/\\\/santediabete.org\\\/index.php?gf-download=449243888.png&#038;form-id=captcha&#038;field-id=5&#038;hash=da7036115a059bf4952555fe18c844dc72c9e9c881c4675010f2439a9954f421\"},{\"@type\":\"BreadcrumbList\",\"@id\":\"https:\\\/\\\/santediabete.org\\\/formation-nutrition\\\/#breadcrumb\",\"itemListElement\":[{\"@type\":\"ListItem\",\"position\":1,\"name\":\"Accueil\",\"item\":\"https:\\\/\\\/santediabete.org\\\/\"},{\"@type\":\"ListItem\",\"position\":2,\"name\":\"Nutrition et diab\u00e8te de type 2 en Afrique\"}]},{\"@type\":\"WebSite\",\"@id\":\"https:\\\/\\\/santediabete.org\\\/#website\",\"url\":\"https:\\\/\\\/santediabete.org\\\/\",\"name\":\"ONG Sante Diab\u00e8te\",\"description\":\"Innover ensemble pour lutter contre le diab\u00e8te en Afrique\",\"publisher\":{\"@id\":\"https:\\\/\\\/santediabete.org\\\/#organization\"},\"potentialAction\":[{\"@type\":\"SearchAction\",\"target\":{\"@type\":\"EntryPoint\",\"urlTemplate\":\"https:\\\/\\\/santediabete.org\\\/?s={search_term_string}\"},\"query-input\":{\"@type\":\"PropertyValueSpecification\",\"valueRequired\":true,\"valueName\":\"search_term_string\"}}],\"inLanguage\":\"en-GB\"},{\"@type\":\"Organization\",\"@id\":\"https:\\\/\\\/santediabete.org\\\/#organization\",\"name\":\"ONG Sant\u00e9 Diab\u00e8te\",\"url\":\"https:\\\/\\\/santediabete.org\\\/\",\"logo\":{\"@type\":\"ImageObject\",\"inLanguage\":\"en-GB\",\"@id\":\"https:\\\/\\\/santediabete.org\\\/#\\\/schema\\\/logo\\\/image\\\/\",\"url\":\"https:\\\/\\\/santediabete.org\\\/wp-content\\\/uploads\\\/2019\\\/05\\\/santediabete-logo.png\",\"contentUrl\":\"https:\\\/\\\/santediabete.org\\\/wp-content\\\/uploads\\\/2019\\\/05\\\/santediabete-logo.png\",\"width\":311,\"height\":66,\"caption\":\"ONG Sant\u00e9 Diab\u00e8te\"},\"image\":{\"@id\":\"https:\\\/\\\/santediabete.org\\\/#\\\/schema\\\/logo\\\/image\\\/\"},\"sameAs\":[\"https:\\\/\\\/www.facebook.com\\\/ONGSantDiabte\\\/\",\"https:\\\/\\\/x.com\\\/ongsantdiabte\",\"https:\\\/\\\/www.instagram.com\\\/santediabeteofficiel\\\/\",\"https:\\\/\\\/www.linkedin.com\\\/company\\\/ngo-sant\u00e9-diab\u00e8te\\\/\",\"https:\\\/\\\/www.youtube.com\\\/channel\\\/UCTjyy-p0F6FSXjJ54nLXdVA\"]}]}<\/script>\n<!-- \/ Yoast SEO plugin. -->","yoast_head_json":{"title":"Nutrition et diab\u00e8te de type 2 en Afrique &#8211; Sant\u00e9 Diab\u00e8te","robots":{"index":"index","follow":"follow","max-snippet":"max-snippet:-1","max-image-preview":"max-image-preview:large","max-video-preview":"max-video-preview:-1"},"canonical":"https:\/\/santediabete.org\/en_en\/formation-nutrition\/","og_locale":"en_GB","og_type":"article","og_title":"Nutrition et diab\u00e8te de type 2 en Afrique &#8211; Sant\u00e9 Diab\u00e8te","og_description":"Zone prot\u00e9g\u00e9e     Ce contenu est prot\u00e9g\u00e9 par un mot de passe. Veuillez vous authentifier avec le mot de passe pour le d\u00e9verrouiller.                  Enter your password              Show Password       DEBLOQUEZ L&#039;ACCES","og_url":"https:\/\/santediabete.org\/en_en\/formation-nutrition\/","og_site_name":"Sant\u00e9 Diab\u00e8te","article_publisher":"https:\/\/www.facebook.com\/ONGSantDiabte\/","article_modified_time":"2026-05-13T17:06:37+00:00","og_image":[{"url":"https:\/\/santediabete.org\/index.php?gf-download=449243888.png&#038;form-id=captcha&#038;field-id=5&#038;hash=da7036115a059bf4952555fe18c844dc72c9e9c881c4675010f2439a9954f421","type":"","width":"","height":""}],"twitter_card":"summary_large_image","twitter_site":"@ongsantdiabte","twitter_misc":{"Estimated reading time":"4 minutes"},"schema":{"@context":"https:\/\/schema.org","@graph":[{"@type":"WebPage","@id":"https:\/\/santediabete.org\/formation-nutrition\/","url":"https:\/\/santediabete.org\/formation-nutrition\/","name":"Nutrition et diab\u00e8te de type 2 en Afrique &#8211; Sant\u00e9 Diab\u00e8te","isPartOf":{"@id":"https:\/\/santediabete.org\/#website"},"primaryImageOfPage":{"@id":"https:\/\/santediabete.org\/formation-nutrition\/#primaryimage"},"image":{"@id":"https:\/\/santediabete.org\/formation-nutrition\/#primaryimage"},"thumbnailUrl":"https:\/\/santediabete.org\/index.php?gf-download=449243888.png&#038;form-id=captcha&#038;field-id=5&#038;hash=da7036115a059bf4952555fe18c844dc72c9e9c881c4675010f2439a9954f421","datePublished":"2026-05-04T07:34:10+00:00","dateModified":"2026-05-13T17:06:37+00:00","breadcrumb":{"@id":"https:\/\/santediabete.org\/formation-nutrition\/#breadcrumb"},"inLanguage":"en-GB","potentialAction":[{"@type":"ReadAction","target":["https:\/\/santediabete.org\/formation-nutrition\/"]}]},{"@type":"ImageObject","inLanguage":"en-GB","@id":"https:\/\/santediabete.org\/formation-nutrition\/#primaryimage","url":"https:\/\/santediabete.org\/index.php?gf-download=449243888.png&#038;form-id=captcha&#038;field-id=5&#038;hash=da7036115a059bf4952555fe18c844dc72c9e9c881c4675010f2439a9954f421","contentUrl":"https:\/\/santediabete.org\/index.php?gf-download=449243888.png&#038;form-id=captcha&#038;field-id=5&#038;hash=da7036115a059bf4952555fe18c844dc72c9e9c881c4675010f2439a9954f421"},{"@type":"BreadcrumbList","@id":"https:\/\/santediabete.org\/formation-nutrition\/#breadcrumb","itemListElement":[{"@type":"ListItem","position":1,"name":"Accueil","item":"https:\/\/santediabete.org\/"},{"@type":"ListItem","position":2,"name":"Nutrition et diab\u00e8te de type 2 en Afrique"}]},{"@type":"WebSite","@id":"https:\/\/santediabete.org\/#website","url":"https:\/\/santediabete.org\/","name":"ONG Sante Diab\u00e8te","description":"Innover ensemble pour lutter contre le diab\u00e8te en Afrique","publisher":{"@id":"https:\/\/santediabete.org\/#organization"},"potentialAction":[{"@type":"SearchAction","target":{"@type":"EntryPoint","urlTemplate":"https:\/\/santediabete.org\/?s={search_term_string}"},"query-input":{"@type":"PropertyValueSpecification","valueRequired":true,"valueName":"search_term_string"}}],"inLanguage":"en-GB"},{"@type":"Organization","@id":"https:\/\/santediabete.org\/#organization","name":"NGO Sant\u00e9 Diab\u00e8te","url":"https:\/\/santediabete.org\/","logo":{"@type":"ImageObject","inLanguage":"en-GB","@id":"https:\/\/santediabete.org\/#\/schema\/logo\/image\/","url":"https:\/\/santediabete.org\/wp-content\/uploads\/2019\/05\/santediabete-logo.png","contentUrl":"https:\/\/santediabete.org\/wp-content\/uploads\/2019\/05\/santediabete-logo.png","width":311,"height":66,"caption":"ONG Sant\u00e9 Diab\u00e8te"},"image":{"@id":"https:\/\/santediabete.org\/#\/schema\/logo\/image\/"},"sameAs":["https:\/\/www.facebook.com\/ONGSantDiabte\/","https:\/\/x.com\/ongsantdiabte","https:\/\/www.instagram.com\/santediabeteofficiel\/","https:\/\/www.linkedin.com\/company\/ngo-sant\u00e9-diab\u00e8te\/","https:\/\/www.youtube.com\/channel\/UCTjyy-p0F6FSXjJ54nLXdVA"]}]}},"jetpack-related-posts":[],"jetpack_sharing_enabled":true,"_links":{"self":[{"href":"https:\/\/santediabete.org\/en_en\/wp-json\/wp\/v2\/pages\/23170","targetHints":{"allow":["GET"]}}],"collection":[{"href":"https:\/\/santediabete.org\/en_en\/wp-json\/wp\/v2\/pages"}],"about":[{"href":"https:\/\/santediabete.org\/en_en\/wp-json\/wp\/v2\/types\/page"}],"author":[{"embeddable":true,"href":"https:\/\/santediabete.org\/en_en\/wp-json\/wp\/v2\/users\/10"}],"replies":[{"embeddable":true,"href":"https:\/\/santediabete.org\/en_en\/wp-json\/wp\/v2\/comments?post=23170"}],"version-history":[{"count":12,"href":"https:\/\/santediabete.org\/en_en\/wp-json\/wp\/v2\/pages\/23170\/revisions"}],"predecessor-version":[{"id":23220,"href":"https:\/\/santediabete.org\/en_en\/wp-json\/wp\/v2\/pages\/23170\/revisions\/23220"}],"wp:attachment":[{"href":"https:\/\/santediabete.org\/en_en\/wp-json\/wp\/v2\/media?parent=23170"}],"curies":[{"name":"wp","href":"https:\/\/api.w.org\/{rel}","templated":true}]}}