{"id":21,"date":"2019-05-13T09:46:45","date_gmt":"2019-05-13T07:46:45","guid":{"rendered":"https:\/\/santediabete.labubulle.com\/?page_id=21"},"modified":"2025-05-06T16:41:33","modified_gmt":"2025-05-06T14:41:33","slug":"mieux-vivre-avec-son-diabete","status":"publish","type":"page","link":"https:\/\/santediabete.org\/en_en\/mieux-vivre-avec-son-diabete\/","title":{"rendered":"Live better with diabetes"},"content":{"rendered":"<h1>\n\t\t\n\t<\/h1>\n\t<p>In this section, discover inspiring testimonials and practical tips for living better with <a href=\"https:\/\/santediabete.org\/en_en\/le-diabete\/\">diabetes<\/a> day by day.<\/p>\n<h2>Videos<\/h2>\n<p>Recette de la pr\u00e9paration d&rsquo;une sauce arachide plus saine.<\/p>\n<p><iframe title=\"Video pr\u00e9paration sauce arachide di\u00e9t\u00e9tique\" width=\"500\" height=\"281\" src=\"https:\/\/www.youtube.com\/embed\/Rr7nJqvhEns?feature=oembed\" frameborder=\"0\" allow=\"accelerometer; autoplay; clipboard-write; encrypted-media; gyroscope; picture-in-picture; web-share\" referrerpolicy=\"strict-origin-when-cross-origin\" allowfullscreen><\/iframe><\/p>\n\t<h2>Testimony<\/h2>\n<p>Journ\u00e9e d&rsquo;\u00e9ducation th\u00e9rapeutique pour les jeunes vivant avec un diab\u00e8te de type 1 (2016).<\/p>\n<p><iframe title=\"Vivre avec un diab\u00e8te de type 1 au Mali : journ\u00e9e d\u2019\u00e9ducation pour les enfants\" width=\"500\" height=\"281\" src=\"https:\/\/www.youtube.com\/embed\/d_pvIzp6_EU?feature=oembed\" frameborder=\"0\" allow=\"accelerometer; autoplay; clipboard-write; encrypted-media; gyroscope; picture-in-picture; web-share\" referrerpolicy=\"strict-origin-when-cross-origin\" allowfullscreen><\/iframe><\/p>\n<p>&nbsp;<\/p>\n<p>&nbsp;<\/p>\n\t<h3>DIET<\/h3>\n<ul>\n<li>Foods and nutrients<\/li>\n<li>To buy food<\/li>\n<li>Food recipes<\/li>\n<\/ul>\n\t<h3>PHYSICAL ACTIVITY<\/h3>\n<ul>\n<li>Benefits<\/li>\n<li>Tips for adapted physical activity<\/li>\n<\/ul>\n\t<h3>Medical support<\/h3>\n<ul>\n<li>Medicines<\/li>\n<li>Self-monitoring<\/li>\n<li>Hypoglycemia and hyperglycemia<\/li>\n<li>Weight management<\/li>\n<li>Foot care<\/li>\n<\/ul>\n\t<h3>MENTAL HEALTH<\/h3>\n<ul>\n<li>Stress management<\/li>\n<li>Entourage<\/li>\n<li>Mental Health<\/li>\n<li>Role of family<\/li>\n<\/ul>\n\t<p>Nous souhaitons d\u00e9velopper cette partie avec vos t\u00e9moignages, vos exp\u00e9riences (comment mieux faire ces courses ? des recettes de cuisines adapt\u00e9es &#8230;) que l&rsquo;on agr\u00e9mentera de conseils th\u00e9oriques et pratiques.<\/p>\n<p>Si vous avez un t\u00e9moignage ou une exp\u00e9rience \u00e0 partager sur un ou plusieurs des th\u00e8mes ci-dessus, n&rsquo;h\u00e9sitez pas \u00e0 nous les envoyer \u00e0 <a href=\"mailto:contact@santediabete.org\">contact@santediabete.org<\/a><\/p>","protected":false},"excerpt":{"rendered":"<p>Dans cette rubrique, d\u00e9couvrez des t\u00e9moignages inspirants et des conseils pratiques pour mieux vivre avec le diab\u00e8te au quotidien. Vid\u00e9o Recette de la pr\u00e9paration d&rsquo;une sauce arachide plus saine. T\u00e9moignages Journ\u00e9e d&rsquo;\u00e9ducation th\u00e9rapeutique pour les jeunes vivant avec un diab\u00e8te de type 1 (2016). &nbsp; &nbsp; Alimentation Aliments et nutriments Faire ses courses Recettes de&hellip;<\/p>","protected":false},"author":3,"featured_media":0,"parent":0,"menu_order":7,"comment_status":"closed","ping_status":"closed","template":"","meta":{"footnotes":""},"class_list":["post-21","page","type-page","status-publish","hentry"],"yoast_head":"<!-- This site is optimized with the Yoast SEO plugin v26.7 - https:\/\/yoast.com\/wordpress\/plugins\/seo\/ -->\n<title>Mieux vivre avec son diab\u00e8te &#8211; Sant\u00e9 Diab\u00e8te<\/title>\n<meta name=\"robots\" content=\"index, follow, max-snippet:-1, max-image-preview:large, max-video-preview:-1\" \/>\n<link rel=\"canonical\" href=\"https:\/\/santediabete.org\/en_en\/mieux-vivre-avec-son-diabete\/\" \/>\n<meta property=\"og:locale\" content=\"en_GB\" \/>\n<meta property=\"og:type\" content=\"article\" \/>\n<meta property=\"og:title\" content=\"Mieux vivre avec son diab\u00e8te &#8211; Sant\u00e9 Diab\u00e8te\" \/>\n<meta property=\"og:description\" content=\"Dans cette rubrique, d\u00e9couvrez des t\u00e9moignages inspirants et des conseils pratiques pour mieux vivre avec le diab\u00e8te au quotidien. Vid\u00e9o Recette de la pr\u00e9paration d&rsquo;une sauce arachide plus saine. T\u00e9moignages Journ\u00e9e d&rsquo;\u00e9ducation th\u00e9rapeutique pour les jeunes vivant avec un diab\u00e8te de type 1 (2016). &nbsp; &nbsp; Alimentation Aliments et nutriments Faire ses courses Recettes de&hellip;\" \/>\n<meta property=\"og:url\" content=\"https:\/\/santediabete.org\/en_en\/mieux-vivre-avec-son-diabete\/\" \/>\n<meta property=\"og:site_name\" content=\"Sant\u00e9 Diab\u00e8te\" \/>\n<meta property=\"article:publisher\" content=\"https:\/\/www.facebook.com\/ONGSantDiabte\/\" \/>\n<meta property=\"article:modified_time\" content=\"2025-05-06T14:41:33+00:00\" \/>\n<meta name=\"twitter:card\" content=\"summary_large_image\" \/>\n<meta name=\"twitter:site\" content=\"@ongsantdiabte\" \/>\n<meta name=\"twitter:label1\" content=\"Estimated reading time\" \/>\n\t<meta name=\"twitter:data1\" content=\"1 minute\" \/>\n<script type=\"application\/ld+json\" class=\"yoast-schema-graph\">{\"@context\":\"https:\/\/schema.org\",\"@graph\":[{\"@type\":\"WebPage\",\"@id\":\"https:\/\/santediabete.org\/mieux-vivre-avec-son-diabete\/\",\"url\":\"https:\/\/santediabete.org\/mieux-vivre-avec-son-diabete\/\",\"name\":\"Mieux vivre avec son diab\u00e8te &#8211; Sant\u00e9 Diab\u00e8te\",\"isPartOf\":{\"@id\":\"https:\/\/santediabete.org\/#website\"},\"datePublished\":\"2019-05-13T07:46:45+00:00\",\"dateModified\":\"2025-05-06T14:41:33+00:00\",\"breadcrumb\":{\"@id\":\"https:\/\/santediabete.org\/mieux-vivre-avec-son-diabete\/#breadcrumb\"},\"inLanguage\":\"en-GB\",\"potentialAction\":[{\"@type\":\"ReadAction\",\"target\":[\"https:\/\/santediabete.org\/mieux-vivre-avec-son-diabete\/\"]}]},{\"@type\":\"BreadcrumbList\",\"@id\":\"https:\/\/santediabete.org\/mieux-vivre-avec-son-diabete\/#breadcrumb\",\"itemListElement\":[{\"@type\":\"ListItem\",\"position\":1,\"name\":\"Accueil\",\"item\":\"https:\/\/santediabete.org\/\"},{\"@type\":\"ListItem\",\"position\":2,\"name\":\"Mieux vivre avec son diab\u00e8te\"}]},{\"@type\":\"WebSite\",\"@id\":\"https:\/\/santediabete.org\/#website\",\"url\":\"https:\/\/santediabete.org\/\",\"name\":\"ONG Sante Diab\u00e8te\",\"description\":\"Innover ensemble pour lutter contre le diab\u00e8te en Afrique\",\"publisher\":{\"@id\":\"https:\/\/santediabete.org\/#organization\"},\"potentialAction\":[{\"@type\":\"SearchAction\",\"target\":{\"@type\":\"EntryPoint\",\"urlTemplate\":\"https:\/\/santediabete.org\/?s={search_term_string}\"},\"query-input\":{\"@type\":\"PropertyValueSpecification\",\"valueRequired\":true,\"valueName\":\"search_term_string\"}}],\"inLanguage\":\"en-GB\"},{\"@type\":\"Organization\",\"@id\":\"https:\/\/santediabete.org\/#organization\",\"name\":\"ONG Sant\u00e9 Diab\u00e8te\",\"url\":\"https:\/\/santediabete.org\/\",\"logo\":{\"@type\":\"ImageObject\",\"inLanguage\":\"en-GB\",\"@id\":\"https:\/\/santediabete.org\/#\/schema\/logo\/image\/\",\"url\":\"https:\/\/santediabete.org\/wp-content\/uploads\/2019\/05\/santediabete-logo.png\",\"contentUrl\":\"https:\/\/santediabete.org\/wp-content\/uploads\/2019\/05\/santediabete-logo.png\",\"width\":311,\"height\":66,\"caption\":\"ONG Sant\u00e9 Diab\u00e8te\"},\"image\":{\"@id\":\"https:\/\/santediabete.org\/#\/schema\/logo\/image\/\"},\"sameAs\":[\"https:\/\/www.facebook.com\/ONGSantDiabte\/\",\"https:\/\/x.com\/ongsantdiabte\",\"https:\/\/www.instagram.com\/santediabeteofficiel\/\",\"https:\/\/www.linkedin.com\/company\/ngo-sant\u00e9-diab\u00e8te\/\",\"https:\/\/www.youtube.com\/channel\/UCTjyy-p0F6FSXjJ54nLXdVA\"]}]}<\/script>\n<!-- \/ Yoast SEO plugin. -->","yoast_head_json":{"title":"Mieux vivre avec son diab\u00e8te &#8211; Sant\u00e9 Diab\u00e8te","robots":{"index":"index","follow":"follow","max-snippet":"max-snippet:-1","max-image-preview":"max-image-preview:large","max-video-preview":"max-video-preview:-1"},"canonical":"https:\/\/santediabete.org\/en_en\/mieux-vivre-avec-son-diabete\/","og_locale":"en_GB","og_type":"article","og_title":"Mieux vivre avec son diab\u00e8te &#8211; Sant\u00e9 Diab\u00e8te","og_description":"Dans cette rubrique, d\u00e9couvrez des t\u00e9moignages inspirants et des conseils pratiques pour mieux vivre avec le diab\u00e8te au quotidien. Vid\u00e9o Recette de la pr\u00e9paration d&rsquo;une sauce arachide plus saine. T\u00e9moignages Journ\u00e9e d&rsquo;\u00e9ducation th\u00e9rapeutique pour les jeunes vivant avec un diab\u00e8te de type 1 (2016). &nbsp; &nbsp; Alimentation Aliments et nutriments Faire ses courses Recettes de&hellip;","og_url":"https:\/\/santediabete.org\/en_en\/mieux-vivre-avec-son-diabete\/","og_site_name":"Sant\u00e9 Diab\u00e8te","article_publisher":"https:\/\/www.facebook.com\/ONGSantDiabte\/","article_modified_time":"2025-05-06T14:41:33+00:00","twitter_card":"summary_large_image","twitter_site":"@ongsantdiabte","twitter_misc":{"Estimated reading time":"1 minute"},"schema":{"@context":"https:\/\/schema.org","@graph":[{"@type":"WebPage","@id":"https:\/\/santediabete.org\/mieux-vivre-avec-son-diabete\/","url":"https:\/\/santediabete.org\/mieux-vivre-avec-son-diabete\/","name":"Mieux vivre avec son diab\u00e8te &#8211; Sant\u00e9 Diab\u00e8te","isPartOf":{"@id":"https:\/\/santediabete.org\/#website"},"datePublished":"2019-05-13T07:46:45+00:00","dateModified":"2025-05-06T14:41:33+00:00","breadcrumb":{"@id":"https:\/\/santediabete.org\/mieux-vivre-avec-son-diabete\/#breadcrumb"},"inLanguage":"en-GB","potentialAction":[{"@type":"ReadAction","target":["https:\/\/santediabete.org\/mieux-vivre-avec-son-diabete\/"]}]},{"@type":"BreadcrumbList","@id":"https:\/\/santediabete.org\/mieux-vivre-avec-son-diabete\/#breadcrumb","itemListElement":[{"@type":"ListItem","position":1,"name":"Accueil","item":"https:\/\/santediabete.org\/"},{"@type":"ListItem","position":2,"name":"Mieux vivre avec son diab\u00e8te"}]},{"@type":"WebSite","@id":"https:\/\/santediabete.org\/#website","url":"https:\/\/santediabete.org\/","name":"ONG Sante Diab\u00e8te","description":"Innover ensemble pour lutter contre le diab\u00e8te en Afrique","publisher":{"@id":"https:\/\/santediabete.org\/#organization"},"potentialAction":[{"@type":"SearchAction","target":{"@type":"EntryPoint","urlTemplate":"https:\/\/santediabete.org\/?s={search_term_string}"},"query-input":{"@type":"PropertyValueSpecification","valueRequired":true,"valueName":"search_term_string"}}],"inLanguage":"en-GB"},{"@type":"Organization","@id":"https:\/\/santediabete.org\/#organization","name":"NGO Sant\u00e9 Diab\u00e8te","url":"https:\/\/santediabete.org\/","logo":{"@type":"ImageObject","inLanguage":"en-GB","@id":"https:\/\/santediabete.org\/#\/schema\/logo\/image\/","url":"https:\/\/santediabete.org\/wp-content\/uploads\/2019\/05\/santediabete-logo.png","contentUrl":"https:\/\/santediabete.org\/wp-content\/uploads\/2019\/05\/santediabete-logo.png","width":311,"height":66,"caption":"ONG Sant\u00e9 Diab\u00e8te"},"image":{"@id":"https:\/\/santediabete.org\/#\/schema\/logo\/image\/"},"sameAs":["https:\/\/www.facebook.com\/ONGSantDiabte\/","https:\/\/x.com\/ongsantdiabte","https:\/\/www.instagram.com\/santediabeteofficiel\/","https:\/\/www.linkedin.com\/company\/ngo-sant\u00e9-diab\u00e8te\/","https:\/\/www.youtube.com\/channel\/UCTjyy-p0F6FSXjJ54nLXdVA"]}]}},"jetpack-related-posts":[],"jetpack_sharing_enabled":true,"_links":{"self":[{"href":"https:\/\/santediabete.org\/en_en\/wp-json\/wp\/v2\/pages\/21","targetHints":{"allow":["GET"]}}],"collection":[{"href":"https:\/\/santediabete.org\/en_en\/wp-json\/wp\/v2\/pages"}],"about":[{"href":"https:\/\/santediabete.org\/en_en\/wp-json\/wp\/v2\/types\/page"}],"author":[{"embeddable":true,"href":"https:\/\/santediabete.org\/en_en\/wp-json\/wp\/v2\/users\/3"}],"replies":[{"embeddable":true,"href":"https:\/\/santediabete.org\/en_en\/wp-json\/wp\/v2\/comments?post=21"}],"version-history":[{"count":6,"href":"https:\/\/santediabete.org\/en_en\/wp-json\/wp\/v2\/pages\/21\/revisions"}],"predecessor-version":[{"id":22980,"href":"https:\/\/santediabete.org\/en_en\/wp-json\/wp\/v2\/pages\/21\/revisions\/22980"}],"wp:attachment":[{"href":"https:\/\/santediabete.org\/en_en\/wp-json\/wp\/v2\/media?parent=21"}],"curies":[{"name":"wp","href":"https:\/\/api.w.org\/{rel}","templated":true}]}}